{"id":33491,"date":"2025-03-31T11:52:45","date_gmt":"2025-03-31T11:52:45","guid":{"rendered":"https:\/\/purama.lt\/produktas\/ohgood-lazdyno-riesutu-ir-sokolado-baltymu-batonelis\/"},"modified":"2026-04-02T11:50:39","modified_gmt":"2026-04-02T09:50:39","slug":"ohgood-lazdu-riekstu-un-sokolades-olbaltumvielu-batonins","status":"publish","type":"product","link":"https:\/\/purama.lt\/lv\/produktas\/ohgood-lazdyno-riesutu-ir-sokolado-baltymu-batonelis\/","title":{"rendered":"OH!GOOD Lazdu riekstu un \u0161okol\u0101des prote\u012bna batoni\u0146\u0161"},"content":{"rendered":"<p><strong>Sast\u0101vda\u013cas:<\/strong> Olbaltumvielu mais\u012bjums (r\u012bsu un zir\u0146u olbaltumvielas), \u0161\u0137\u012bsto\u0161\u0101s \u0161\u0137iedrvielas (no tapiokas un agaves inul\u012bna), \u0161okol\u0101de (kakao, kakao sviests, eritritols), lazdu riekstu sviests, lazdu riekstu skaidi\u0146as, saulespu\u0137u skaidi\u0146as, saulespu\u0137u e\u013c\u013ca, dateles, gran\u0101t\u0101bolu s\u012brups, kakao pulveris, j\u016bras s\u0101ls.<br>Vitam\u012bni un miner\u0101lvielas: kalcijs, magnijs, C, E, B, D, K vitam\u012bni, koenz\u012bms Q10, cinks, sel\u0113ns, dzelzs, var\u0161, mang\u0101ns, jods, molibd\u0113ns un hroms.<br><strong>Bez lipek\u013ca, bez pievienot\u0101 cukura.<\/strong><\/p>\n\n\n\n<p><strong>Uzturv\u0113rt\u012bba (60 g):<\/strong> 222 kcal - Tauki 11 g (no tiem pies\u0101tin\u0101tie 2,9 g) - Og\u013chidr\u0101ti 5,6 g (cukurs 2,8 g) - \u0160\u0137iedrvielas 17 g - Olbaltumvielas 16 g - S\u0101ls 0,24 g<\/p>\n\n\n\n<p><strong>Vitam\u012bni un miner\u0101lvielas (60 g):<\/strong><br>A vitam\u012bns 113 \u03bcg - C 20 mg - D3 1,3 \u03bcg - K 21 \u03bcg - E 3,4 mg - B1 0,34 mg - B2 0,34 mg - B3 (niac\u012bns) 4,1 mg - Pantot\u0113nsk\u0101be 1,5 mg - B6 0,34 mg - Folijsk\u0101be 51 \u03bcg - B12 0.7 \u03bcg - biot\u012bns 13 \u03bcg - kalcijs 92 mg - cinks 2,2 mg - var\u0161 103 \u03bcg - dzelzs 3 mg - molibd\u0113ns 14 \u03bcg - jods 26 \u03bcg - hroms 11 \u03bcg - sel\u0113ns 19 \u03bcg - koenz\u012bms Q10 0,4 mg<\/p>","protected":false},"excerpt":{"rendered":"<p class=\"\" data-start=\"0\" data-end=\"99\"><strong>OH!GOOD prote\u012bna batoni\u0146\u0161 ar lazdu riekstiem un \u0161okol\u0101di<\/strong> - izcila gar\u0161a un v\u0113rt\u012bgs sast\u0101vs. <strong>Oh!Labs prote\u012bna batoni\u0146\u0161<\/strong> - ir veg\u0101nu prote\u012bna batoni\u0146\u0161, kas izstr\u0101d\u0101ts, \u0146emot v\u0113r\u0101 gar\u0161u un kvalit\u0101ti. T\u0101 pamat\u0101 ir krauk\u0161\u0137\u012bgi lazdu rieksti, maiga \u0161okol\u0101de un sabalans\u0113ta uzturvielu kombin\u0101cija, t\u0101p\u0113c katrs kumoss ir k\u0101 gar\u0161\u012bgs deserts, kas baro j\u016bsu \u0137ermeni. Ide\u0101li piem\u0113rots k\u0101 uzkoda starp \u0113dienreiz\u0113m vai viegls deserts jebkur\u0101 dienas laik\u0101. <strong>T\u0101fel\u012bt\u0113 ir daudz augu izcelsmes olbaltumvielu, \u0161\u0137iedrvielu, svar\u012bg\u0101ko vitam\u012bnu un miner\u0101lvielu.<\/strong>. Neskatoties uz zemo cukura saturu, tam ir bag\u0101t\u012bga, harmoniski sabalans\u0113ta gar\u0161a. \u0160\u012b uzkoda ir gar\u0161\u012bgs veids, k\u0101 papildin\u0101t ener\u0123iju, r\u016bp\u0113ties par uzturu un apmierin\u0101t saldumu v\u0113lmi, neapdraudot savus m\u0113r\u0137us. Gar\u0161a run\u0101 pati par sevi.<\/p>\n<p class=\"\" data-start=\"0\" data-end=\"45\"><strong>K\u0101p\u0113c izv\u0113l\u0113ties OH!GOOD prote\u012bna batoni\u0146u?<\/strong><\/p>\n<p class=\"\" data-start=\"47\" data-end=\"162\">\u2714\ufe0f Tikai 220 kcal - maz kaloriju<br data-start=\"79\" data-end=\"82\" \/>\u2714\ufe0f 16 g olbaltumvielu un 20 vitam\u012bni<br data-start=\"112\" data-end=\"115\" \/>\u2714\ufe0f Nav m\u0101ksl\u012bgo saldin\u0101t\u0101ju<br data-start=\"140\" data-end=\"143\" \/>\u2714\ufe0f 100 % veg\u0101ns<\/p>\n<p data-start=\"0\" data-end=\"99\">\u00a0<\/p>","protected":false},"featured_media":33498,"comment_status":"open","ping_status":"closed","template":"","meta":{"_acf_changed":false},"product_brand":[447],"product_cat":[60,297],"product_tag":[],"class_list":{"0":"post-33491","1":"product","2":"type-product","3":"status-publish","4":"has-post-thumbnail","6":"product_brand-ohgood","7":"product_cat-mitybai","8":"product_cat-baltyminiai-batoneliai","10":"first","11":"instock","12":"shipping-taxable","13":"purchasable","14":"product-type-simple"},"acf":[],"tiered_pricing_type":"fixed","tiered_pricing_fixed_rules":[],"tiered_pricing_product_settings":{"layout":"default","base_unit_name":{"singular":null,"plural":null},"default_variation":null},"tiered_pricing_minimum_quantity":null,"tiered_pricing_roles_data":[],"tiered_pricing_percentage_rules":[],"_links":{"self":[{"href":"https:\/\/purama.lt\/lv\/wp-json\/wp\/v2\/product\/33491","targetHints":{"allow":["GET"]}}],"collection":[{"href":"https:\/\/purama.lt\/lv\/wp-json\/wp\/v2\/product"}],"about":[{"href":"https:\/\/purama.lt\/lv\/wp-json\/wp\/v2\/types\/product"}],"replies":[{"embeddable":true,"href":"https:\/\/purama.lt\/lv\/wp-json\/wp\/v2\/comments?post=33491"}],"wp:featuredmedia":[{"embeddable":true,"href":"https:\/\/purama.lt\/lv\/wp-json\/wp\/v2\/media\/33498"}],"wp:attachment":[{"href":"https:\/\/purama.lt\/lv\/wp-json\/wp\/v2\/media?parent=33491"}],"wp:term":[{"taxonomy":"product_brand","embeddable":true,"href":"https:\/\/purama.lt\/lv\/wp-json\/wp\/v2\/product_brand?post=33491"},{"taxonomy":"product_cat","embeddable":true,"href":"https:\/\/purama.lt\/lv\/wp-json\/wp\/v2\/product_cat?post=33491"},{"taxonomy":"product_tag","embeddable":true,"href":"https:\/\/purama.lt\/lv\/wp-json\/wp\/v2\/product_tag?post=33491"}],"curies":[{"name":"wp","href":"https:\/\/api.w.org\/{rel}","templated":true}]}}