{"id":33490,"date":"2025-03-31T11:52:45","date_gmt":"2025-03-31T11:52:45","guid":{"rendered":"https:\/\/purama.lt\/produktas\/ohgood-zemes-riesutu-sviesto-baltymu-batonelis\/"},"modified":"2026-04-16T08:56:30","modified_gmt":"2026-04-16T06:56:30","slug":"ohgood-zemesriekstu-sviesta-olbaltumvielu-batonins","status":"publish","type":"product","link":"https:\/\/purama.lt\/lv\/produktas\/ohgood-zemes-riesutu-sviesto-baltymu-batonelis\/","title":{"rendered":"OH!GOOD Olbaltumvielu batoni\u0146\u0161 ar zemesriekstu sviestu"},"content":{"rendered":"<p><strong>K\u0101dam nol\u016bkam un kad to lietot?<\/strong><br><strong>OH!GOOD olbaltumvielu batoni\u0146\u0161<\/strong> ide\u0101ls k\u0101:<\/p>\n\n\n\n<ul class=\"wp-block-list\">\n<li>Vesel\u012bgas uzkodas starp \u0113dienreiz\u0113m<\/li>\n\n\n\n<li>Barojo\u0161a izv\u0113le p\u0113c treni\u0146a<\/li>\n\n\n\n<li>\u0100trs, bet sabalans\u0113ts deserts<\/li>\n\n\n\n<li>Ener\u0123ijas deva dienas vid\u016b, kad v\u0113laties ko gar\u0161\u012bgu un s\u0101t\u012bgu.<\/li>\n<\/ul>\n\n\n\n<p>Ide\u0101la izv\u0113le tiem, kas piekopj akt\u012bvu dz\u012bvesveidu, r\u016bp\u0113jas par savu vesel\u012bbu vai vienk\u0101r\u0161i v\u0113las gar\u0161\u012bgu uzkodu bez vainas apzi\u0146as.<\/p>\n\n\n\n<p><strong>Sast\u0101vs:<\/strong> Olbaltumvielu mais\u012bjums (r\u012bsu olbaltumvielas, zir\u0146u olbaltumvielas) 28 %, \u0161\u0137\u012bsto\u0161\u0101s \u0161\u0137iedrvielas no tapiokas cietes, agaves inul\u012bns*, \u0161okol\u0101de* (kakao*, kakao sviests*), eritritols* 25 %, zemesriekstu sviests* 11 %, saulespu\u0137u \u010dipsi* (saulespu\u0137u prote\u012bns* 75 %, r\u012bsu milti*), saulespu\u0137u e\u013c\u013ca, date\u013cu-pomegran\u0101tu s\u012brups (dateles, gran\u0101t\u0101bolu sula), j\u016bras s\u0101ls, kalcija karbon\u0101ts, magnija oks\u012bds, L-askorb\u012bnsk\u0101be, DL-alfa-tokoferilacet\u0101ts, dzelzs fumar\u0101ts, hroma hlor\u012bds, niac\u012bns, n\u0101trija molibd\u0101ts, k\u0101lija jod\u012bds, n\u0101trija selen\u012bts, cinka oks\u012bds, kalcija D-pantoten\u0101ts, retinila acet\u0101ts, cianokobalam\u012bns, vara glikon\u0101ts, holekalciferols, koenz\u012bms Q10, tiam\u012bna mononitr\u0101ts, flokvinons, piridoks\u012bna hidrohlor\u012bds, riboflav\u012bns, mang\u0101na sulf\u0101ts, pteroilmonoglutam\u012bnsk\u0101be, D-biot\u012bns, ps\u012blija mizi\u0146as*, saulespu\u0137u lecit\u012bns*, rozmar\u012bna ekstrakts*.<br>* No biolo\u0123isk\u0101s lauksaimniec\u012bbas.<br><br><\/p>","protected":false},"excerpt":{"rendered":"<p data-start=\"316\" data-end=\"430\"><strong data-start=\"320\" data-end=\"430\">OH!GOOD Peanut Butter Protein Bar - gar\u0161\u012bgs augu izcelsmes olbaltumvielu avots ar vitam\u012bnu kompleksu. <\/strong>Izbaudiet bez sirdsapzi\u0146as p\u0101rmetumiem - <strong data-start=\"467\" data-end=\"521\">OH!GOOD prote\u012bna batoni\u0146\u0161 ar zemesriekstu sviestu<\/strong> - ir augu izcelsmes uzkodas, kas paredz\u0113tas akt\u012bvam dz\u012bvesveidam un sabalans\u0113tam uzturam. T\u0101s sast\u0101v\u0101 ir <strong data-start=\"628\" data-end=\"654\">28 % Augu olbaltumvielas<\/strong> (r\u012bsi un zir\u0146i), <strong data-start=\"674\" data-end=\"704\">11 % Zemesriekstu sviests<\/strong>, <strong data-start=\"706\" data-end=\"741\">vitam\u012bnu un miner\u0101lvielu komplekss<\/strong>, un tikai dab\u012bg\u0101m, biolo\u0123iskaj\u0101 lauksaimniec\u012bb\u0101 ieg\u016bt\u0101m sast\u0101vda\u013c\u0101m. Batoni\u0146\u0161 ir bag\u0101tin\u0101ts ar <strong data-start=\"827\" data-end=\"855\">no tapiokas ieg\u016btas \u0161\u0137iedrvielas<\/strong>, <strong data-start=\"857\" data-end=\"874\">agaves inul\u012bns<\/strong>, <strong data-start=\"876\" data-end=\"917\">dab\u012bgie saldin\u0101t\u0101ji (eritritols).<\/strong>, <strong data-start=\"919\" data-end=\"965\">superprodukti, piem\u0113ram, date\u013cu un gran\u0101t\u0101bolu s\u012brups.<\/strong>, un <strong data-start=\"970\" data-end=\"993\">organisk\u0101 \u0161okol\u0101de<\/strong> (75 % kakao). T\u0101 ir ne tikai s\u0101t\u012bga, bet ar\u012b funkcion\u0101la uzkodu izv\u0113le.<\/p>\n<p data-start=\"669\" data-end=\"697\"><strong>K\u0101p\u0113c izv\u0113l\u0113ties?<br \/><\/strong>\u2714\ufe0f 100 % augu izcelsmes prote\u012bns - piem\u0113rots veg\u0101niem un ve\u0123et\u0101rie\u0161iem<br data-start=\"763\" data-end=\"766\" \/>\u2714\ufe0f Gar\u0161\u012bgas, s\u0101t\u012bgas un uzturviel\u0101m bag\u0101tas uzkodas.<br data-start=\"805\" data-end=\"808\" \/>\u2714\ufe0f Ide\u0101la izv\u0113le akt\u012bviem cilv\u0113kiem, tiem, kas tren\u0113jas vai dz\u012bvo aiz\u0146emtu dz\u012bvi.<br data-start=\"895\" data-end=\"898\" \/>\u2714\ufe0f Pal\u012bdz uztur\u0113t ener\u0123iju un ilgsto\u0161u s\u0101ta saj\u016btu.<br data-start=\"953\" data-end=\"956\" \/>\u2714\ufe0f Piem\u0113rots da\u017e\u0101d\u0101m di\u0113t\u0101m - gan svara zudumam, gan musku\u013cu veido\u0161anai.<br data-start=\"1031\" data-end=\"1034\" \/>\u2714\ufe0f Bez pievienot\u0101 cukura un dz\u012bvnieku izcelsmes sast\u0101vda\u013c\u0101m<\/p>","protected":false},"featured_media":33504,"comment_status":"open","ping_status":"closed","template":"","meta":{"_acf_changed":false},"product_brand":[447],"product_cat":[60,297,500],"product_tag":[],"class_list":{"0":"post-33490","1":"product","2":"type-product","3":"status-publish","4":"has-post-thumbnail","6":"product_brand-ohgood","7":"product_cat-mitybai","8":"product_cat-baltyminiai-batoneliai","9":"product_cat-outlet","11":"first","12":"instock","13":"sale","14":"shipping-taxable","15":"purchasable","16":"product-type-simple"},"acf":[],"tiered_pricing_type":"fixed","tiered_pricing_fixed_rules":[],"tiered_pricing_product_settings":{"layout":"default","base_unit_name":{"singular":null,"plural":null},"default_variation":null},"tiered_pricing_minimum_quantity":null,"tiered_pricing_roles_data":[],"tiered_pricing_percentage_rules":[],"_links":{"self":[{"href":"https:\/\/purama.lt\/lv\/wp-json\/wp\/v2\/product\/33490","targetHints":{"allow":["GET"]}}],"collection":[{"href":"https:\/\/purama.lt\/lv\/wp-json\/wp\/v2\/product"}],"about":[{"href":"https:\/\/purama.lt\/lv\/wp-json\/wp\/v2\/types\/product"}],"replies":[{"embeddable":true,"href":"https:\/\/purama.lt\/lv\/wp-json\/wp\/v2\/comments?post=33490"}],"wp:featuredmedia":[{"embeddable":true,"href":"https:\/\/purama.lt\/lv\/wp-json\/wp\/v2\/media\/33504"}],"wp:attachment":[{"href":"https:\/\/purama.lt\/lv\/wp-json\/wp\/v2\/media?parent=33490"}],"wp:term":[{"taxonomy":"product_brand","embeddable":true,"href":"https:\/\/purama.lt\/lv\/wp-json\/wp\/v2\/product_brand?post=33490"},{"taxonomy":"product_cat","embeddable":true,"href":"https:\/\/purama.lt\/lv\/wp-json\/wp\/v2\/product_cat?post=33490"},{"taxonomy":"product_tag","embeddable":true,"href":"https:\/\/purama.lt\/lv\/wp-json\/wp\/v2\/product_tag?post=33490"}],"curies":[{"name":"wp","href":"https:\/\/api.w.org\/{rel}","templated":true}]}}