{"id":33396,"date":"2025-03-28T07:18:22","date_gmt":"2025-03-28T07:18:22","guid":{"rendered":"https:\/\/purama.lt\/produktas\/zinzino-viva-maisto-papildas-streso-mazinimui\/"},"modified":"2026-03-02T16:08:53","modified_gmt":"2026-03-02T14:08:53","slug":"zinzino-viva-uztura-bagatinatajs-stresa-mazinasanai","status":"publish","type":"product","link":"https:\/\/purama.lt\/lv\/produktas\/zinzino-viva-maisto-papildas-streso-mazinimui\/","title":{"rendered":"Zinzino Viva+ Uztura bag\u0101tin\u0101t\u0101js stresa mazin\u0101\u0161anai"},"content":{"rendered":"<p><strong>Pat\u0113ri\u0146\u0161:<\/strong><\/p>\n\n\n\n<p>B\u0113rniem no 4 gadu vecuma - 1-4 tabletes dien\u0101, b\u0113rniem no 12 gadu vecuma un pieaugu\u0161ajiem - 1-8 tabletes dien\u0101. Nep\u0101rsniedziet ieteicamo devu. Uztura bag\u0101tin\u0101t\u0101js neaizst\u0101j daudzveid\u012bgu un sabalans\u0113tu uzturu.<\/p>\n\n\n\n<p><strong>Zinzino Viva+<\/strong> Tas ir dzi\u013c\u0101ks nek\u0101 parastie uztura bag\u0101tin\u0101t\u0101ji pret stresu - tas ir izstr\u0101d\u0101ts, lai atbalst\u012btu nervu sist\u0113mu, uzlabotu garast\u0101vokli, koncentr\u0113\u0161an\u0101s sp\u0113jas un emocion\u0101lo l\u012bdzsvaru, balstoties uz m\u016bsdienu sasniegumiem neirozin\u0101tn\u0113.<\/p>\n\n\n\n<p>Sast\u0101v\u0101 eso\u0161\u0101 formula <em>affron\u00ae<\/em> - ir augstas kvalit\u0101tes sp\u0101\u0146u safr\u0101na ekstrakts, kas standartiz\u0113ts, lai noteiktu t\u0101 augsti koncentr\u0113t\u0101s bioakt\u012bv\u0101s sast\u0101vda\u013cas: kroc\u012bnu un safron\u0101lu. P\u0113t\u012bjumi liecina, ka \u0161\u012bs vielas var veicin\u0101t neiromediatoru aktivit\u0101ti un stimul\u0113t smadze\u0146u olbaltumvielu, kas atbild\u012bgas par labsaj\u016btu, darb\u012bbu.<\/p>\n\n\n\n<p>At\u0161\u0137ir\u012bb\u0101 no vairuma safr\u0101na ekstraktu, <em>affron\u00ae<\/em> nav nepiecie\u0161ama termiska vai radi\u0101cijas apstr\u0101de, kas saglab\u0101 visas t\u0101s labv\u0113l\u012bg\u0101s \u012bpa\u0161\u012bbas.<\/p>\n\n\n\n<p>Kop\u0101 ar C vitam\u012bnu, magniju un jodu Viva+ pal\u012bdz:<br>- uztur norm\u0101lu nervu un kognit\u012bvo funkciju.<br>- mazina nogurumu un miegain\u012bbu.<br>- uzlabot psiholo\u0123isko labsaj\u016btu un notur\u012bbu pret ikdienas stresu.<\/p>\n\n\n\n<p>Viva+ ir dabiska un efekt\u012bva izv\u0113le lab\u0101kai pa\u0161saj\u016btai, miegam un emocion\u0101lajam l\u012bdzsvaram.<\/p>\n\n\n\n<p><strong>Sast\u0101vda\u013cas:<\/strong> pildviela (\u017eelatiniz\u0113ta kukur\u016bzas ciete, beta-ciklodekstr\u012bns no manioka), j\u016bras magnijs, C vitam\u012bns (no Malpighia glabra), safr\u0101na ekstrakts (<em>Crocus sativus<\/em>), viskozit\u0101ti regul\u0113jo\u0161as vielas (stear\u012bnsk\u0101be, r\u012bsu s\u0113nalu ekstrakts, r\u012bsu koncentr\u0101ts), B grupas vitam\u012bni (no gri\u0137u d\u012bgstiem), k\u0101lija jod\u012bds.<\/p>\n\n\n\n<p><strong>Uztura v\u0113rt\u012bba (2 tabletes):<\/strong> C vitam\u012bns - 12 mg (15 % RMV), jods - 23 \u00b5g (15 % RMV), magnijs - 56 mg (15 % RMV), safr\u0101na ekstrakts - 28 mg.<\/p>","protected":false},"excerpt":{"rendered":"<p><strong>Zinzino Viva+ stresa mazin\u0101\u0161anai<\/strong> - ir dab\u012bgs uztura bag\u0101tin\u0101t\u0101js, kas pal\u012bdz c\u012bn\u012bties pret <strong>mazina ikdienas stresu, uzlabo garast\u0101vokli, atbalsta nervu sist\u0113mas darb\u012bbu un veicina mier\u012bgu miegu.<\/strong>. Unik\u0101la formula, kas izstr\u0101d\u0101ta no patent\u0113ta safr\u0101na ekstrakta. <em data-start=\"496\" data-end=\"505\">affron\u00ae<\/em>, B grupas vitam\u012bni no gri\u0137iem, magnijs no j\u016bras \u016bdens, jods un dabiskais C vitam\u012bns no malp\u012bgij\u0101m.<\/p>\n<p><strong data-start=\"607\" data-end=\"637\">K\u0101p\u0113c izv\u0113l\u0113ties Zinzino Viva+?<\/strong><\/p>\n<p>\u2714\ufe0f Pal\u012bdz dabiski atp\u016bsties un lab\u0101k izgul\u0113ties.<br data-start=\"697\" data-end=\"700\" \/>\u2714\ufe0f Uzlabo koncentr\u0113\u0161an\u0101s sp\u0113jas, atmi\u0146u un dom\u0101\u0161anu<br data-start=\"743\" data-end=\"746\" \/>\u2714\ufe0f Pal\u012bdz mazin\u0101t gar\u012bgo nogurumu un miegain\u012bbu.<br data-start=\"797\" data-end=\"800\" \/>\u2714\ufe0f Katru dienu uztur labu garast\u0101vokli.<br data-start=\"832\" data-end=\"835\" \/>\u2714\ufe0f Veicina norm\u0101lu nervu un kognit\u012bvo funkciju.<br data-start=\"881\" data-end=\"884\" data-is-only-node=\"\" \/>\u2714\ufe0f Piem\u0113rots gan pieaugu\u0161ajiem, gan b\u0113rniem no 4 gadu vecuma PIEG\u0100DE B\u016aS PIEG\u0100D\u012aTA 5-10 DARBA DIEN\u0100S.<\/p>","protected":false},"featured_media":33404,"comment_status":"open","ping_status":"closed","template":"","meta":{"_acf_changed":false},"product_brand":[464],"product_cat":[123,122,271,270,269],"product_tag":[],"class_list":{"0":"post-33396","1":"product","2":"type-product","3":"status-publish","4":"has-post-thumbnail","6":"product_brand-zinzino","7":"product_cat-papildai-ilgaamziskumui","8":"product_cat-lasteliu-jaunystei","9":"product_cat-miego-kokybe","10":"product_cat-streso-mazinimas","11":"product_cat-stresui-ir-miegui","13":"first","14":"instock","15":"shipping-taxable","16":"purchasable","17":"product-type-simple"},"acf":[],"tiered_pricing_type":"fixed","tiered_pricing_fixed_rules":[],"tiered_pricing_product_settings":{"layout":"default","base_unit_name":{"singular":null,"plural":null},"default_variation":null},"tiered_pricing_minimum_quantity":null,"tiered_pricing_roles_data":[],"tiered_pricing_percentage_rules":[],"_links":{"self":[{"href":"https:\/\/purama.lt\/lv\/wp-json\/wp\/v2\/product\/33396","targetHints":{"allow":["GET"]}}],"collection":[{"href":"https:\/\/purama.lt\/lv\/wp-json\/wp\/v2\/product"}],"about":[{"href":"https:\/\/purama.lt\/lv\/wp-json\/wp\/v2\/types\/product"}],"replies":[{"embeddable":true,"href":"https:\/\/purama.lt\/lv\/wp-json\/wp\/v2\/comments?post=33396"}],"wp:featuredmedia":[{"embeddable":true,"href":"https:\/\/purama.lt\/lv\/wp-json\/wp\/v2\/media\/33404"}],"wp:attachment":[{"href":"https:\/\/purama.lt\/lv\/wp-json\/wp\/v2\/media?parent=33396"}],"wp:term":[{"taxonomy":"product_brand","embeddable":true,"href":"https:\/\/purama.lt\/lv\/wp-json\/wp\/v2\/product_brand?post=33396"},{"taxonomy":"product_cat","embeddable":true,"href":"https:\/\/purama.lt\/lv\/wp-json\/wp\/v2\/product_cat?post=33396"},{"taxonomy":"product_tag","embeddable":true,"href":"https:\/\/purama.lt\/lv\/wp-json\/wp\/v2\/product_tag?post=33396"}],"curies":[{"name":"wp","href":"https:\/\/api.w.org\/{rel}","templated":true}]}}