{"id":33393,"date":"2025-03-28T07:18:21","date_gmt":"2025-03-28T07:18:21","guid":{"rendered":"https:\/\/purama.lt\/produktas\/zinzino-energinis-batonelis-energy-bar-nut-seed\/"},"modified":"2026-03-02T16:07:58","modified_gmt":"2026-03-02T14:07:58","slug":"zinzino-energijas-batonins-energijas-batonins-riekstu-seklas","status":"publish","type":"product","link":"https:\/\/purama.lt\/lv\/produktas\/zinzino-energinis-batonelis-energy-bar-nut-seed\/","title":{"rendered":"Zinzino Ener\u0123ijas batoni\u0146\u0161 Rieksti un s\u0113klas"},"content":{"rendered":"<p><strong>Mandeles<\/strong> - \u013boti uzturviel\u0101m bag\u0101ti rieksti, kas satur E vitam\u012bnu, magniju, mang\u0101nu un antioksidantus. Tas ir ar\u012b dab\u012bgo tauku, \u0161\u0137iedrvielu un cukura avots, kas uztur ener\u0123iju un s\u0101ta saj\u016btu.<br><strong>Datumi<\/strong> - Dabisks ener\u0123ijas avots, bag\u0101ts ar dzelzi, k\u0101liju, A vitam\u012bnu un \u0161\u0137\u012bsto\u0161\u0101m \u0161\u0137iedrviel\u0101m. \u0100tri atdz\u012bvina un veicina gremo\u0161anu.<br><strong>\u0136irbju s\u0113klas<\/strong> - Bag\u0101ti ar cinku, dzelzi, magniju un omega taukiem. Antioksidantu \u012bpa\u0161\u012bbas un pal\u012bdz uzlabot imunit\u0101ti.<br><strong>Sezama s\u0113klas<\/strong> - Barojo\u0161s, bag\u0101ts ar olbaltumviel\u0101m, \u0161\u0137iedrviel\u0101m, vesel\u012bgiem taukiem, kalciju, dzelzi un B grupas vitam\u012bniem.<br><strong>Bol\u012bvijas balo\u017eu zir\u0146i (kvinoja)<\/strong> - Augu izcelsmes olbaltumvielu avots ar vis\u0101m neaizvietojam\u0101m aminosk\u0101b\u0113m. Bag\u0101ts ar \u0161\u0137iedrviel\u0101m, miner\u0101lviel\u0101m un E vitam\u012bnu.<br><strong>Chia s\u0113klas<\/strong> - Omega-3, \u0161\u0137iedrviel\u0101m, olbaltumviel\u0101m un vitam\u012bniem bag\u0101ts superprodukts. Atbalsta gremo\u0161anu un nodro\u0161ina ilgsto\u0161u s\u0101ta saj\u016btu.<br><strong>Inul\u012bns<\/strong> - \u0160\u0137\u012bsto\u0161\u0101s \u0161\u0137iedrvielas no cigori\u0146u sakn\u0113m veicina vesel\u012bgu mikrobiotu un neietekm\u0113 cukura l\u012bmeni asin\u012bs.<br><br><strong>Sast\u0101vda\u013cas:<\/strong> Mandeles (26,2 %)<em>, dateles, izomalto-oligosahar\u012bdi**, sezama s\u0113klas (6,3 %)<\/em>, Bol\u012bvijas balo\u017eu zir\u0146i*, mitrin\u0101t\u0101js (glicer\u012bns), \u0137irbju s\u0113klas (5,6 %)<em>, inul\u012bns, \u010dia s\u0113klas (4,2 %)<\/em>, ol\u012bve\u013c\u013ca.<\/p>\n\n\n\n<p><strong>Uzturv\u0113rt\u012bba:<\/strong>(100 g \/ 40 g): ener\u0123\u0113tisk\u0101 v\u0113rt\u012bba - 1718 kJ \/ 414 kcal | 687 kJ \/ 166 kcal, tauki - 22,8 g | 9,1 g, no tiem pies\u0101tin\u0101tie - 2,6 g | 1,1 g, og\u013chidr\u0101ti - 33,0 g | 13,2 g, no tiem cukuri - 19,8 g | 7,9 g, \u0161\u0137iedrvielas - 22,8 g | 9,1 g, olbaltumvielas - 10,4 g | 4,2 g, s\u0101ls - 0,04 g | 0,02 g.<\/p>","protected":false},"excerpt":{"rendered":"<p class=\"\" data-start=\"89\" data-end=\"431\"><strong>Zinzino ener\u0123ijas batoni\u0146\u0161<\/strong> - ir vesel\u012bgas, barojo\u0161as un gar\u0161\u012bgas uzkodas bez kompromisiem, kas gatavotas no r\u016bp\u012bgi atlas\u012bt\u0101m augu izcelsmes sast\u0101vda\u013c\u0101m. Mandeles, saldie date\u013ci un ener\u0123iju saturo\u0161as s\u0113klas - \u010dia, Bol\u012bvijas balodenes, \u0137irbju un sezama - nodro\u0161ina organismu ar v\u0113rt\u012bg\u0101m uzturviel\u0101m un dabisku saldumu.<\/p>\n<p class=\"\" data-start=\"433\" data-end=\"669\">Katrs stienis ar <strong>inul\u012bna \u0161\u0137iedrvielas, kas veicina vienm\u0113r\u012bgu gremo\u0161anu un ilgsto\u0161u s\u0101ta saj\u016btu.<\/strong>. Ide\u0101li piem\u0113rots pirms vai p\u0113c treni\u0146a, ce\u013c\u0101 vai jebkur\u0101 laik\u0101, kad nepiecie\u0161ams \u0101trs un dabisks ener\u0123ijas avots.<\/p>\n<p class=\"\" data-start=\"671\" data-end=\"888\">Bez pievienot\u0101 cukura, bez \u0122MO, piem\u0113rots veg\u0101niem un, pateicoties WADA apstiprin\u0101jumam, ir dro\u0161s pat profesion\u0101liem sportistiem. Zinzino batoni\u0146\u0161 ir praktiska, sabalans\u0113ta un uzticama izv\u0113le akt\u012bvam dz\u012bvesveidam.<\/p>\n<p data-start=\"671\" data-end=\"888\"><strong data-start=\"904\" data-end=\"928\">K\u0101p\u0113c izv\u0113l\u0113ties?<\/strong><br data-start=\"928\" data-end=\"931\" \/>\u2714\ufe0f Dabisks un ilgsto\u0161s ener\u0123ijas avots.<br data-start=\"982\" data-end=\"985\" \/>\u2714\ufe0f Pat 10 g \u0161\u0137iedrvielu labam gremo\u0161anas procesam un zarnu vesel\u012bbai.<br data-start=\"1056\" data-end=\"1059\" \/>\u2714\ufe0f Bez pievienot\u0101 cukura - tikai dab\u0101 sastopams saldums.<br data-start=\"1119\" data-end=\"1122\" \/>\u2714\ufe0f Tikai d\u0101rze\u0146u sast\u0101vda\u013cas - piem\u0113rotas veg\u0101niem<br data-start=\"1169\" data-end=\"1172\" \/>\u2714\ufe0f bez \u0122MO un pestic\u012bdiem - tikai no uzticamiem avotiem.<br data-start=\"1219\" data-end=\"1222\" \/>\u2714\ufe0f WADA apstiprin\u0101jums - dro\u0161s profesion\u0101lajam sportam<\/p>\n<p><strong>PRECE TIKS PIEG\u0100D\u0100TA 5-10 DARBA DIENU LAIK\u0100.<\/strong><\/p>","protected":false},"featured_media":33403,"comment_status":"open","ping_status":"closed","template":"","meta":{"_acf_changed":false},"product_brand":[464],"product_cat":[60,297],"product_tag":[],"class_list":{"0":"post-33393","1":"product","2":"type-product","3":"status-publish","4":"has-post-thumbnail","6":"product_brand-zinzino","7":"product_cat-mitybai","8":"product_cat-baltyminiai-batoneliai","10":"first","11":"instock","12":"shipping-taxable","13":"purchasable","14":"product-type-simple"},"acf":[],"tiered_pricing_type":"fixed","tiered_pricing_fixed_rules":[],"tiered_pricing_product_settings":{"layout":"default","base_unit_name":{"singular":null,"plural":null},"default_variation":null},"tiered_pricing_minimum_quantity":null,"tiered_pricing_roles_data":[],"tiered_pricing_percentage_rules":[],"_links":{"self":[{"href":"https:\/\/purama.lt\/lv\/wp-json\/wp\/v2\/product\/33393","targetHints":{"allow":["GET"]}}],"collection":[{"href":"https:\/\/purama.lt\/lv\/wp-json\/wp\/v2\/product"}],"about":[{"href":"https:\/\/purama.lt\/lv\/wp-json\/wp\/v2\/types\/product"}],"replies":[{"embeddable":true,"href":"https:\/\/purama.lt\/lv\/wp-json\/wp\/v2\/comments?post=33393"}],"wp:featuredmedia":[{"embeddable":true,"href":"https:\/\/purama.lt\/lv\/wp-json\/wp\/v2\/media\/33403"}],"wp:attachment":[{"href":"https:\/\/purama.lt\/lv\/wp-json\/wp\/v2\/media?parent=33393"}],"wp:term":[{"taxonomy":"product_brand","embeddable":true,"href":"https:\/\/purama.lt\/lv\/wp-json\/wp\/v2\/product_brand?post=33393"},{"taxonomy":"product_cat","embeddable":true,"href":"https:\/\/purama.lt\/lv\/wp-json\/wp\/v2\/product_cat?post=33393"},{"taxonomy":"product_tag","embeddable":true,"href":"https:\/\/purama.lt\/lv\/wp-json\/wp\/v2\/product_tag?post=33393"}],"curies":[{"name":"wp","href":"https:\/\/api.w.org\/{rel}","templated":true}]}}