{"id":33391,"date":"2025-03-28T07:18:21","date_gmt":"2025-03-28T07:18:21","guid":{"rendered":"https:\/\/purama.lt\/produktas\/zinzino-leanshake-vanilinio-skonio-kokteilis\/"},"modified":"2026-03-02T16:07:32","modified_gmt":"2026-03-02T14:07:32","slug":"zinzino-leanshake-vanilas-kokteilis","status":"publish","type":"product","link":"https:\/\/purama.lt\/lv\/produktas\/zinzino-leanshake-vanilinio-skonio-kokteilis\/","title":{"rendered":"Zinzino LeanShake vani\u013cas kokteilis"},"content":{"rendered":"<p><strong>K\u0101 lietot:<\/strong><br>Pirms lieto\u0161anas iepakojumu da\u017eas reizes viegli sakratiet. 60 g pulvera (2 m\u0113rkarotes) samaisiet ar 200-250 ml \u016bdens vai 30 g ar 250 ml piena vai augu piena. Da\u017eas sekundes saberziet blender\u012b un baudiet.<\/p>\n\n\n\n<p><strong>Ieteikumi lieto\u0161anai:<\/strong><br>- <strong>Svara zudumam:<\/strong> Aizst\u0101jiet 2 no 3 galvenaj\u0101m dienas \u0113dienreiz\u0113m ar LeanShake, bet tre\u0161aj\u0101 \u0113dienreiz\u0113 izv\u0113lieties pilnv\u0113rt\u012bgu, sabalans\u0113tu malt\u012bti.<br>- <strong>Svara uztur\u0113\u0161anai:<\/strong> Aizst\u0101jiet vienu \u0113dienreizi ar LeanShake, bet p\u0101r\u0113j\u0101s divas \u0113dienreizes - ar pilnv\u0113rt\u012bgu malt\u012bti. Tas pal\u012bdz\u0113s jums saglab\u0101t svaru p\u0113c svara samazin\u0101\u0161anas.<\/p>\n\n\n\n<p>Produkts j\u0101lieto k\u0101 da\u013ca no di\u0113tas ar samazin\u0101tu ener\u0123\u0113tisko v\u0113rt\u012bbu, iev\u0113rojot vesel\u012bga uztura un akt\u012bva dz\u012bvesveida principus. Svar\u012bgi lietot pietiekami daudz \u0161\u0137idruma un iev\u0113rot pat\u0113ri\u0146a ieteikumus.<\/p>\n\n\n\n<p><strong>Kvalit\u0101te + siner\u0123ija = rezult\u0101ti<\/strong><br>LeanShake sast\u0101v\u0101 ir augstas kvalit\u0101tes olbaltumvielas, \u0161\u0137iedrvielas, tauksk\u0101bes, vitam\u012bni un miner\u0101lvielas efekt\u012bvai svara kontrolei, musku\u013cu uztur\u0113\u0161anai un zarnu vesel\u012bbai.<\/p>\n\n\n\n<p><strong>Pal\u012bdz kontrol\u0113t svaru<\/strong><br>LeanShake ir malt\u012btes aizst\u0101j\u0113js, kas paredz\u0113ts vienas vai vair\u0101ku dienas \u0113dienrei\u017eu aizst\u0101\u0161anai svara samazin\u0101\u0161anai vai uztur\u0113\u0161anai. Tas ir bag\u0101ts ar olbaltumviel\u0101m, piecu veidu \u0161\u0137iedrviel\u0101m, v\u0113rt\u012bg\u0101m tauksk\u0101b\u0113m un 25 vitam\u012bniem un miner\u0101lviel\u0101m. \u0160is sabalans\u0113tais mais\u012bjums nodro\u0161ina visas nepiecie\u0161am\u0101s uzturvielas ar maz\u0101ku kaloriju daudzumu nek\u0101 parasta malt\u012bte.<\/p>\n\n\n\n<p><strong>Musku\u013cu uztur\u0113\u0161ana un aug\u0161ana<\/strong><br>Augu izcelsmes olbaltumvielas pal\u012bdz veidot musku\u013cu masu, jo \u012bpa\u0161i treni\u0146a laik\u0101. LeanShake ir piem\u0113rots k\u0101 papildu uzturviel\u0101m bag\u0101ta malt\u012bte pirms vai p\u0113c treni\u0146a. Sast\u0101v\u0101 eso\u0161ie vitam\u012bni un miner\u0101lvielas nodro\u0161ina ar\u012b papildu ieguvumus, lai atbalst\u012btu norm\u0101lu musku\u013cu darb\u012bbu.<\/p>\n\n\n\n<p><strong>Zarnu mikrofloras l\u012bdzsvars<\/strong><br>LeanShake ir bag\u0101tin\u0101ts ar ZinoBiotic \u0161\u0137iedrvielu mais\u012bjumu, kas veicina labo bakt\u0113riju aug\u0161anu vis\u0101s resn\u0101s zarnas da\u013c\u0101s. \u0160\u012bs bakt\u0113rijas atbalsta gremo\u0161anas, ferment\u0101cijas, im\u016bnsist\u0113mas un vitam\u012bnu sint\u0113zes procesus. L\u012bdzsvarots zarnu st\u0101voklis ir b\u016btisks vesel\u012bgas pa\u0161saj\u016btas pamats.<\/p>\n\n\n\n<p><strong>Sast\u0101vda\u013cas:<\/strong> Organiskais zir\u0146u prote\u012bna izol\u0101ts, auzu prote\u012bns, kokosriekstu cukura pulveris, lins\u0113klu e\u013c\u013ca, MCT e\u013c\u013ca, spin\u0101tu un k\u0101postu pulveris, gremo\u0161anai notur\u012bga ciete, ZinoBiotic \u0161\u0137iedrvielu mais\u012bjums (plante\u0146u mizas, beta-glik\u0101ni, inul\u012bns), Bol\u012bvijas balod\u012b\u0161u, medus, anan\u0101su (bromela\u012bns) un papaijas (papa\u012bns) ekstrakti, A, B grupas, C, D, E, K vitam\u012bni, miner\u0101lvielas (kalcijs, magnijs, dzelzs, cinks, mang\u0101ns, mang\u0101ns, var\u0161, jods, sel\u0113ns, hroms, molibd\u0113ns), dab\u012bga vani\u013cas gar\u0161a, saldin\u0101t\u0101js (st\u0113vijas glikoz\u012bds).<\/p>\n\n\n\n<p><strong>Uzturv\u0113rt\u012bba (100 g \/ 60 g):<\/strong> ener\u0123\u0113tisk\u0101 v\u0113rt\u012bba - 371 kcal \/ 223 kcal, olbaltumvielas - 27 g \/ 16 g, og\u013chidr\u0101ti - 39 g \/ 23 g (no tiem cukuri - 12 g \/ 7 g), tauki - 10 g \/ 6 g (pies\u0101tin\u0101tie - 3 g \/ 2 g, linol\u0113nsk\u0101be - 3 g \/ 1,5 g, alfa-linol\u0113nsk\u0101be - 1 g \/ 0,5 g), \u0161\u0137iedrvielas - 12 g \/ 7 g, s\u0101ls - 1,3 g \/ 0,8g; A vitam\u012bns - 587 \u00b5g \/ 352 \u00b5g, D - 4 \u00b5g \/ 2,2 \u00b5g, C - 51 mg \/ 30,8 mg, E - 9 mg \/ 5,3 mg, B1 - 1 mg \/ 0,5 mg, B2 - 1 mg \/ 0,6 mg, B3 - 12 mg \/ 7 mg, B5 - 3 mg \/ 1,8 mg, B6 - 1 mg \/ 0,6 mg, B7 - 15 \u00b5g \/ 8,8 \u00b5g, folijsk\u0101be - 147 \u00b5g \/ 88 \u00b5g, B12 - 1 \u00b5g \/ 0,9 \u00b5g; kalcijs - 587 mg \/ 352 mg, fosfors - 513 mg \/ 308 mg, magnijs - 147 mg \/ 88 mg, dzelzs - 10 mg \/ 6,2 mg, cinks - 7 mg \/ 4,4 mg, var\u0161 - 1 mg \/ 0,4 mg, jods - 110 \u03bcg \/ 66 \u03bcg, mang\u0101ns - 1 mg \/ 0,5 mg, hroms - 29 \u03bcg \/ 18 \u03bcg, sel\u0113ns - 40 \u03bcg \/ 24 \u03bcg, n\u0101trijs - 533 mg \/ 320 mg, k\u0101lijs - 1507 mg \/ 452 mg, molibd\u0113ns - 37 \u03bcg \/ 22 \u03bcg.<\/p>","protected":false},"excerpt":{"rendered":"<p class=\"\" data-start=\"65\" data-end=\"312\"><strong>Zinzino LeanShake vani\u013cas kokteilis<\/strong>, svara kontrolei. Tas ir gar\u0161\u012bgs, sabalans\u0113ts malt\u012btes aizst\u0101j\u0113js,<strong> Izstr\u0101d\u0101ts, lai pal\u012bdz\u0113tu samazin\u0101t svaru, veicin\u0101tu tauku dedzin\u0101\u0161anu, uztur\u0113tu musku\u013cu masu un l\u012bdzsvarotu zarnu mikrofloru.<\/strong>. Formula ir bag\u0101ta ar augu izcelsmes olbaltumviel\u0101m un \u0161\u0137iedrviel\u0101m, k\u0101 ar\u012b 25 vitam\u012bniem, miner\u0101lviel\u0101m un cit\u0101m svar\u012bg\u0101m uzturviel\u0101m, lai nodro\u0161in\u0101tu pilnv\u0113rt\u012bgu organisma baro\u0161anu. T\u0101 nesatur lipekli un soju, un taj\u0101 izmantoti tikai dabiskas izcelsmes saldin\u0101t\u0101ji un aromatiz\u0113t\u0101ji. LeanShake ir \u012bpa\u0161i zems glik\u0113miskais indekss un glik\u0113misk\u0101 slodze, kas pal\u012bdz uztur\u0113t stabilu ener\u0123ijas un cukura l\u012bmeni asin\u012bs visas dienas garum\u0101.<\/p>\n<p data-start=\"65\" data-end=\"312\"><strong data-start=\"56\" data-end=\"90\">K\u0101p\u0113c izv\u0113l\u0113ties LeanShake?<\/strong><br data-start=\"90\" data-end=\"93\" \/>\u2714\ufe0f Pal\u012bdz zaud\u0113t svaru un sadedzin\u0101t taukus<br data-start=\"136\" data-end=\"139\" \/>\u2714\ufe0f Atbalsta musku\u013cu aug\u0161anu un zarnu mikrofloru<br data-start=\"186\" data-end=\"189\" \/>\u2714\ufe0f Piem\u0113rots ve\u0123et\u0101rie\u0161iem, nesatur lipekli un soju.<br data-start=\"228\" data-end=\"231\" \/>\u2714\ufe0f Zems glik\u0113miskais indekss un slodze<br data-start=\"270\" data-end=\"273\" \/>\u2714\ufe0f Augsts augu olbaltumvielu un \u0161\u0137iedrvielu saturs<br data-start=\"320\" data-end=\"323\" \/>\u2714\ufe0f Tikai 223 kcal vien\u0101 porcij\u0101<br data-start=\"348\" data-end=\"351\" \/>\u2714\ufe0f Satur spin\u0101tu un k\u0101postu pulveri<br data-start=\"401\" data-end=\"404\" \/>\u2714\ufe0f 25 vitam\u012bnu un miner\u0101lvielu avots<br data-start=\"439\" data-end=\"442\" \/>\u2714\ufe0f Tikai dab\u012bgi saldin\u0101t\u0101ji un aromatiz\u0113t\u0101ji.<\/p>\n<p><strong> PRECE TIKS PIEG\u0100D\u0100TA 5-10 DARBA DIENU LAIK\u0100.<\/strong><\/p>","protected":false},"featured_media":33402,"comment_status":"open","ping_status":"closed","template":"","meta":{"_acf_changed":false},"product_brand":[464],"product_cat":[60,296],"product_tag":[],"class_list":{"0":"post-33391","1":"product","2":"type-product","3":"status-publish","4":"has-post-thumbnail","6":"product_brand-zinzino","7":"product_cat-mitybai","8":"product_cat-baltyminiai-kokteiliai","10":"first","11":"instock","12":"shipping-taxable","13":"purchasable","14":"product-type-simple"},"acf":[],"tiered_pricing_type":"fixed","tiered_pricing_fixed_rules":[],"tiered_pricing_product_settings":{"layout":"default","base_unit_name":{"singular":null,"plural":null},"default_variation":null},"tiered_pricing_minimum_quantity":null,"tiered_pricing_roles_data":[],"tiered_pricing_percentage_rules":[],"_links":{"self":[{"href":"https:\/\/purama.lt\/lv\/wp-json\/wp\/v2\/product\/33391","targetHints":{"allow":["GET"]}}],"collection":[{"href":"https:\/\/purama.lt\/lv\/wp-json\/wp\/v2\/product"}],"about":[{"href":"https:\/\/purama.lt\/lv\/wp-json\/wp\/v2\/types\/product"}],"replies":[{"embeddable":true,"href":"https:\/\/purama.lt\/lv\/wp-json\/wp\/v2\/comments?post=33391"}],"wp:featuredmedia":[{"embeddable":true,"href":"https:\/\/purama.lt\/lv\/wp-json\/wp\/v2\/media\/33402"}],"wp:attachment":[{"href":"https:\/\/purama.lt\/lv\/wp-json\/wp\/v2\/media?parent=33391"}],"wp:term":[{"taxonomy":"product_brand","embeddable":true,"href":"https:\/\/purama.lt\/lv\/wp-json\/wp\/v2\/product_brand?post=33391"},{"taxonomy":"product_cat","embeddable":true,"href":"https:\/\/purama.lt\/lv\/wp-json\/wp\/v2\/product_cat?post=33391"},{"taxonomy":"product_tag","embeddable":true,"href":"https:\/\/purama.lt\/lv\/wp-json\/wp\/v2\/product_tag?post=33391"}],"curies":[{"name":"wp","href":"https:\/\/api.w.org\/{rel}","templated":true}]}}