{"id":33390,"date":"2025-03-28T07:18:20","date_gmt":"2025-03-28T07:18:20","guid":{"rendered":"https:\/\/purama.lt\/produktas\/zinzino-leanshake-braskinio-skonio-kokteilis\/"},"modified":"2026-03-02T15:40:07","modified_gmt":"2026-03-02T13:40:07","slug":"zinzino-leanshake-smoothie","status":"publish","type":"product","link":"https:\/\/purama.lt\/lv\/produktas\/zinzino-leanshake-braskinio-skonio-kokteilis\/","title":{"rendered":"Zinzino LeanShake zeme\u0146u kokteilis"},"content":{"rendered":"<p><strong>K\u0101 lietot:<\/strong><br>Pirms lieto\u0161anas viegli sakratiet iepakojumu. 60 g (2 m\u0113rkarotes) pulvera sajauc ar 200-250 ml \u016bdens vai 30 g ar 250 ml piena vai augu piena. Sakratiet blender\u012b un pat\u0113r\u0113jiet.<\/p>\n\n\n\n<p><strong>Ieteikumi lieto\u0161anai:<\/strong><br>- <strong>Svara zudumam:<\/strong> Aizst\u0101jiet divas dienas \u0113dienreizes ar LeanShake, tre\u0161ajai \u0113dienreizei izv\u0113lieties pilnv\u0113rt\u012bgu sabalans\u0113tu malt\u012bti.<br>- <strong>Svara uztur\u0113\u0161anai:<\/strong> Aizst\u0101jiet vienu \u0113dienreizi ar LeanShake, bet p\u0101r\u0113j\u0101s \u0113dienreizes - ar pilnv\u0113rt\u012bgu uzturu.<\/p>\n\n\n\n<p>Produkts j\u0101lieto k\u0101 da\u013ca no di\u0113tas ar samazin\u0101tu ener\u0123\u0113tisko v\u0113rt\u012bbu kop\u0101 ar daudzveid\u012bgu uzturu un akt\u012bvu dz\u012bvesveidu. Ir svar\u012bgi nodro\u0161in\u0101t pietiekamu \u0161\u0137idruma uz\u0146em\u0161anu un iev\u0113rot sniegtos ieteikumus.<\/p>\n\n\n\n<p><strong>Kvalit\u0101te + siner\u0123ija = rezult\u0101ti<\/strong><br>LeanShake sast\u0101v\u0101 ir augstas kvalit\u0101tes olbaltumvielas, \u0161\u0137iedrvielas, tauksk\u0101bes, vitam\u012bni un miner\u0101lvielas - siner\u0123iska kombin\u0101cija, kas pal\u012bdz sasniegt lab\u0101kos rezult\u0101tus svara samazin\u0101\u0161anas, musku\u013cu masas uztur\u0113\u0161anas un zarnu vesel\u012bbas jom\u0101.<\/p>\n\n\n\n<p><strong>Svara zudumam<\/strong><br>Lietojot di\u0113tu ar samazin\u0101tu kaloriju daudzumu, svara samazin\u0101\u0161anai var efekt\u012bvi aizst\u0101t divas galven\u0101s dienas malt\u012btes ar LeanShake koktei\u013ciem. Kokteilis nodro\u0161ina visas organismam nepiecie\u0161am\u0101s uzturvielas, bet taj\u0101 ir maz\u0101k kaloriju nek\u0101 parastaj\u0101 \u0113dien\u0101.<\/p>\n\n\n\n<p><strong>Musku\u013cu atbalstam<\/strong><br>LeanShake satur augstas kvalit\u0101tes olbaltumvielas, kas veicina musku\u013cu aug\u0161anu un atjauno\u0161anos sporta laik\u0101. Turkl\u0101t da\u017ei formulas sast\u0101v\u0101 eso\u0161ie vitam\u012bni un miner\u0101lvielas pal\u012bdz uztur\u0113t norm\u0101lu musku\u013cu darb\u012bbu. Kokteili var lietot ar\u012b k\u0101 papildu malt\u012bti pirms vai p\u0113c treni\u0146a.<\/p>\n\n\n\n<p><strong>Zarnu mikrofloras l\u012bdzsvara nodro\u0161in\u0101\u0161anai<\/strong><br>LeanShake ir bag\u0101tin\u0101ts ar ZinoBiotic \u0161\u0137iedrviel\u0101m, kas veicina labv\u0113l\u012bgo bakt\u0113riju aug\u0161anu vis\u0101 resnaj\u0101 zarn\u0101. \u0160\u0137iedrvielas pal\u012bdz uztur\u0113t labu bakt\u0113riju l\u012bdzsvaru, samazina nev\u0113lamo bakt\u0113riju aug\u0161anu, veicina ferment\u0101cijas procesus, vitam\u012bnu ra\u017eo\u0161anu un stiprina im\u016bnsist\u0113mu. Zarnu l\u012bdzsvars ir b\u016btiska vesel\u012bgas pa\u0161saj\u016btas sast\u0101vda\u013ca.<\/p>\n\n\n\n<p><strong>Sast\u0101vda\u013cas:<\/strong> S\u016bkalu olbaltumvielu izol\u0101ts, piena olbaltumvielu koncentr\u0101ts, kolag\u0113na pept\u012bdi (liellopu), kokosriekstu cukura pulveris, lins\u0113klu un MCT e\u013c\u013cas, ZinoBiotic \u0161\u0137iedrvielu mais\u012bjums (plante\u0146u mizas, beta glik\u0101ni, inul\u012bns), Bol\u012bvijas balod\u012b\u0161u mizas, medus, kokosrieksts, anan\u0101su (bromela\u012bns) un papaijas (papa\u012bns) ekstrakti, dab\u012bga zeme\u0146u gar\u0161a, bie\u0161u pulveris (kr\u0101svielai), A vitam\u012bns, B grupas, C, D, E, K vitam\u012bns, miner\u0101lvielas (kalcijs, magnijs, dzelzs, cinks, mang\u0101ns, var\u0161, jods, sel\u0113ns, hroms, molibd\u0113ns), saldin\u0101t\u0101js - st\u0113vijas glikoz\u012bds.<\/p>\n\n\n\n<p><strong>Uzturvielu anal\u012bze (uz 100 g \/ 60 g):<\/strong> ener\u0123\u0113tisk\u0101 v\u0113rt\u012bba - 371 kcal \/ 223 kcal, olbaltumvielas - 27 g \/ 16 g, og\u013chidr\u0101ti - 39 g \/ 23 g (no tiem cukuri - 12 g \/ 7 g), tauki - 10 g \/ 6 g (pies\u0101tin\u0101tie - 3 g \/ 2 g, linol\u0113nsk\u0101be - 3 g \/ 1,5 g, alfa-linol\u0113nsk\u0101be - 1 g \/ 0,5 g), \u0161\u0137iedrvielas - 12 g \/ 7 g, s\u0101ls - 1,3 g \/ 0,8g; A vitam\u012bns - 587 \u00b5g \/ 352 \u00b5g, D - 4 \u00b5g \/ 2,2 \u00b5g, C - 51 mg \/ 30,8 mg, E - 9 mg \/ 5,3 mg, B1 - 1 mg \/ 0,5 mg, B2 - 1 mg \/ 0,6 mg, B3 - 12 mg \/ 7 mg, B5 - 3 mg \/ 1,8 mg, B6 - 1 mg \/ 0,6 mg, B7 - 15 \u00b5g \/ 8,8 \u00b5g, folijsk\u0101be - 147 \u00b5g \/ 88 \u00b5g, B12 - 1 \u00b5g \/ 0,9 \u00b5g; kalcijs - 587 mg \/ 352 mg, fosfors - 513 mg \/ 308 mg, magnijs - 147 mg \/ 88 mg, dzelzs - 10 mg \/ 6,2 mg, cinks - 7 mg \/ 4,4 mg, var\u0161 - 1 mg \/ 0,4 mg, jods - 110 \u03bcg \/ 66 \u03bcg, mang\u0101ns - 1 mg \/ 0,5 mg, hroms - 29 \u03bcg \/ 18 \u03bcg, sel\u0113ns - 40 \u03bcg \/ 24 \u03bcg, n\u0101trijs - 533 mg \/ 320 mg, k\u0101lijs - 1507 mg \/ 452 mg, molibd\u0113ns - 37 \u03bcg \/ 22 \u03bcg.<\/p>","protected":false},"excerpt":{"rendered":"<p class=\"\" data-start=\"164\" data-end=\"487\"><strong>Zinzino LeanShake ir barojo\u0161s un atsvaidzino\u0161s kokteilis ar zeme\u0146u gar\u0161u.<\/strong>kas paredz\u0113ti, lai pal\u012bdz\u0113tu <strong>samazina svaru, veicina tauku dedzin\u0101\u0161anu un uztur musku\u013cu masu.<\/strong>. Vienlaikus \u0161is malt\u012btes aizst\u0101j\u0113js veicina zarnu mikrofloras l\u012bdzsvaru un labsaj\u016btu. \u0160im kokteilim ir augsta uzturv\u0113rt\u012bba - tas ir bag\u0101ts ar olbaltumviel\u0101m (no piena olbaltumviel\u0101m, s\u016bkalu olbaltumvielu izol\u0101ta un kolag\u0113na pept\u012bdiem), \u0161\u0137iedrviel\u0101m no ZinoBiotic mais\u012bjuma, k\u0101 ar\u012b 25 vitam\u012bniem un miner\u0101lviel\u0101m. LeanShake nesatur lipekli un soju, taj\u0101 ir tikai dabiskas izcelsmes saldin\u0101t\u0101ji un aromatiz\u0113t\u0101ji. T\u0101 zemais glik\u0113miskais indekss un slodze padara to ide\u0101li piem\u0113rotu stabila cukura l\u012bme\u0146a uztur\u0113\u0161anai asin\u012bs visas dienas garum\u0101.<\/p>\n<p data-start=\"164\" data-end=\"487\"><strong data-start=\"905\" data-end=\"939\">K\u0101p\u0113c izv\u0113l\u0113ties LeanShake?<\/strong><br data-start=\"939\" data-end=\"942\" \/>\u2714\ufe0f Pal\u012bdz samazin\u0101t svaru un veicina tauku dedzin\u0101\u0161anu<br data-start=\"994\" data-end=\"997\" \/>\u2714\ufe0f Atbalsta musku\u013cu aug\u0161anu un atjauno\u0161anos p\u0113c treni\u0146a<br data-start=\"1054\" data-end=\"1057\" \/>\u2714\ufe0f L\u012bdzsvaro zarnu mikrofloru<br data-start=\"1091\" data-end=\"1094\" \/>\u2714\ufe0f Zems glik\u0113miskais indekss\/noslodze<br data-start=\"1132\" data-end=\"1135\" \/>\u2714\ufe0f Augstas kvalit\u0101tes olbaltumvielu avots (piens, s\u016bkalas, kolag\u0113ns)<br data-start=\"1199\" data-end=\"1202\" \/>\u2714\ufe0f Daudz \u0161\u0137iedrvielu no ZinoBiotic mais\u012bjuma<br data-start=\"1240\" data-end=\"1243\" \/>\u2714\ufe0f Tikai 231 kcal vien\u0101 porcij\u0101<br data-start=\"1268\" data-end=\"1271\" \/>\u2714\ufe0f Dab\u012bgie saldin\u0101t\u0101ji un zeme\u0146u gar\u0161a<br data-start=\"1314\" data-end=\"1317\" \/>\u2714\ufe0f Bez lipek\u013ca<br data-start=\"1330\" data-end=\"1333\" \/>\u2714\ufe0f 25 vitam\u012bnu un miner\u0101lvielu avots<\/p>\n<p><strong>PRECE TIKS PIEG\u0100D\u0100TA 5-10 DARBA DIENU LAIK\u0100.<\/strong><\/p>","protected":false},"featured_media":33399,"comment_status":"open","ping_status":"closed","template":"","meta":{"_acf_changed":false},"product_brand":[464],"product_cat":[60,296],"product_tag":[],"class_list":{"0":"post-33390","1":"product","2":"type-product","3":"status-publish","4":"has-post-thumbnail","6":"product_brand-zinzino","7":"product_cat-mitybai","8":"product_cat-baltyminiai-kokteiliai","10":"first","11":"instock","12":"shipping-taxable","13":"purchasable","14":"product-type-simple"},"acf":[],"tiered_pricing_type":"fixed","tiered_pricing_fixed_rules":[],"tiered_pricing_product_settings":{"layout":"default","base_unit_name":{"singular":null,"plural":null},"default_variation":null},"tiered_pricing_minimum_quantity":null,"tiered_pricing_roles_data":[],"tiered_pricing_percentage_rules":[],"_links":{"self":[{"href":"https:\/\/purama.lt\/lv\/wp-json\/wp\/v2\/product\/33390","targetHints":{"allow":["GET"]}}],"collection":[{"href":"https:\/\/purama.lt\/lv\/wp-json\/wp\/v2\/product"}],"about":[{"href":"https:\/\/purama.lt\/lv\/wp-json\/wp\/v2\/types\/product"}],"replies":[{"embeddable":true,"href":"https:\/\/purama.lt\/lv\/wp-json\/wp\/v2\/comments?post=33390"}],"wp:featuredmedia":[{"embeddable":true,"href":"https:\/\/purama.lt\/lv\/wp-json\/wp\/v2\/media\/33399"}],"wp:attachment":[{"href":"https:\/\/purama.lt\/lv\/wp-json\/wp\/v2\/media?parent=33390"}],"wp:term":[{"taxonomy":"product_brand","embeddable":true,"href":"https:\/\/purama.lt\/lv\/wp-json\/wp\/v2\/product_brand?post=33390"},{"taxonomy":"product_cat","embeddable":true,"href":"https:\/\/purama.lt\/lv\/wp-json\/wp\/v2\/product_cat?post=33390"},{"taxonomy":"product_tag","embeddable":true,"href":"https:\/\/purama.lt\/lv\/wp-json\/wp\/v2\/product_tag?post=33390"}],"curies":[{"name":"wp","href":"https:\/\/api.w.org\/{rel}","templated":true}]}}