{"id":33388,"date":"2025-03-28T07:18:20","date_gmt":"2025-03-28T07:18:20","guid":{"rendered":"https:\/\/purama.lt\/produktas\/zinzino-zinobiotic-maistiniu-skaidulu-misinys\/"},"modified":"2026-03-02T15:41:24","modified_gmt":"2026-03-02T13:41:24","slug":"zinzin-zinobiotic-dietisko-skiedrvielu-maisijums","status":"publish","type":"product","link":"https:\/\/purama.lt\/lv\/produktas\/zinzino-zinobiotic-maistiniu-skaidulu-misinys\/","title":{"rendered":"Zinzino Zinobiotic+ di\u0113tisko \u0161\u0137iedrvielu mais\u012bjums"},"content":{"rendered":"<p><strong>K\u0101 lietot:<\/strong><br>Ieteicam\u0101 dienas deva ir 12 g (2 m\u0113rkarotes). Sajauciet pulveri ar 200 ml \u016bdens blender\u012b vai pievienojiet to izv\u0113l\u0113tajam dz\u0113rienam, piem\u0113ram, LeanShake vai aug\u013cu kokteilim. Nep\u0101rsniedziet dienas devu. Uztura bag\u0101tin\u0101t\u0101ji neaizst\u0101j sabalans\u0113tu un daudzveid\u012bgu uzturu.<\/p>\n\n\n\n<p><strong>ZinoBiotic+ - uzlabots \u0161\u0137iedrvielu komplekss zarnu vesel\u012bbai<\/strong><br>ZinoBiotic+ sast\u0101v\u0101 ir pat 8 dabiskas izcelsmes \u0161\u0137iedrvielu veidi, kas sasniedz resno zarnu un veicina t\u0101s pilnv\u0113rt\u012bgu darb\u012bbu. At\u0161\u0137ir\u012bb\u0101 no vairuma produktu, kas satur tikai viena vai divu veidu \u0161\u0137iedrvielas, \u0161is komplekss nodro\u0161ina pla\u0161\u0101ku iedarb\u012bbas spektru, s\u0101kot no mikrobioma l\u012bdzsvara l\u012bdz gremo\u0161anas sist\u0113mas uzlabo\u0161anai.<\/p>\n\n\n\n<p>\u0160\u0137iedrvielas veicina labo bakt\u0113riju aug\u0161anu, pal\u012bdz uztur\u0113t norm\u0101lu holester\u012bna l\u012bmeni, samazina cukura l\u012bme\u0146a paaugstin\u0101\u0161anos p\u0113c \u0113\u0161anas un var pal\u012bdz\u0113t regul\u0113t apet\u012bti. Auz\u0101s eso\u0161ie beta-glik\u0101ni, kas nesatur lipekli un pies\u0101r\u0146ojumu, dro\u0161i veicina sirds un asinsvadu vesel\u012bbu.<\/p>\n\n\n\n<p>Produkt\u0101 nav pal\u012bgvielu - tikai akt\u012bv\u0101s sast\u0101vda\u013cas efekt\u012bvai ikdienas zarnu darb\u012bbas nodro\u0161in\u0101\u0161anai.<\/p>\n\n\n\n<p><strong>Sast\u0101vda\u013cas:<\/strong> Rezistenta ciete (no kukur\u016bzas, kartupe\u013ciem, za\u013cajiem ban\u0101niem), beta-glik\u0101ni (no auz\u0101m, bez lipek\u013ca), inul\u012bns, fruktooligosahar\u012bdi (FOS), plant\u0101nu s\u0113klu \u010daumalas, pupi\u0146u biezin\u0101t\u0101js (no pupi\u0146u s\u0113kl\u0101m).<\/p>\n\n\n\n<p><strong>Uzturv\u0113rt\u012bba (2 karot\u012btes \/ 12 g):<\/strong> Rezistenta ciete - 4,9 g, beta-glik\u0101ni - 1 g, inul\u012bns - 1,8 g, FOS - 0,2 g, plostkoka s\u0113klu apvalki - 0,5 g, pupi\u0146u biezin\u0101t\u0101js - 0,24 g.<\/p>","protected":false},"excerpt":{"rendered":"<p><strong>Zinzino ZinoBiotic+<\/strong> - Uzlabots 8 \u0161\u0137iedrvielu komplekss j\u016bsu zarn\u0101m. Tas ir \u012bpa\u0161i izstr\u0101d\u0101ts dabisko \u0161\u0137iedrvielu mais\u012bjums no 8 avotiem, kas nodro\u0161ina... <strong>uztur\u0113t vesel\u012bgu gremo\u0161anas sist\u0113mu, l\u012bdzsvarot mikrobiomu un uzlabot zarnu darb\u012bbu.<\/strong>. \u0160\u012b \u0161\u0137iedrviela non\u0101k resnaj\u0101 zarn\u0101, kur to ferment\u0113 labv\u0113l\u012bg\u0101s bakt\u0113rijas, kas ne tikai veicina zarnu vesel\u012bbu, bet ar\u012b pal\u012bdz samazin\u0101t cukura k\u0101pumu p\u0113c \u0113\u0161anas un uztur\u0113t norm\u0101lu holester\u012bna l\u012bmeni.<\/p>\n<p><strong data-start=\"603\" data-end=\"639\">K\u0101p\u0113c izv\u0113l\u0113ties ZinoBiotic+?<\/strong><br data-start=\"639\" data-end=\"642\" \/>\u2714\ufe0f Satur 8 dabisk\u0101s \u0161\u0137iedrvielas<br data-start=\"686\" data-end=\"689\" \/>\u2714\ufe0f Atbalsta l\u012bdzsvarotu mikrobiomu un zarnu vesel\u012bbu<br data-start=\"743\" data-end=\"746\" \/>\u2714\ufe0f Samazina postprandi\u0101lo cukura l\u012bme\u0146a paaugstin\u0101\u0161anos.<br data-start=\"791\" data-end=\"794\" \/>\u2714\ufe0f Pal\u012bdz uztur\u0113t norm\u0101lu holester\u012bna l\u012bmeni<br data-start=\"841\" data-end=\"844\" \/>\u2714\ufe0f Piem\u0113rots ikdienas lieto\u0161anai kop\u0101 ar citiem Zinzin uztura bag\u0101tin\u0101t\u0101jiem<\/p>\n<p><strong>PRECE TIKS PIEG\u0100D\u0100TA 5-10 DARBA DIENU LAIK\u0100.<\/strong><\/p>","protected":false},"featured_media":33409,"comment_status":"open","ping_status":"closed","template":"","meta":{"_acf_changed":false},"product_brand":[464],"product_cat":[123,261,260,262],"product_tag":[],"class_list":{"0":"post-33388","1":"product","2":"type-product","3":"status-publish","4":"has-post-thumbnail","6":"product_brand-zinzino","7":"product_cat-papildai-ilgaamziskumui","8":"product_cat-cukraus-balansas","9":"product_cat-energijai-ir-apykaitai","10":"product_cat-medziagu-apykaita","12":"first","13":"instock","14":"shipping-taxable","15":"purchasable","16":"product-type-simple"},"acf":[],"tiered_pricing_type":"fixed","tiered_pricing_fixed_rules":[],"tiered_pricing_product_settings":{"layout":"default","base_unit_name":{"singular":null,"plural":null},"default_variation":null},"tiered_pricing_minimum_quantity":null,"tiered_pricing_roles_data":[],"tiered_pricing_percentage_rules":[],"_links":{"self":[{"href":"https:\/\/purama.lt\/lv\/wp-json\/wp\/v2\/product\/33388","targetHints":{"allow":["GET"]}}],"collection":[{"href":"https:\/\/purama.lt\/lv\/wp-json\/wp\/v2\/product"}],"about":[{"href":"https:\/\/purama.lt\/lv\/wp-json\/wp\/v2\/types\/product"}],"replies":[{"embeddable":true,"href":"https:\/\/purama.lt\/lv\/wp-json\/wp\/v2\/comments?post=33388"}],"wp:featuredmedia":[{"embeddable":true,"href":"https:\/\/purama.lt\/lv\/wp-json\/wp\/v2\/media\/33409"}],"wp:attachment":[{"href":"https:\/\/purama.lt\/lv\/wp-json\/wp\/v2\/media?parent=33388"}],"wp:term":[{"taxonomy":"product_brand","embeddable":true,"href":"https:\/\/purama.lt\/lv\/wp-json\/wp\/v2\/product_brand?post=33388"},{"taxonomy":"product_cat","embeddable":true,"href":"https:\/\/purama.lt\/lv\/wp-json\/wp\/v2\/product_cat?post=33388"},{"taxonomy":"product_tag","embeddable":true,"href":"https:\/\/purama.lt\/lv\/wp-json\/wp\/v2\/product_tag?post=33388"}],"curies":[{"name":"wp","href":"https:\/\/api.w.org\/{rel}","templated":true}]}}