{"id":33387,"date":"2025-03-28T07:18:19","date_gmt":"2025-03-28T07:18:19","guid":{"rendered":"https:\/\/purama.lt\/produktas\/zinzino-balanceoil-aquax-omega-maisto-papildas\/"},"modified":"2026-03-02T15:31:42","modified_gmt":"2026-03-02T13:31:42","slug":"zinzin-balanceoil-aquax-omega-uztura-bagatinatajs","status":"publish","type":"product","link":"https:\/\/purama.lt\/lv\/produktas\/zinzino-balanceoil-aquax-omega-maisto-papildas\/","title":{"rendered":"Zinzin BalanceOil+ AquaX Omega uztura bag\u0101tin\u0101t\u0101js"},"content":{"rendered":"<p><strong>Pat\u0113ri\u0146\u0161:<\/strong> <\/p>\n\n\n\n<p>Ieteicam\u0101 dienas deva ir 0,15 ml uz 1 kg \u0137erme\u0146a svara (piem\u0113ram, 50 kg - 7,5 ml, 80 kg - 12 ml). Nep\u0101rsniedziet nor\u0101d\u012bto devu. Uztura bag\u0101tin\u0101t\u0101js neaizst\u0101j daudzveid\u012bgu un sabalans\u0113tu uzturu un vesel\u012bgu dz\u012bvesveidu.<\/p>\n\n\n\n<p><strong>BalanceOil+ AquaX<\/strong> - ir revolucion\u0101rs zivju e\u013c\u013cas papildin\u0101jums ar \u016bden\u012b \u0161\u0137\u012bsto\u0161u formulu. Izmantojot dab\u012bgo <em>Aquacelle<\/em> emulgatoru, \u0161o uztura bag\u0101tin\u0101t\u0101ju var viegli sajaukt ar \u016bdeni vai aukstiem dz\u0113rieniem - zivju e\u013c\u013cas gar\u0161a un taukain\u012bba ir praktiski nov\u0113rsta, un zivju e\u013c\u013cas gar\u0161u un taukain\u012bbu var viegli izmain\u012bt. <strong>Omega-3<\/strong> absorbcija vairum\u0101 gad\u012bjumu ir uzlabota.<\/p>\n\n\n\n<p>AquaX apvieno augst\u0101k\u0101s kvalit\u0101tes zivju e\u013c\u013cu un polifenoliem bag\u0101tu neapstr\u0101d\u0101tu ol\u012bve\u013c\u013cu, lai stiprin\u0101tu. <strong>Omega-3<\/strong> stabilit\u0101ti un uztur vesel\u012bgu tauksk\u0101bju l\u012bdzsvaru organism\u0101. Regul\u0101ra Omega-6:3 omega tauksk\u0101bju lieto\u0161ana pal\u012bdz sasniegt omega-6:3 attiec\u012bbu, kas ir maz\u0101ka par 3:1, kas ir optim\u0101ls l\u012bmenis labsaj\u016btai.<\/p>\n\n\n\n<p>T\u0101 satur ar\u012b dab\u012bgo D3 vitam\u012bnu no lanol\u012bna, kas veicina im\u016bnsist\u0113mas, kaulu, musku\u013cu un zobu darb\u012bbu. Pievienotie tokoferoli darbojas k\u0101 dro\u0161i antioksidanti un neizraisa aler\u0123ijas, jo tie ir att\u012br\u012bti no sojas prote\u012bna.<\/p>\n\n\n\n<p><strong>BalanceOil+ AquaX<\/strong> - kad v\u0113laties, lai visi <strong>Omega-3<\/strong> priek\u0161roc\u012bbas bez nepat\u012bkamas gar\u0161as.<\/p>\n\n\n\n<p><strong>Sast\u0101vs:<\/strong> Zivju e\u013c\u013ca (an\u0161ovi, sard\u012bnes, makreles), aukst\u0101 spieduma ol\u012bve\u013c\u013ca, emulgatori (tauksk\u0101bju mono- un diglicer\u012bdi, lecit\u012bns), frakcion\u0113ta kokosriekstu e\u013c\u013ca, auzu e\u013c\u013ca, citrusaug\u013cu e\u013c\u013ca, dab\u012bgas aromatiz\u0113t\u0101jvielas (citrons), tokoferola koncentr\u0101ta ekstrakts (antioksidanti), D3 vitam\u012bns (holekalciferols).<\/p>\n\n\n\n<p><strong>Uzturv\u0113rt\u012bba (12 ml):<\/strong> Zivju e\u013c\u013ca - 6627 mg (no t\u0101s Omega-3 - 2478 mg: EPA - 1283 mg, DHA - 683 mg), ol\u012bve\u013c\u013ca - 4092 mg (ole\u012bnsk\u0101be - 3069 mg, polifenoli - 3,5 mg), D3 vitam\u012bns - 20 \u03bcg (400 % RMV*). *RMV - atsauces uzturvielu v\u0113rt\u012bba.<\/p>","protected":false},"excerpt":{"rendered":"<p class=\"\" data-start=\"240\" data-end=\"346\"><strong data-start=\"240\" data-end=\"346\">Zinzino BalanceOil+ AquaX<\/strong> - Uzlabota, \u016bden\u012b \u0161\u0137\u012bsto\u0161a Omega-3 formula, kas nodro\u0161ina lab\u0101ku uzs\u016bk\u0161anos un gar\u0161u, ir n\u0101kam\u0101s paaudzes uztura bag\u0101tin\u0101t\u0101js, kas izce\u013cas ar \u016bden\u012b \u0161\u0137\u012bsto\u0161u formu. Unik\u0101l\u0101 emulgatoru bag\u0101tin\u0101t\u0101 formula \u013cauj uztura bag\u0101tin\u0101t\u0101ju viegli sajaukt ar jebkuru aukstu dz\u0113rienu, padarot to \u013coti \u0113rtu lieto\u0161an\u0101 un pat\u012bkamu gar\u0161as zi\u0146\u0101. Daudziem cilv\u0113kiem \u0161is sast\u0101vs pal\u012bdz pan\u0101kt efekt\u012bv\u0101ku omega 3 uzs\u016bk\u0161anos, sal\u012bdzinot ar parasto zivju e\u013c\u013cu.<\/p>\n<p><strong>K\u0101p\u0113c izv\u0113l\u0113ties BalanceOil+ AquaX?<br \/><\/strong> \u2714\ufe0f \u016aden\u012b \u0161\u0137\u012bsto\u0161a formula - viegli sajaucas ar \u0161\u0137idrumiem, ide\u0101ls risin\u0101jums jut\u012bg\u0101k\u0101m gar\u0161\u0101m.<br data-start=\"1255\" data-end=\"1258\" \/>\u2714\ufe0f Uzlabota Omega-3 uz\u0146em\u0161ana - efekt\u012bv\u0101ks organisma atbalsts<br data-start=\"1330\" data-end=\"1333\" \/>\u2714\ufe0f Augsts DHA l\u012bmenis - veicina norm\u0101lu smadze\u0146u, redzes un sirds darb\u012bbu.<br data-start=\"1410\" data-end=\"1413\" \/>\u2714\ufe0f 20 \u00b5g dab\u012bg\u0101 D3 vitam\u012bna - \u013coti svar\u012bga im\u016bnsist\u0113mai, musku\u013ciem, kauliem un b\u0113rnu aug\u0161anai.<br data-start=\"1513\" data-end=\"1516\" \/>\u2714\ufe0f Uztur norm\u0101lu asinsspiedienu, holester\u012bna un triglicer\u012bdu l\u012bmeni.<br data-start=\"1587\" data-end=\"1590\" \/>\u2714\ufe0f Citrusaug\u013cu gar\u0161a bez zivju p\u0113cgar\u0161as - pat\u012bkama saj\u016bta ikdienas lieto\u0161anai.<\/p>\n<p><strong>PRECE TIKS PIEG\u0100D\u0100TA 5-10 DARBA DIENU LAIK\u0100.<\/strong><\/p>","protected":false},"featured_media":33405,"comment_status":"open","ping_status":"closed","template":"","meta":{"_acf_changed":false},"product_brand":[464],"product_cat":[123,253,252,122,255],"product_tag":[],"class_list":{"0":"post-33387","1":"product","2":"type-product","3":"status-publish","4":"has-post-thumbnail","6":"product_brand-zinzino","7":"product_cat-papildai-ilgaamziskumui","8":"product_cat-imuniteto-palaikymas","9":"product_cat-imunitetui","10":"product_cat-lasteliu-jaunystei","11":"product_cat-oksidacinio-streso-mazinimas","13":"first","14":"instock","15":"shipping-taxable","16":"purchasable","17":"product-type-simple"},"acf":[],"tiered_pricing_type":"fixed","tiered_pricing_fixed_rules":[],"tiered_pricing_product_settings":{"layout":"default","base_unit_name":{"singular":null,"plural":null},"default_variation":null},"tiered_pricing_minimum_quantity":null,"tiered_pricing_roles_data":[],"tiered_pricing_percentage_rules":[],"_links":{"self":[{"href":"https:\/\/purama.lt\/lv\/wp-json\/wp\/v2\/product\/33387","targetHints":{"allow":["GET"]}}],"collection":[{"href":"https:\/\/purama.lt\/lv\/wp-json\/wp\/v2\/product"}],"about":[{"href":"https:\/\/purama.lt\/lv\/wp-json\/wp\/v2\/types\/product"}],"replies":[{"embeddable":true,"href":"https:\/\/purama.lt\/lv\/wp-json\/wp\/v2\/comments?post=33387"}],"wp:featuredmedia":[{"embeddable":true,"href":"https:\/\/purama.lt\/lv\/wp-json\/wp\/v2\/media\/33405"}],"wp:attachment":[{"href":"https:\/\/purama.lt\/lv\/wp-json\/wp\/v2\/media?parent=33387"}],"wp:term":[{"taxonomy":"product_brand","embeddable":true,"href":"https:\/\/purama.lt\/lv\/wp-json\/wp\/v2\/product_brand?post=33387"},{"taxonomy":"product_cat","embeddable":true,"href":"https:\/\/purama.lt\/lv\/wp-json\/wp\/v2\/product_cat?post=33387"},{"taxonomy":"product_tag","embeddable":true,"href":"https:\/\/purama.lt\/lv\/wp-json\/wp\/v2\/product_tag?post=33387"}],"curies":[{"name":"wp","href":"https:\/\/api.w.org\/{rel}","templated":true}]}}