{"id":33252,"date":"2025-03-20T14:46:49","date_gmt":"2025-03-20T14:46:49","guid":{"rendered":"https:\/\/purama.lt\/produktas\/dr-jart-raminamoji-veido-kauke\/"},"modified":"2026-04-10T13:03:27","modified_gmt":"2026-04-10T11:03:27","slug":"dr-jart-nomierinosa-sejas-maska","status":"publish","type":"product","link":"https:\/\/purama.lt\/lv\/produktas\/dr-jart-raminamoji-veido-kauke\/","title":{"rendered":"DR.JART+ Nomierino\u0161a sejas maska"},"content":{"rendered":"<p><strong>Lieto\u0161ana:<\/strong><\/p>\n\n\n\n<p>Iz\u0146emiet masku no iepakojuma, viegli uzkl\u0101jiet uz t\u012bras, att\u012br\u012btas \u0101das un piespiediet, lai labi pieliptu. Atst\u0101jiet uz \u0101das uz 15-20 min\u016bt\u0113m, p\u0113c tam no\u0146emiet un iemas\u0113jiet atliku\u0161o serumu \u0101d\u0101, lai tas piln\u012bb\u0101 ies\u016bcas.<\/p>\n\n\n\n<p><strong>Sast\u0101vda\u013cas:<\/strong> \u0100zijas centellas ekstrakts, hialuronsk\u0101be, alvejas ekstrakts, ceram\u012bdi, za\u013c\u0101s t\u0113jas ekstrakts, niacinam\u012bds.<\/p>\n\n\n\n<p>Piem\u0113rots visiem \u0101das tipiem, \u012bpa\u0161i jut\u012bgai un kairin\u0101tai \u0101dai. Nesatur m\u0101ksl\u012bg\u0101s smar\u017evielas, parab\u0113nus un sulf\u0101tus.<\/p>","protected":false},"excerpt":{"rendered":"<p data-start=\"65\" data-end=\"562\"><strong data-start=\"65\" data-end=\"100\">DR.JART+ Nomierino\u0161a sejas maska<\/strong> - ir intens\u012bvi mitrino\u0161a un nomierino\u0161a lok\u0161\u0146u maska, kas \u012bpa\u0161i izstr\u0101d\u0101ta jut\u012bgai, sausai un kairin\u0101tai \u0101dai. Pateicoties r\u016bp\u012bgi atlas\u012btaj\u0101m akt\u012bvaj\u0101m sast\u0101vda\u013c\u0101m, t\u0101 \u0101tri atjauno \u0101das mitruma l\u012bdzsvaru, mazina aps\u0101rtumu un stiprina dabisko aizsargbarjeru. Maska sniedz \u0101dai dzi\u013cu komforta saj\u016btu, nomierinot to p\u0113c vides iedarb\u012bbas, stresa vai agres\u012bv\u0101m skaistumkop\u0161anas proced\u016br\u0101m. Regul\u0101ra maskas lieto\u0161ana pal\u012bdz saglab\u0101t \u0101das mitrin\u0101\u0161anu, gludumu un vesel\u012bgu mirdzumu.<\/p>\n<p data-start=\"564\" data-end=\"583\"><strong data-start=\"569\" data-end=\"581\">Funkcijas:<\/strong><\/p>\n<p data-start=\"584\" data-end=\"861\">\u2714 Uzreiz nomierina iekaisu\u0161o un jut\u012bgo \u0101du<br data-start=\"630\" data-end=\"633\" \/>\u2714 Intens\u012bva mitrin\u0101\u0161ana un aizsardz\u012bba pret sausumu<br data-start=\"679\" data-end=\"682\" \/>\u2714 Stiprina \u0101das aizsargbarjeru, pal\u012bdzot atjaunot t\u0101s dabisko l\u012bdzsvaru<br data-start=\"748\" data-end=\"751\" \/>\u2714 Samazina aps\u0101rtumu, sasprindzin\u0101jumu un diskomfortu<br data-start=\"800\" data-end=\"803\" \/>\u2714 pie\u0161\u0137ir \u0101dai gludu, starojo\u0161u un vesel\u012bgu izskatu<\/p>","protected":false},"featured_media":33242,"comment_status":"open","ping_status":"closed","template":"","meta":{"_acf_changed":false},"product_brand":[422],"product_cat":[92,500,142,59],"product_tag":[],"class_list":{"0":"post-33252","1":"product","2":"type-product","3":"status-publish","4":"has-post-thumbnail","6":"product_brand-dr-jart","7":"product_cat-groziui","8":"product_cat-outlet","9":"product_cat-veido-kaukes","10":"product_cat-veidui","12":"first","13":"instock","14":"sale","15":"shipping-taxable","16":"purchasable","17":"product-type-simple"},"acf":[],"tiered_pricing_type":"fixed","tiered_pricing_fixed_rules":[],"tiered_pricing_product_settings":{"layout":"default","base_unit_name":{"singular":null,"plural":null},"default_variation":null},"tiered_pricing_minimum_quantity":null,"tiered_pricing_roles_data":[],"tiered_pricing_percentage_rules":[],"_links":{"self":[{"href":"https:\/\/purama.lt\/lv\/wp-json\/wp\/v2\/product\/33252","targetHints":{"allow":["GET"]}}],"collection":[{"href":"https:\/\/purama.lt\/lv\/wp-json\/wp\/v2\/product"}],"about":[{"href":"https:\/\/purama.lt\/lv\/wp-json\/wp\/v2\/types\/product"}],"replies":[{"embeddable":true,"href":"https:\/\/purama.lt\/lv\/wp-json\/wp\/v2\/comments?post=33252"}],"wp:featuredmedia":[{"embeddable":true,"href":"https:\/\/purama.lt\/lv\/wp-json\/wp\/v2\/media\/33242"}],"wp:attachment":[{"href":"https:\/\/purama.lt\/lv\/wp-json\/wp\/v2\/media?parent=33252"}],"wp:term":[{"taxonomy":"product_brand","embeddable":true,"href":"https:\/\/purama.lt\/lv\/wp-json\/wp\/v2\/product_brand?post=33252"},{"taxonomy":"product_cat","embeddable":true,"href":"https:\/\/purama.lt\/lv\/wp-json\/wp\/v2\/product_cat?post=33252"},{"taxonomy":"product_tag","embeddable":true,"href":"https:\/\/purama.lt\/lv\/wp-json\/wp\/v2\/product_tag?post=33252"}],"curies":[{"name":"wp","href":"https:\/\/api.w.org\/{rel}","templated":true}]}}