{"id":33251,"date":"2025-03-20T14:46:49","date_gmt":"2025-03-20T14:46:49","guid":{"rendered":"https:\/\/purama.lt\/produktas\/beauty-of-joseon-spf50-pa-piestukine-matine-apsauga-nuo-saules\/"},"modified":"2026-04-10T13:03:27","modified_gmt":"2026-04-10T11:03:27","slug":"joseon-spf50-mateta-saules-aizsarglidzekla-skaistums","status":"publish","type":"product","link":"https:\/\/purama.lt\/lv\/produktas\/beauty-of-joseon-spf50-pa-piestukine-matine-apsauga-nuo-saules\/","title":{"rendered":"BEAUTY OF JOSEON SPF50+\/PA++++ Mat\u0113ts saules aizsardz\u012bbas z\u012bmuli\u0146\u0161"},"content":{"rendered":"<p><strong>Lieto\u0161ana:<\/strong> Maigi p\u0101rvelciet z\u012bmuli pa t\u012bru, att\u012br\u012btu vai ar grimu kl\u0101tu \u0101du, lai vienm\u0113r\u012bgi izl\u012bdzin\u0101tu l\u012bdzekli. Lai nodro\u0161in\u0101tu nep\u0101rtrauktu aizsardz\u012bbu, uzkl\u0101jiet atk\u0101rtoti ik p\u0113c 2-3 stund\u0101m vai p\u0113c saskares ar \u016bdeni.<\/p>\n\n\n\n<p><strong>Sast\u0101vda\u013cas:<\/strong> r\u012bsu ekstrakts, za\u013c\u0101s t\u0113jas ekstrakts, niacinam\u012bds, ceram\u012bdi, hialuronsk\u0101be, asiatisk\u0101s centellas ekstrakts<\/p>\n\n\n\n<p>Piem\u0113rots visiem \u0101das tipiem, \u012bpa\u0161i taukainai un jauktai \u0101dai. Dermatolo\u0123iski test\u0113ts.<\/p>\n\n\n\n<p><\/p>","protected":false},"excerpt":{"rendered":"<p data-start=\"101\" data-end=\"625\"><strong data-start=\"101\" data-end=\"135\">JOSEON SPF50+\/PA++++ SKAISTUMS<\/strong> saules aizsargl\u012bdzeklis ar z\u012bmuli ir viegli lietojams, praktisks un efekt\u012bvs risin\u0101jums ikdienas \u0101das aizsardz\u012bbai. \u0160is saules aizsargl\u012bdzeklis nodro\u0161ina \u012bpa\u0161i augstu aizsardz\u012bbas l\u012bmeni pret <strong>UV starojums<\/strong>neatst\u0101jot lip\u012bgu vai baltu efektu uz \u0101das. Pateicoties sabalans\u0113tai formulai, tas ne tikai aizsarg\u0101 pret saules kait\u0113jumu, bet ar\u012b kontrol\u0113 sebuma izdal\u012b\u0161anos, padarot \u0101du svaigu un mat\u0113tu visas dienas garum\u0101. Ide\u0101la izv\u0113le gan ikdienai, gan ce\u013cojumiem!<\/p>\n<p data-start=\"627\" data-end=\"646\"><strong data-start=\"632\" data-end=\"644\">Funkcijas:<br \/><\/strong>\u2714 SPF50+\/PA++++ nodro\u0161ina maksim\u0101lu aizsardz\u012bbu pret UV stariem<br data-start=\"708\" data-end=\"711\" \/>\u2714 Viegla z\u012bmu\u013ca forma - \u0113rti atjaunin\u0101t aizsardz\u012bbu jebkur\u0101 laik\u0101<br data-start=\"778\" data-end=\"781\" \/>\u2714 Mat\u0113ts efekts - kontrol\u0113 sebuma veido\u0161anos, neapgr\u016btinot \u0101du<br data-start=\"853\" data-end=\"856\" \/>\u2714 Bez por\u0101m un piem\u0113rots taukainai un jauktai \u0101dai<br data-start=\"904\" data-end=\"907\" \/>\u2714 Mitrino\u0161\u0101 formula pal\u012bdz saglab\u0101t \u0101das komfortu, neiz\u017e\u0101v\u0113jot to<\/p>","protected":false},"featured_media":33235,"comment_status":"open","ping_status":"closed","template":"","meta":{"_acf_changed":false},"product_brand":[410],"product_cat":[92,299,59],"product_tag":[],"class_list":{"0":"post-33251","1":"product","2":"type-product","3":"status-publish","4":"has-post-thumbnail","6":"product_brand-beauty-of-joseon","7":"product_cat-groziui","8":"product_cat-kremai-nuo-saules-veidui","9":"product_cat-veidui","11":"first","12":"outofstock","13":"shipping-taxable","14":"purchasable","15":"product-type-simple"},"acf":[],"tiered_pricing_type":"fixed","tiered_pricing_fixed_rules":[],"tiered_pricing_product_settings":{"layout":"default","base_unit_name":{"singular":null,"plural":null},"default_variation":null},"tiered_pricing_minimum_quantity":null,"tiered_pricing_roles_data":[],"tiered_pricing_percentage_rules":[],"_links":{"self":[{"href":"https:\/\/purama.lt\/lv\/wp-json\/wp\/v2\/product\/33251","targetHints":{"allow":["GET"]}}],"collection":[{"href":"https:\/\/purama.lt\/lv\/wp-json\/wp\/v2\/product"}],"about":[{"href":"https:\/\/purama.lt\/lv\/wp-json\/wp\/v2\/types\/product"}],"replies":[{"embeddable":true,"href":"https:\/\/purama.lt\/lv\/wp-json\/wp\/v2\/comments?post=33251"}],"wp:featuredmedia":[{"embeddable":true,"href":"https:\/\/purama.lt\/lv\/wp-json\/wp\/v2\/media\/33235"}],"wp:attachment":[{"href":"https:\/\/purama.lt\/lv\/wp-json\/wp\/v2\/media?parent=33251"}],"wp:term":[{"taxonomy":"product_brand","embeddable":true,"href":"https:\/\/purama.lt\/lv\/wp-json\/wp\/v2\/product_brand?post=33251"},{"taxonomy":"product_cat","embeddable":true,"href":"https:\/\/purama.lt\/lv\/wp-json\/wp\/v2\/product_cat?post=33251"},{"taxonomy":"product_tag","embeddable":true,"href":"https:\/\/purama.lt\/lv\/wp-json\/wp\/v2\/product_tag?post=33251"}],"curies":[{"name":"wp","href":"https:\/\/api.w.org\/{rel}","templated":true}]}}