{"id":33250,"date":"2025-03-20T14:46:49","date_gmt":"2025-03-20T14:46:49","guid":{"rendered":"https:\/\/purama.lt\/produktas\/beauty-of-joseon-paakiu-serumas-nuo-rauksliu\/"},"modified":"2026-04-10T13:03:26","modified_gmt":"2026-04-10T11:03:26","slug":"joseon-anti-pigmenta-seruma-skaistums","status":"publish","type":"product","link":"https:\/\/purama.lt\/lv\/produktas\/beauty-of-joseon-paakiu-serumas-nuo-rauksliu\/","title":{"rendered":"BEAUTY OF JOSEON Acu serums pret grumb\u0101m"},"content":{"rendered":"<p><strong>Lieto\u0161ana:<\/strong><\/p>\n\n\n\n<p>Uzkl\u0101jiet nelielu daudzumu seruma uz t\u012bras, sausas \u0101das un ar pirkstu galiem viegli iemas\u0113jiet, l\u012bdz tas piln\u012bb\u0101 ies\u016bcas. Lietojiet vakar\u0101 un dienas laik\u0101 uzkl\u0101jiet SPF aizsardz\u012bbu.<\/p>\n\n\n\n<p><strong>Sast\u0101vda\u013cas: <\/strong>\u017de\u0146\u0161e\u0146a ekstrakts, retinols, keram\u012bdi, ceram\u012bdi, niacinam\u012bds, pept\u012bdi, hialuronsk\u0101be, adenoz\u012bns.<\/p>\n\n\n\n<p>Piem\u0113rots visiem \u0101das tipiem, tostarp jut\u012bgai \u0101dai. Dermatolo\u0123iski test\u0113ts.<\/p>\n\n\n\n<p><\/p>","protected":false},"excerpt":{"rendered":"<p data-start=\"78\" data-end=\"544\"><strong data-start=\"78\" data-end=\"126\">BEAUTY OF JOSEON Acu serums pret grumb\u0101m<\/strong> - ir vieglas konsistences, bet \u013coti efekt\u012bvs serums, kas paredz\u0113ts maigai un jut\u012bgai \u0101dai zem ac\u012bm. \u0160is inovat\u012bvais serums, kas bag\u0101tin\u0101ts ar <strong data-start=\"273\" data-end=\"298\">\u017ee\u0146\u0161e\u0146a un retinola<\/strong>pal\u012bdz samazin\u0101t s\u012bk\u0101s grumbi\u0146as, uzlabo \u0101das elast\u012bbu un mirdzumu. T\u0101 formula intens\u012bvi mitrina un stiprina zem ac\u012bm eso\u0161o \u0101du, pal\u012bdzot c\u012bn\u012bties ar pirmaj\u0101m noveco\u0161an\u0101s paz\u012bm\u0113m. Ide\u0101li piem\u0113rots gan r\u012bta, gan vakara proced\u016br\u0101m.<\/p>\n<h4 data-start=\"546\" data-end=\"565\"><strong data-start=\"551\" data-end=\"563\">Funkcijas:<\/strong><\/h4>\n<p data-start=\"566\" data-end=\"852\">\u2714 Stimul\u0113 kolag\u0113na ra\u017eo\u0161anu un uzlabo \u0101das elast\u012bbu<br data-start=\"618\" data-end=\"621\" \/>\u2714 Samazina smalk\u0101s l\u012bnijas un grumbas un pal\u012bdz izl\u012bdzin\u0101t \u0101du<br data-start=\"671\" data-end=\"674\" \/>\u2714 Viegla, \u0101tri uzs\u016bco\u0161a tekst\u016bra, neatst\u0101j taukainu saj\u016btu<br data-start=\"739\" data-end=\"742\" \/>\u2714 Izgaismo acu zonu un mazina noguruma paz\u012bmes<br data-start=\"793\" data-end=\"796\" \/>\u2714 Piem\u0113rots jut\u012bgai \u0101dai - maiga, bet efekt\u012bva formula<\/p>","protected":false},"featured_media":33239,"comment_status":"open","ping_status":"closed","template":"","meta":{"_acf_changed":false},"product_brand":[410],"product_cat":[92,56,59],"product_tag":[],"class_list":{"0":"post-33250","1":"product","2":"type-product","3":"status-publish","4":"has-post-thumbnail","6":"product_brand-beauty-of-joseon","7":"product_cat-groziui","8":"product_cat-veido-serumai","9":"product_cat-veidui","11":"first","12":"outofstock","13":"shipping-taxable","14":"purchasable","15":"product-type-simple"},"acf":[],"tiered_pricing_type":"fixed","tiered_pricing_fixed_rules":[],"tiered_pricing_product_settings":{"layout":"default","base_unit_name":{"singular":null,"plural":null},"default_variation":null},"tiered_pricing_minimum_quantity":null,"tiered_pricing_roles_data":[],"tiered_pricing_percentage_rules":[],"_links":{"self":[{"href":"https:\/\/purama.lt\/lv\/wp-json\/wp\/v2\/product\/33250","targetHints":{"allow":["GET"]}}],"collection":[{"href":"https:\/\/purama.lt\/lv\/wp-json\/wp\/v2\/product"}],"about":[{"href":"https:\/\/purama.lt\/lv\/wp-json\/wp\/v2\/types\/product"}],"replies":[{"embeddable":true,"href":"https:\/\/purama.lt\/lv\/wp-json\/wp\/v2\/comments?post=33250"}],"wp:featuredmedia":[{"embeddable":true,"href":"https:\/\/purama.lt\/lv\/wp-json\/wp\/v2\/media\/33239"}],"wp:attachment":[{"href":"https:\/\/purama.lt\/lv\/wp-json\/wp\/v2\/media?parent=33250"}],"wp:term":[{"taxonomy":"product_brand","embeddable":true,"href":"https:\/\/purama.lt\/lv\/wp-json\/wp\/v2\/product_brand?post=33250"},{"taxonomy":"product_cat","embeddable":true,"href":"https:\/\/purama.lt\/lv\/wp-json\/wp\/v2\/product_cat?post=33250"},{"taxonomy":"product_tag","embeddable":true,"href":"https:\/\/purama.lt\/lv\/wp-json\/wp\/v2\/product_tag?post=33250"}],"curies":[{"name":"wp","href":"https:\/\/api.w.org\/{rel}","templated":true}]}}