{"id":33248,"date":"2025-03-20T14:46:48","date_gmt":"2025-03-20T14:46:48","guid":{"rendered":"https:\/\/purama.lt\/produktas\/beauty-of-joseon-esencinis-vanduo-su-zenseniu\/"},"modified":"2026-04-10T13:03:26","modified_gmt":"2026-04-10T11:03:26","slug":"joseon-eteriska-udens-skaistums-ar-mizinu","status":"publish","type":"product","link":"https:\/\/purama.lt\/lv\/produktas\/beauty-of-joseon-esencinis-vanduo-su-zenseniu\/","title":{"rendered":"BEAUTY OF JOSEON \u0113teriskais \u016bdens ar \u017ee\u0146\u0161e\u0146u"},"content":{"rendered":"<p><strong>Lieto\u0161ana:<\/strong><\/p>\n\n\n\n<p>Ar rok\u0101m vai vates spilventi\u0146u uz t\u012bras \u0101das uzkl\u0101jiet nelielu daudzumu esences. Maigi izkl\u0101jiet un \u013caujiet ies\u016bkties. Var lietot no r\u012bta un vakar\u0101 pirms seruma vai kr\u0113ma.<\/p>\n\n\n\n<p><strong>Sast\u0101vda\u013cas:<\/strong> \u017de\u0146\u0161e\u0146a saknes ekstrakts, niac\u012bnam\u012bds, adenoz\u012bns, beta-glik\u0101ns, hialuronsk\u0101be, alanto\u012bns.<\/p>\n\n\n\n<p>Piem\u0113rots visiem \u0101das tipiem, \u012bpa\u0161i noguru\u0161ai, jut\u012bgai vai \u0101dai, kurai tr\u016bkst vitalit\u0101tes.<\/p>","protected":false},"excerpt":{"rendered":"<p data-start=\"79\" data-end=\"602\"><strong data-start=\"79\" data-end=\"128\">BEAUTY OF JOSEON \u0113teriskais \u016bdens ar \u017ee\u0146\u0161e\u0146u<\/strong> - ir daudzfunkcion\u0101ls toniz\u0113jo\u0161s un mitrino\u0161s l\u012bdzeklis, kas atjauno \u0101das l\u012bdzsvaru, atjauno mitrumu un atdz\u012bvina \u0101du. Formula ir bag\u0101tin\u0101ta ar <strong data-start=\"280\" data-end=\"308\">\u017ee\u0146\u0161e\u0146a saknes ekstrakts<\/strong>Tam piem\u012bt sp\u0113c\u012bga antioksidanta iedarb\u012bba, tas pal\u012bdz stiprin\u0101t \u0101das aizsargbarjeru un uzlabo t\u0101s elast\u012bbu. \u0112teriskais \u016bdens darbojas k\u0101 starpposms starp toniku un serumu, lieliski sagatavojot \u0101du turpm\u0101kai kop\u0161anai, palielinot citu produktu efektivit\u0101ti un uzlabojot kop\u0113jo \u0101das st\u0101vokli.<\/p>\n<p data-start=\"604\" data-end=\"623\"><strong data-start=\"609\" data-end=\"621\">Funkcijas:<\/strong><\/p>\n<p data-start=\"624\" data-end=\"893\">\u2714 Mitrina un toniz\u0113 \u0101du, atjaunojot t\u0101s l\u012bdzsvaru<br data-start=\"671\" data-end=\"674\" \/>\u2714 pie\u0161\u0137ir \u0101dai mirdzumu un gludumu<br data-start=\"709\" data-end=\"712\" \/>\u2714 Stiprina aizsargbarjeru un uzlabo elast\u012bbu<br data-start=\"762\" data-end=\"765\" \/>\u2714 Antioksidants - aizsarg\u0101 pret kait\u012bgiem vides faktoriem<br data-start=\"829\" data-end=\"832\" \/>\u2714 Sagatavo \u0101du serumiem vai kr\u0113miem, uzlabojot to uzs\u016bk\u0161anos.<\/p>","protected":false},"featured_media":33240,"comment_status":"open","ping_status":"closed","template":"","meta":{"_acf_changed":false},"product_brand":[410],"product_cat":[92,56,59],"product_tag":[],"class_list":{"0":"post-33248","1":"product","2":"type-product","3":"status-publish","4":"has-post-thumbnail","6":"product_brand-beauty-of-joseon","7":"product_cat-groziui","8":"product_cat-veido-serumai","9":"product_cat-veidui","11":"first","12":"outofstock","13":"shipping-taxable","14":"purchasable","15":"product-type-simple"},"acf":[],"tiered_pricing_type":"fixed","tiered_pricing_fixed_rules":[],"tiered_pricing_product_settings":{"layout":"default","base_unit_name":{"singular":null,"plural":null},"default_variation":null},"tiered_pricing_minimum_quantity":null,"tiered_pricing_roles_data":[],"tiered_pricing_percentage_rules":[],"_links":{"self":[{"href":"https:\/\/purama.lt\/lv\/wp-json\/wp\/v2\/product\/33248","targetHints":{"allow":["GET"]}}],"collection":[{"href":"https:\/\/purama.lt\/lv\/wp-json\/wp\/v2\/product"}],"about":[{"href":"https:\/\/purama.lt\/lv\/wp-json\/wp\/v2\/types\/product"}],"replies":[{"embeddable":true,"href":"https:\/\/purama.lt\/lv\/wp-json\/wp\/v2\/comments?post=33248"}],"wp:featuredmedia":[{"embeddable":true,"href":"https:\/\/purama.lt\/lv\/wp-json\/wp\/v2\/media\/33240"}],"wp:attachment":[{"href":"https:\/\/purama.lt\/lv\/wp-json\/wp\/v2\/media?parent=33248"}],"wp:term":[{"taxonomy":"product_brand","embeddable":true,"href":"https:\/\/purama.lt\/lv\/wp-json\/wp\/v2\/product_brand?post=33248"},{"taxonomy":"product_cat","embeddable":true,"href":"https:\/\/purama.lt\/lv\/wp-json\/wp\/v2\/product_cat?post=33248"},{"taxonomy":"product_tag","embeddable":true,"href":"https:\/\/purama.lt\/lv\/wp-json\/wp\/v2\/product_tag?post=33248"}],"curies":[{"name":"wp","href":"https:\/\/api.w.org\/{rel}","templated":true}]}}