{"id":33247,"date":"2025-03-20T14:46:48","date_gmt":"2025-03-20T14:46:48","guid":{"rendered":"https:\/\/purama.lt\/produktas\/beauty-of-joseon-ryziu-sviesinantis-serumas\/"},"modified":"2026-04-10T13:03:26","modified_gmt":"2026-04-10T11:03:26","slug":"joseon-balinasanas-seruma-skaistums","status":"publish","type":"product","link":"https:\/\/purama.lt\/lv\/produktas\/beauty-of-joseon-ryziu-sviesinantis-serumas\/","title":{"rendered":"BEAUTY OF JOSEON R\u012bsu balino\u0161ais serums"},"content":{"rendered":"<p><strong>Izmanto\u0161ana<\/strong><\/p>\n\n\n\n<p>Uzkl\u0101jiet da\u017eus pilienus seruma uz t\u012bras, toniz\u0113tas \u0101das. Maigi izkl\u0101jiet un \u013caujiet tai ies\u016bkties. Lietojiet no r\u012bta un vakar\u0101 pirms mitrino\u0161\u0101 l\u012bdzek\u013ca.<\/p>\n\n\n\n<p><strong>Sast\u0101vda\u013cas:<\/strong> R\u012bsu ekstrakts, niac\u012bnam\u012bds, arbut\u012bns, hialuronsk\u0101be, alanto\u012bns, gliciriz\u012bns (no lakricas), beta\u012bns.<\/p>\n\n\n\n<p>Ide\u0101li piem\u0113rots mirdzo\u0161ai, mitrin\u0101tai un vizu\u0101li glud\u0101kai \u0101dai.<\/p>","protected":false},"excerpt":{"rendered":"<p data-start=\"77\" data-end=\"616\"><strong data-start=\"77\" data-end=\"124\">BEAUTY OF JOSEON R\u012bsu balino\u0161ais serums<\/strong> - ir serums ar maigu, bet efekt\u012bvu formulu, kas izl\u012bdzina \u0101das toni, padara to gai\u0161\u0101ku un mitrina. Galven\u0101 akt\u012bv\u0101 sast\u0101vda\u013ca ir <strong data-start=\"275\" data-end=\"295\">R\u012bsu ekstrakts<\/strong>, kas jau kop\u0161 seniem laikiem tiek augstu v\u0113rt\u0113ts par t\u0101 sp\u0113ju padar\u012bt \u0101du gai\u0161\u0101ku, barojo\u0161u un m\u012bkstino\u0161u. Serums pal\u012bdz mazin\u0101t pigmenta plankumus, bl\u0101vumu un noguruma paz\u012bmes, vienlaikus stiprinot \u0101das aizsargbarjeru. Tas ir ide\u0101li piem\u0113rots ikdienas \u0101das kop\u0161anas proced\u016br\u0101m, lai ieg\u016btu svaigu, starojo\u0161u un vienm\u0113r\u012bgu sejas kr\u0101su.<\/p>\n<p data-start=\"618\" data-end=\"637\"><strong data-start=\"623\" data-end=\"635\">Funkcijas:<\/strong><\/p>\n<p data-start=\"638\" data-end=\"852\">\u2714 Izgaismo un izl\u012bdzina \u0101das toni<br data-start=\"675\" data-end=\"678\" \/>\u2714 Samazina pigmenta plankumus un noguruma paz\u012bmes<br data-start=\"726\" data-end=\"729\" \/>\u2714 Mitrina un m\u012bkstina \u0101du bez taukain\u012bbas<br data-start=\"766\" data-end=\"769\" \/>\u2714 Uzlabo \u0101das tekst\u016bru un elast\u012bbu<br data-start=\"806\" data-end=\"809\" \/>\u2714 Piem\u0113rots visiem \u0101das tipiem, tostarp jut\u012bgai \u0101dai<\/p>","protected":false},"featured_media":33234,"comment_status":"open","ping_status":"closed","template":"","meta":{"_acf_changed":false},"product_brand":[410],"product_cat":[92,56,59],"product_tag":[],"class_list":{"0":"post-33247","1":"product","2":"type-product","3":"status-publish","4":"has-post-thumbnail","6":"product_brand-beauty-of-joseon","7":"product_cat-groziui","8":"product_cat-veido-serumai","9":"product_cat-veidui","11":"first","12":"outofstock","13":"shipping-taxable","14":"purchasable","15":"product-type-simple"},"acf":[],"tiered_pricing_type":"fixed","tiered_pricing_fixed_rules":[],"tiered_pricing_product_settings":{"layout":"default","base_unit_name":{"singular":null,"plural":null},"default_variation":null},"tiered_pricing_minimum_quantity":null,"tiered_pricing_roles_data":[],"tiered_pricing_percentage_rules":[],"_links":{"self":[{"href":"https:\/\/purama.lt\/lv\/wp-json\/wp\/v2\/product\/33247","targetHints":{"allow":["GET"]}}],"collection":[{"href":"https:\/\/purama.lt\/lv\/wp-json\/wp\/v2\/product"}],"about":[{"href":"https:\/\/purama.lt\/lv\/wp-json\/wp\/v2\/types\/product"}],"replies":[{"embeddable":true,"href":"https:\/\/purama.lt\/lv\/wp-json\/wp\/v2\/comments?post=33247"}],"wp:featuredmedia":[{"embeddable":true,"href":"https:\/\/purama.lt\/lv\/wp-json\/wp\/v2\/media\/33234"}],"wp:attachment":[{"href":"https:\/\/purama.lt\/lv\/wp-json\/wp\/v2\/media?parent=33247"}],"wp:term":[{"taxonomy":"product_brand","embeddable":true,"href":"https:\/\/purama.lt\/lv\/wp-json\/wp\/v2\/product_brand?post=33247"},{"taxonomy":"product_cat","embeddable":true,"href":"https:\/\/purama.lt\/lv\/wp-json\/wp\/v2\/product_cat?post=33247"},{"taxonomy":"product_tag","embeddable":true,"href":"https:\/\/purama.lt\/lv\/wp-json\/wp\/v2\/product_tag?post=33247"}],"curies":[{"name":"wp","href":"https:\/\/api.w.org\/{rel}","templated":true}]}}