{"id":33246,"date":"2025-03-20T14:46:48","date_gmt":"2025-03-20T14:46:48","guid":{"rendered":"https:\/\/purama.lt\/produktas\/beauty-of-joseon-serumas-su-propoliu-ir-niacinamidu\/"},"modified":"2026-04-10T13:03:26","modified_gmt":"2026-04-10T11:03:26","slug":"joseon-seruma-skaistums-ar-propolisu-un-niacinamidu","status":"publish","type":"product","link":"https:\/\/purama.lt\/lv\/produktas\/beauty-of-joseon-serumas-su-propoliu-ir-niacinamidu\/","title":{"rendered":"BEAUTY OF JOSEON Propolis Glow Serum sejas serums"},"content":{"rendered":"<p><strong>Lieto\u0161ana:<\/strong><\/p>\n\n\n\n<p>Uzkl\u0101jiet 2-3 pilienus seruma uz t\u012bras un toniz\u0113tas \u0101das, viegli izkl\u0101jiet un \u013caujiet tam ies\u016bkties. Lietojiet no r\u012bta un vakar\u0101 pirms mitrino\u0161\u0101 l\u012bdzek\u013ca.<\/p>\n\n\n\n<p><strong>Sast\u0101vda\u013cas:<\/strong> propolisa ekstrakts, niac\u012bnam\u012bds, beta\u012bns, hialuronsk\u0101be, arbut\u012bns, za\u013c\u0101s t\u0113jas ekstrakts, pantenols.<\/p>\n\n\n\n<p>Piem\u0113rots visiem \u0101das tipiem, \u012bpa\u0161i jut\u012bgai, taukainai vai ar noslieci uz izsitumiem.<\/p>","protected":false},"excerpt":{"rendered":"<p data-start=\"85\" data-end=\"550\"><strong>BEAUTY OF JOSEON Propolis Glow Serum sejas serums<\/strong> - ir serums ar intens\u012bvi barojo\u0161u un atjaunojo\u0161u formulu, kas pal\u012bdz nomierin\u0101t kairin\u0101tu \u0101du, atjaunot t\u0101s mitruma l\u012bdzsvaru un uzlabot kop\u0113jo izskatu. Propolam piem\u012bt antibakteri\u0101las un atjaunojo\u0161as \u012bpa\u0161\u012bbas, savuk\u0101rt niacinam\u012bds pal\u012bdz padar\u012bt \u0101du gai\u0161\u0101ku, mazina pigment\u0101ciju un stiprina \u0101das aizsargbarjeras funkciju. \u0160is serums ir ide\u0101li piem\u0113rots noguru\u0161ai, nevienm\u0113r\u012bgai vai problem\u0101tiskai \u0101dai.<\/p>\n<p data-start=\"552\" data-end=\"571\"><strong data-start=\"557\" data-end=\"569\">Funkcijas:<br \/><\/strong>\u2714 Nomierina kairin\u0101tu, jut\u012bgu vai uz pinn\u0113m tend\u0113tu \u0101du<br data-start=\"623\" data-end=\"626\" \/>\u2714 Pal\u012bdz izl\u012bdzin\u0101t \u0101das toni un samazin\u0101t pigment\u0101ciju<br data-start=\"687\" data-end=\"690\" \/>\u2714 Baro un mitrina \u0101du, atjaunojot vesel\u012bgu izskatu<br data-start=\"741\" data-end=\"744\" \/>\u2714 Stiprina \u0101das aizsargbarjeru un mazina iekaisumu<br data-start=\"796\" data-end=\"799\" \/>\u2714 Viegla tekst\u016bra \u0101tri uzs\u016bcas, neatst\u0101jot taukainu atlikumu<\/p>","protected":false},"featured_media":33238,"comment_status":"open","ping_status":"closed","template":"","meta":{"_acf_changed":false},"product_brand":[410],"product_cat":[92,500,56,59],"product_tag":[],"class_list":{"0":"post-33246","1":"product","2":"type-product","3":"status-publish","4":"has-post-thumbnail","6":"product_brand-beauty-of-joseon","7":"product_cat-groziui","8":"product_cat-outlet","9":"product_cat-veido-serumai","10":"product_cat-veidui","12":"first","13":"instock","14":"sale","15":"shipping-taxable","16":"purchasable","17":"product-type-simple"},"acf":[],"tiered_pricing_type":"fixed","tiered_pricing_fixed_rules":[],"tiered_pricing_product_settings":{"layout":"default","base_unit_name":{"singular":null,"plural":null},"default_variation":null},"tiered_pricing_minimum_quantity":null,"tiered_pricing_roles_data":[],"tiered_pricing_percentage_rules":[],"_links":{"self":[{"href":"https:\/\/purama.lt\/lv\/wp-json\/wp\/v2\/product\/33246","targetHints":{"allow":["GET"]}}],"collection":[{"href":"https:\/\/purama.lt\/lv\/wp-json\/wp\/v2\/product"}],"about":[{"href":"https:\/\/purama.lt\/lv\/wp-json\/wp\/v2\/types\/product"}],"replies":[{"embeddable":true,"href":"https:\/\/purama.lt\/lv\/wp-json\/wp\/v2\/comments?post=33246"}],"wp:featuredmedia":[{"embeddable":true,"href":"https:\/\/purama.lt\/lv\/wp-json\/wp\/v2\/media\/33238"}],"wp:attachment":[{"href":"https:\/\/purama.lt\/lv\/wp-json\/wp\/v2\/media?parent=33246"}],"wp:term":[{"taxonomy":"product_brand","embeddable":true,"href":"https:\/\/purama.lt\/lv\/wp-json\/wp\/v2\/product_brand?post=33246"},{"taxonomy":"product_cat","embeddable":true,"href":"https:\/\/purama.lt\/lv\/wp-json\/wp\/v2\/product_cat?post=33246"},{"taxonomy":"product_tag","embeddable":true,"href":"https:\/\/purama.lt\/lv\/wp-json\/wp\/v2\/product_tag?post=33246"}],"curies":[{"name":"wp","href":"https:\/\/api.w.org\/{rel}","templated":true}]}}