{"id":33245,"date":"2025-03-20T14:46:47","date_gmt":"2025-03-20T14:46:47","guid":{"rendered":"https:\/\/purama.lt\/produktas\/beauty-of-joseon-spf50-pa-ryziu-apsauginis-kremas-nuo-saules\/"},"modified":"2026-04-10T13:03:26","modified_gmt":"2026-04-10T11:03:26","slug":"skaistums-no-joseon-spf50-pa-ryziu-saules-aizsargkrems","status":"publish","type":"product","link":"https:\/\/purama.lt\/lv\/produktas\/beauty-of-joseon-spf50-pa-ryziu-apsauginis-kremas-nuo-saules\/","title":{"rendered":"BEAUTY OF JOSEON Relief Sun Rice &amp; Probiotics SPF 50 saules aizsargkr\u0113ms"},"content":{"rendered":"<p><strong>Izmanto\u0161ana<\/strong><\/p>\n\n\n\n<p>Uzkl\u0101jiet vienm\u0113r\u012bgu kr\u0113ma k\u0101rtu uz t\u012bras \u0101das k\u0101 p\u0113d\u0113jo r\u012bta proced\u016bras soli. Uzkl\u0101jiet 15-20 min\u016btes pirms sau\u013co\u0161an\u0101s. Ja nepiecie\u0161ams, dienas laik\u0101 uzkl\u0101jiet atk\u0101rtoti ik p\u0113c 2-3 stund\u0101m.<\/p>\n\n\n\n<p><strong>Sast\u0101vda\u013cas:<\/strong> R\u012bsu ekstrakts, niacinam\u012bds, hialuronsk\u0101be, ferment\u0113tu graudu ekstrakti, skval\u0101ns, bisabolols, alanto\u012bns.<\/p>\n\n\n\n<p>Piem\u0113rots ikdienas lieto\u0161anai visiem \u0101das tipiem, pat jut\u012bgai \u0101dai. Dermatolo\u0123iski test\u0113ts.<\/p>","protected":false},"excerpt":{"rendered":"<p data-start=\"99\" data-end=\"641\"><strong>BEAUTY OF JOSEON Saules aizsargs ar r\u012bsiem un probiotik\u0101m SPF<\/strong>\u00a0\u2013 t\u0101 ir maiga, \u0101tri ies\u016bcas tekst\u016bra ikdienas aizsardz\u012bbai pret sauli, bag\u0101tin\u0101ta ar r\u012bsu ekstraktu un probiotikiem. Kr\u0113ms ne tikai efekt\u012bvi pasarg\u0101 \u0101du no kait\u012bgajiem UVA un UVB stariem, bet ar\u012b mitrina, nomierina un stiprina \u0101das aizsargbarjeru. Pateicoties vieglajai, ne\u013ct\u012bbai konsistencei, tas lieliski piem\u0113rots ikdienas lieto\u0161anai \u2013 nerada baltumu un nesavienojas por\u0101s. Ide\u0101la izv\u0113le tiem, kas mekl\u0113 uzticamu aizsardz\u012bbu un papildu \u0101das kop\u0161anu vien\u0101 produkt\u0101.<\/p>\n<p data-start=\"643\" data-end=\"662\"><strong data-start=\"648\" data-end=\"660\">Funkcijas:<\/strong><\/p>\n<p data-start=\"663\" data-end=\"944\">\u2714 Augsta SPF50+\/PA++++ UV aizsardz\u012bba<br data-start=\"716\" data-end=\"719\" \/>\u2714 R\u012bsu ekstrakts mitrina, baro un izgaismo \u0101du<br data-start=\"771\" data-end=\"774\" \/>\u2714 Probiotikas stiprina \u0101das mikrobiomu un aizsargbarjeru<br data-start=\"833\" data-end=\"836\" \/>\u2714 Nav taukains, \u0101tri uzs\u016bcas, bez baltas kr\u0101sas efekta<br data-start=\"887\" data-end=\"890\" \/>\u2714 Piem\u0113rots jut\u012bgai, taukainai, jauktai un norm\u0101lai \u0101dai<\/p>","protected":false},"featured_media":33237,"comment_status":"open","ping_status":"closed","template":"","meta":{"_acf_changed":false},"product_brand":[410],"product_cat":[92,57,299,59],"product_tag":[],"class_list":{"0":"post-33245","1":"product","2":"type-product","3":"status-publish","4":"has-post-thumbnail","6":"product_brand-beauty-of-joseon","7":"product_cat-groziui","8":"product_cat-akcijos","9":"product_cat-kremai-nuo-saules-veidui","10":"product_cat-veidui","12":"first","13":"instock","14":"sale","15":"shipping-taxable","16":"purchasable","17":"product-type-simple"},"acf":[],"tiered_pricing_type":"fixed","tiered_pricing_fixed_rules":[],"tiered_pricing_product_settings":{"layout":"default","base_unit_name":{"singular":null,"plural":null},"default_variation":null},"tiered_pricing_minimum_quantity":null,"tiered_pricing_roles_data":[],"tiered_pricing_percentage_rules":[],"_links":{"self":[{"href":"https:\/\/purama.lt\/lv\/wp-json\/wp\/v2\/product\/33245","targetHints":{"allow":["GET"]}}],"collection":[{"href":"https:\/\/purama.lt\/lv\/wp-json\/wp\/v2\/product"}],"about":[{"href":"https:\/\/purama.lt\/lv\/wp-json\/wp\/v2\/types\/product"}],"replies":[{"embeddable":true,"href":"https:\/\/purama.lt\/lv\/wp-json\/wp\/v2\/comments?post=33245"}],"wp:featuredmedia":[{"embeddable":true,"href":"https:\/\/purama.lt\/lv\/wp-json\/wp\/v2\/media\/33237"}],"wp:attachment":[{"href":"https:\/\/purama.lt\/lv\/wp-json\/wp\/v2\/media?parent=33245"}],"wp:term":[{"taxonomy":"product_brand","embeddable":true,"href":"https:\/\/purama.lt\/lv\/wp-json\/wp\/v2\/product_brand?post=33245"},{"taxonomy":"product_cat","embeddable":true,"href":"https:\/\/purama.lt\/lv\/wp-json\/wp\/v2\/product_cat?post=33245"},{"taxonomy":"product_tag","embeddable":true,"href":"https:\/\/purama.lt\/lv\/wp-json\/wp\/v2\/product_tag?post=33245"}],"curies":[{"name":"wp","href":"https:\/\/api.w.org\/{rel}","templated":true}]}}