{"id":33244,"date":"2025-03-20T14:46:47","date_gmt":"2025-03-20T14:46:47","guid":{"rendered":"https:\/\/purama.lt\/produktas\/beauty-of-joseon-svelnus-drekinamasis-veido-kremas\/"},"modified":"2026-04-10T13:03:26","modified_gmt":"2026-04-10T11:03:26","slug":"joseon-mitrinosa-sejas-krema-skaistums","status":"publish","type":"product","link":"https:\/\/purama.lt\/lv\/produktas\/beauty-of-joseon-svelnus-drekinamasis-veido-kremas\/","title":{"rendered":"BEAUTY OF JOSEON Dynasty Cream sejas kr\u0113ms"},"content":{"rendered":"<p><strong>Lieto\u0161ana:<\/strong><\/p>\n\n\n\n<p>Uzkl\u0101jiet nelielu kr\u0113ma daudzumu uz t\u012bras \u0101das p\u0113c seruma vai tonika. Lietojiet no r\u012bta un vakar\u0101, izvairoties no acu zonas.<\/p>\n\n\n\n<p><strong>Sast\u0101vda\u013cas:<\/strong> R\u012bsu kliju \u016bdens, za\u013c\u0101s t\u0113jas ekstrakts, za\u013c\u0101s t\u0113jas ekstrakts, sak\u0146u augu komplekss (Hanbang), keram\u012bdi, skval\u0101ns, beta\u012bns, niacinam\u012bds, pantenols.<\/p>\n\n\n\n<p>Piem\u0113rots ikdienas lieto\u0161anai, pat jut\u012bgai vai uz kairin\u0101tu \u0101du.<\/p>","protected":false},"excerpt":{"rendered":"<p data-start=\"84\" data-end=\"541\"><strong>BEAUTY OF JOSEON Dynasty Cream sejas kr\u0113ms<\/strong>\u00a0- ir vieglas konsistences, bet efekt\u012bvs mitrino\u0161s l\u012bdzeklis ikdienas kop\u0161anai visiem \u0101das tipiem. \u0160is kr\u0113ms, kas izstr\u0101d\u0101ts saska\u0146\u0101 ar tradicion\u0101lo korejie\u0161u gar\u0161augu filozofiju (Hanbang), nomierina, baro un atjauno \u0101das l\u012bdzsvaru. T\u0101 augu ekstrakti kop\u0101 ar keram\u012bdu kompleksu pal\u012bdz stiprin\u0101t \u0101das aizsargbarjeru, nov\u0113r\u0161 mitruma zudumu un nodro\u0161ina ilgsto\u0161u komforta saj\u016btu.<\/p>\n<p data-start=\"543\" data-end=\"562\"><strong data-start=\"548\" data-end=\"560\">Funkcijas:<br \/><\/strong>\u2714 Ilgnotur\u012bga mitrin\u0101\u0161ana bez taukainas saj\u016btas<br data-start=\"605\" data-end=\"608\" \/>\u2714 Nomierina kairin\u0101tu un jut\u012bgu \u0101du<br data-start=\"642\" data-end=\"645\" \/>\u2714 Stiprina \u0101das aizsargbarjeru<br data-start=\"678\" data-end=\"681\" \/>\u2714 Piem\u0113rots kombin\u0113tai, taukainai un jut\u012bgai \u0101dai<br data-start=\"722\" data-end=\"725\" \/>\u2714 \u0100tri uzs\u016bcas, ide\u0101li piem\u0113rots p\u0113c seruma vai pirms make-up<\/p>","protected":false},"featured_media":33241,"comment_status":"open","ping_status":"closed","template":"","meta":{"_acf_changed":false},"product_brand":[410],"product_cat":[92,500,55,59],"product_tag":[],"class_list":{"0":"post-33244","1":"product","2":"type-product","3":"status-publish","4":"has-post-thumbnail","6":"product_brand-beauty-of-joseon","7":"product_cat-groziui","8":"product_cat-outlet","9":"product_cat-veido-kremai","10":"product_cat-veidui","12":"first","13":"instock","14":"sale","15":"shipping-taxable","16":"purchasable","17":"product-type-simple"},"acf":[],"tiered_pricing_type":"fixed","tiered_pricing_fixed_rules":[],"tiered_pricing_product_settings":{"layout":"default","base_unit_name":{"singular":null,"plural":null},"default_variation":null},"tiered_pricing_minimum_quantity":null,"tiered_pricing_roles_data":[],"tiered_pricing_percentage_rules":[],"_links":{"self":[{"href":"https:\/\/purama.lt\/lv\/wp-json\/wp\/v2\/product\/33244","targetHints":{"allow":["GET"]}}],"collection":[{"href":"https:\/\/purama.lt\/lv\/wp-json\/wp\/v2\/product"}],"about":[{"href":"https:\/\/purama.lt\/lv\/wp-json\/wp\/v2\/types\/product"}],"replies":[{"embeddable":true,"href":"https:\/\/purama.lt\/lv\/wp-json\/wp\/v2\/comments?post=33244"}],"wp:featuredmedia":[{"embeddable":true,"href":"https:\/\/purama.lt\/lv\/wp-json\/wp\/v2\/media\/33241"}],"wp:attachment":[{"href":"https:\/\/purama.lt\/lv\/wp-json\/wp\/v2\/media?parent=33244"}],"wp:term":[{"taxonomy":"product_brand","embeddable":true,"href":"https:\/\/purama.lt\/lv\/wp-json\/wp\/v2\/product_brand?post=33244"},{"taxonomy":"product_cat","embeddable":true,"href":"https:\/\/purama.lt\/lv\/wp-json\/wp\/v2\/product_cat?post=33244"},{"taxonomy":"product_tag","embeddable":true,"href":"https:\/\/purama.lt\/lv\/wp-json\/wp\/v2\/product_tag?post=33244"}],"curies":[{"name":"wp","href":"https:\/\/api.w.org\/{rel}","templated":true}]}}