{"id":33062,"date":"2025-03-14T13:19:57","date_gmt":"2025-03-14T13:19:57","guid":{"rendered":"https:\/\/purama.lt\/produktas\/zenyth-colonhelp-ekologiski-milteliai\/"},"modified":"2026-03-18T14:46:06","modified_gmt":"2026-03-18T12:46:06","slug":"zenyth-colonhelp-organiskais-pulveris","status":"publish","type":"product","link":"https:\/\/purama.lt\/lv\/produktas\/zenyth-colonhelp-ekologiski-milteliai\/","title":{"rendered":"ZENYTH ColonHelp organiskais pulveris"},"content":{"rendered":"<h4 class=\"wp-block-heading\"><strong>K\u0101 lietot<\/strong>?<\/h4>\n\n\n\n<p>Pieaugu\u0161ajiem ieteicams lietot <strong>1-3 kausi\u0146i<\/strong> (8-24 g) \u0161\u0137iedrvielu dien\u0101.<br>B\u0113rniem un pusaud\u017eiem (12-18 gadi) ieteicam\u0101 lieto\u0161ana ir \u0161\u0101da. <strong>1 kausi\u0146\u0161<\/strong> (8 g) \u0161\u0137iedrvielu dien\u0101.<br>Maksim\u0101l\u0101 dienas deva l\u012bdz <strong>4 kausi\u0146i<\/strong> (32 g) \u0161\u0137iedrvielu dien\u0101.<\/p>\n\n\n\n<p><strong>Sagatavo\u0161ana:<\/strong> Sajauciet produktu ar <strong>200 ml \u016bdens, sulas vai jogurta<\/strong> un iedzert. Lietojiet pirms vai p\u0113c \u0113\u0161anas.<\/p>\n\n\n\n<p><strong>Svar\u012bgi!<\/strong><br>P\u0113c <strong>ColonHelp<\/strong> ir nepiecie\u0161ams lietot papildin\u0101jumu, lai dzertu <strong>1-2 gl\u0101zes \u016bdens (apm\u0113ram 400 ml)<\/strong>.<br>Ieteicamajai diennakts devai j\u0101b\u016bt vismaz <strong>1,5-2 litri \u016bdens<\/strong>lai nodro\u0161in\u0101tu pareizu \u0161\u0137iedrvielu uz\u0146em\u0161anu un izvair\u012btos no diskomforta gremo\u0161anas sist\u0113m\u0101.<\/p>\n\n\n\n<p><strong>Sast\u0101vda\u013cas:<\/strong> linu s\u0113\u0161anai (<em>Linum usitatissimum<\/em>), lins\u0113kl\u0101m, baltegl\u012bt\u0113m (<em>Plantago ovata<\/em>) s\u0113klu \u010daumalas, sasmalcin\u0101tas \u0137ime\u0146u s\u0113klas (<em>Carum carvi<\/em>), sasmalcin\u0101tas koriandra s\u0113klas (<em>Coriandrum sativum<\/em>) s\u0113klas, raudenes (Origanum vulgare) lapas, sasmalcin\u0101tas p\u0113ters\u012b\u013cu (Petroselinum crispum) lapas. \u00a0<\/p>","protected":false},"excerpt":{"rendered":"<p data-start=\"88\" data-end=\"418\"><strong data-start=\"88\" data-end=\"108\">ZENYTH ColonHelp<\/strong> - \u0161is <strong data-start=\"115\" data-end=\"159\">unik\u0101ls \u0161\u0137iedru komplekss<\/strong>, kas paredz\u0113ti, lai nodro\u0161in\u0101tu <strong data-start=\"190\" data-end=\"264\">labu gremo\u0161anu, zarnu l\u012bdzsvaru un visp\u0101r\u0113jo labsaj\u016btu.<\/strong>. \u0160\u012b formula apvieno <strong data-start=\"286\" data-end=\"343\">ide\u0101li sabalans\u0113tas \u0161\u0137\u012bsto\u0161\u0101s un ne\u0161\u0137\u012bsto\u0161\u0101s \u0161\u0137iedrvielas.<\/strong>kas dabiski uzbriest zarn\u0101s, maigi regul\u0113jot to darb\u012bbu.<\/p>\n<p data-start=\"420\" data-end=\"659\">Papildin\u0101ts ar <strong data-start=\"430\" data-end=\"517\">\u010detras v\u0113rt\u012bgas gar\u0161vielas - p\u0113ters\u012b\u013ci, \u0137imenes, raudene un koriandrs.<\/strong>, k\u0101 ar\u012b <strong data-start=\"528\" data-end=\"537\">m\u0101li<\/strong> - \u0160is mais\u012bjums ne tikai veicina lab\u0101ku gremo\u0161anu, bet ar\u012b pal\u012bdz izvad\u012bt toks\u012bnus un veicina norm\u0101lu aknu darb\u012bbu.<\/p>\n<p data-start=\"666\" data-end=\"713\"><strong data-start=\"670\" data-end=\"711\">K\u0101p\u0113c izv\u0113l\u0113ties ZENYTH ColonHelp?<\/strong><\/p>\n<p data-start=\"715\" data-end=\"1423\">\u2714 Dabiska un sabalans\u0113ta \u0161\u0137iedrvielu formula - \u0161\u0137\u012bsto\u0161\u0101s un ne\u0161\u0137\u012bsto\u0161\u0101s \u0161\u0137iedrvielas darbojas siner\u0123iski, lai nodro\u0161in\u0101tu maigu, bet efekt\u012bvu zarnu att\u012br\u012b\u0161anu.<br data-start=\"861\" data-end=\"864\" \/>\u2714 Veicina norm\u0101lu gremo\u0161anas funkciju - dabisk\u0101s sast\u0101vda\u013cas atbalsta ku\u0146\u0123a un zarnu darb\u012bbu<br data-start=\"963\" data-end=\"966\" \/>\u2714 Pal\u012bdz uztur\u0113t vesel\u012bgu zarnu mikrofloru - uzlabo bar\u012bbas vielu uzs\u016bk\u0161anos un organisma dabisko detoksik\u0101ciju.<br data-start=\"1087\" data-end=\"1090\" \/>\u2714 veicina norm\u0101lu holester\u012bna l\u012bmeni - balto v\u0113nu s\u0113klu \u010daumalas var pal\u012bdz\u0113t regul\u0113t holester\u012bna l\u012bmeni asin\u012bs<br data-start=\"1224\" data-end=\"1227\" \/>\u2714 Atbalsta aknu darb\u012bbu - oregano piem\u012bt dabiskas \u012bpa\u0161\u012bbas, kas var pal\u012bdz\u0113t stiprin\u0101t aknu darb\u012bbu<br data-start=\"1332\" data-end=\"1335\" \/>\u2714 Bag\u0101tin\u0101ts ar dab\u012bg\u0101m gar\u0161viel\u0101m un m\u0101lu - papildu ieguvumi gremo\u0161anas sist\u0113mai<\/p>","protected":false},"featured_media":33068,"comment_status":"open","ping_status":"closed","template":"","meta":{"_acf_changed":false},"product_brand":[463],"product_cat":[123,266,267,500,264,265],"product_tag":[],"class_list":{"0":"post-33062","1":"product","2":"type-product","3":"status-publish","4":"has-post-thumbnail","6":"product_brand-zenyth","7":"product_cat-papildai-ilgaamziskumui","8":"product_cat-fermentai-ir-virskinimas","9":"product_cat-kepenu-detoksas","10":"product_cat-outlet","11":"product_cat-virskinimui-ir-detoksui","12":"product_cat-zarnynas-ir-mikrobioma","14":"first","15":"instock","16":"sale","17":"shipping-taxable","18":"purchasable","19":"product-type-simple"},"acf":[],"tiered_pricing_type":"fixed","tiered_pricing_fixed_rules":[],"tiered_pricing_product_settings":{"layout":"default","base_unit_name":{"singular":null,"plural":null},"default_variation":null},"tiered_pricing_minimum_quantity":null,"tiered_pricing_roles_data":[],"tiered_pricing_percentage_rules":[],"_links":{"self":[{"href":"https:\/\/purama.lt\/lv\/wp-json\/wp\/v2\/product\/33062","targetHints":{"allow":["GET"]}}],"collection":[{"href":"https:\/\/purama.lt\/lv\/wp-json\/wp\/v2\/product"}],"about":[{"href":"https:\/\/purama.lt\/lv\/wp-json\/wp\/v2\/types\/product"}],"replies":[{"embeddable":true,"href":"https:\/\/purama.lt\/lv\/wp-json\/wp\/v2\/comments?post=33062"}],"wp:featuredmedia":[{"embeddable":true,"href":"https:\/\/purama.lt\/lv\/wp-json\/wp\/v2\/media\/33068"}],"wp:attachment":[{"href":"https:\/\/purama.lt\/lv\/wp-json\/wp\/v2\/media?parent=33062"}],"wp:term":[{"taxonomy":"product_brand","embeddable":true,"href":"https:\/\/purama.lt\/lv\/wp-json\/wp\/v2\/product_brand?post=33062"},{"taxonomy":"product_cat","embeddable":true,"href":"https:\/\/purama.lt\/lv\/wp-json\/wp\/v2\/product_cat?post=33062"},{"taxonomy":"product_tag","embeddable":true,"href":"https:\/\/purama.lt\/lv\/wp-json\/wp\/v2\/product_tag?post=33062"}],"curies":[{"name":"wp","href":"https:\/\/api.w.org\/{rel}","templated":true}]}}