{"id":32575,"date":"2025-02-21T09:28:38","date_gmt":"2025-02-21T09:28:38","guid":{"rendered":"https:\/\/purama.lt\/produktas\/pulsetto-vagus-nervo-stimuliatoriaus-gelis\/"},"modified":"2025-06-16T06:48:06","modified_gmt":"2025-06-16T06:48:06","slug":"pulsetto-vagus-nervu-stimulatora-gels","status":"publish","type":"product","link":"https:\/\/purama.lt\/lv\/produktas\/pulsetto-vagus-nervo-stimuliatoriaus-gelis\/","title":{"rendered":"Pulsetto klejojo\u0161\u0101 nervu stimulatora g\u0113ls"},"content":{"rendered":"<p>Lieto\u0161ana: pirms lieto\u0161anas uzkl\u0101jiet nelielu daudzumu gela uz elektrodiem un izbaudiet v\u0113l efekt\u012bv\u0101ku stimul\u0101ciju.<\/p>\n\n\n\n<p><strong>Pulsetto \u017eeleja<\/strong> - b\u016btisks piederums maksim\u0101lam komfortam un lab\u0101kajiem rezult\u0101tiem!<\/p>","protected":false},"excerpt":{"rendered":"<p data-start=\"0\" data-end=\"307\"><strong data-start=\"0\" data-end=\"46\">Pulsetto klejojo\u0161\u0101 nervu stimulatora g\u0113ls<\/strong> - ir \u012bpa\u0161i izstr\u0101d\u0101ts vad\u012btsp\u0113j\u012bgs gels, kas nodro\u0161ina optim\u0101lu Pulsetto darb\u012bbu un efekt\u012bvu klejojo\u0161\u0101 nerva stimul\u0101ciju. G\u0113ls uzlabo elektrisko impulsu vad\u012btsp\u0113ju un palielina stimul\u0101cijas komfortu, nodro\u0161inot vislab\u0101kos rezult\u0101tus katr\u0101 lieto\u0161anas reiz\u0113.<\/p>\n<p data-start=\"309\" data-end=\"576\">\u0160o \u017eeleju ir viegli uzkl\u0101t, t\u0101 \u0101tri no\u017e\u016bst un neatst\u0101j lip\u012bgu saj\u016btu. Tas ir izstr\u0101d\u0101ts t\u0101, lai nerad\u012btu kairin\u0101jumu un b\u016btu piem\u0113rots ikdienas lieto\u0161anai. <strong data-start=\"463\" data-end=\"481\">Pulsetto \u017eeleja<\/strong> ir b\u016btisks piederums, lai vagus nerva stimulators b\u016btu maksim\u0101li efekt\u012bvs un \u0113rts.<\/p>\n<h4 data-start=\"578\" data-end=\"596\"><strong data-start=\"582\" data-end=\"594\">Funkcijas:<\/strong><\/h4>\n<ul data-start=\"597\" data-end=\"815\">\n<li data-start=\"597\" data-end=\"658\"><strong data-start=\"599\" data-end=\"627\">Uzlabo impulsu vad\u012btsp\u0113ju<\/strong> un stimul\u0101cijas efektivit\u0101ti.<\/li>\n<li data-start=\"659\" data-end=\"701\"><strong data-start=\"661\" data-end=\"699\">Nodro\u0161ina komfortu lieto\u0161anas laik\u0101.<\/strong><\/li>\n<li data-start=\"702\" data-end=\"770\"><strong data-start=\"704\" data-end=\"740\">Viegli uzkl\u0101jams, \u0101tri \u017e\u016bst<\/strong>, neatst\u0101jot lip\u012bgu saj\u016btu.<\/li>\n<li data-start=\"771\" data-end=\"815\"><strong data-start=\"773\" data-end=\"790\">Hipoaler\u0123isks<\/strong> - piem\u0113rots jut\u012bgai \u0101dai.<\/li>\n<\/ul>","protected":false},"featured_media":0,"comment_status":"open","ping_status":"closed","template":"","meta":{"_acf_changed":false},"product_brand":[],"product_cat":[282,285,283],"product_tag":[],"class_list":{"0":"post-32575","1":"product","2":"type-product","3":"status-publish","5":"product_cat-longevity-prietaisai","6":"product_cat-nervu-stimuliacija","7":"product_cat-sveikatingumo-prietaisai","9":"first","10":"outofstock","11":"shipping-taxable","12":"purchasable","13":"product-type-simple"},"acf":[],"tiered_pricing_type":"fixed","tiered_pricing_fixed_rules":[],"tiered_pricing_product_settings":{"layout":"default","base_unit_name":{"singular":null,"plural":null},"default_variation":null},"tiered_pricing_minimum_quantity":null,"tiered_pricing_roles_data":[],"tiered_pricing_percentage_rules":[],"_links":{"self":[{"href":"https:\/\/purama.lt\/lv\/wp-json\/wp\/v2\/product\/32575","targetHints":{"allow":["GET"]}}],"collection":[{"href":"https:\/\/purama.lt\/lv\/wp-json\/wp\/v2\/product"}],"about":[{"href":"https:\/\/purama.lt\/lv\/wp-json\/wp\/v2\/types\/product"}],"replies":[{"embeddable":true,"href":"https:\/\/purama.lt\/lv\/wp-json\/wp\/v2\/comments?post=32575"}],"wp:attachment":[{"href":"https:\/\/purama.lt\/lv\/wp-json\/wp\/v2\/media?parent=32575"}],"wp:term":[{"taxonomy":"product_brand","embeddable":true,"href":"https:\/\/purama.lt\/lv\/wp-json\/wp\/v2\/product_brand?post=32575"},{"taxonomy":"product_cat","embeddable":true,"href":"https:\/\/purama.lt\/lv\/wp-json\/wp\/v2\/product_cat?post=32575"},{"taxonomy":"product_tag","embeddable":true,"href":"https:\/\/purama.lt\/lv\/wp-json\/wp\/v2\/product_tag?post=32575"}],"curies":[{"name":"wp","href":"https:\/\/api.w.org\/{rel}","templated":true}]}}