{"id":32574,"date":"2025-02-21T09:28:37","date_gmt":"2025-02-21T09:28:37","guid":{"rendered":"https:\/\/purama.lt\/produktas\/pulsetto-vagus-nervo-stimuliatoriaus-kelioninis-deklas\/"},"modified":"2025-11-12T13:49:23","modified_gmt":"2025-11-12T11:49:23","slug":"pulsetto-vagus-nervu-stimulatora-celojuma-uzlime","status":"publish","type":"product","link":"https:\/\/purama.lt\/lv\/produktas\/pulsetto-vagus-nervo-stimuliatoriaus-kelioninis-deklas\/","title":{"rendered":"Pulsetto vagus nervu stimulatora ce\u013cojuma futr\u0101lis"},"content":{"rendered":"<p><strong>Pulsetto korpuss<\/strong> - t\u0101 ir ne tikai aizsardz\u012bba, bet ar\u012b praktisks risin\u0101jums tiem, kas v\u0113las saglab\u0101t savu ier\u012bci. <strong>dro\u0161s, k\u0101rt\u012bgs un vienm\u0113r pa rokai<\/strong>.<\/p>","protected":false},"excerpt":{"rendered":"<p data-start=\"85\" data-end=\"503\">P\u0101rn\u0113s\u0101jiet savu <strong data-start=\"101\" data-end=\"113\">Pulsetto<\/strong> ar \u0161o ier\u012bci varat visur \u0146emt l\u012bdzi ier\u012bci <strong data-start=\"148\" data-end=\"195\">iztur\u012bgs un elegants cieto korpusu futr\u0101lis<\/strong>. Tas ir izstr\u0101d\u0101ts, lai aizsarg\u0101tu ier\u012bci no triecieniem, skr\u0101p\u0113jumiem un vides ietekmes, nodro\u0161inot iztur\u012bbu un dro\u0161\u012bbu ikdienas lieto\u0161an\u0101. M\u012bkstais aizsarg\u0101jo\u0161ais materi\u0101ls iek\u0161pus\u0113 pasarg\u0101 ier\u012bci no meh\u0101niskiem boj\u0101jumiem, un iztur\u012bg\u0101 r\u0101v\u0113jsl\u0113dz\u0113ja sist\u0113ma ne\u013cauj tai negaid\u012bti atv\u0113rties.<\/p>\n<p data-start=\"505\" data-end=\"819\">\u0160is futr\u0101lis ir ide\u0101li piem\u0113rots ne tikai m\u0101j\u0101s, bet ar\u012b darb\u0101 vai akt\u012bv\u0101 vid\u0113, jo tas nodro\u0161in\u0101s j\u016bsu ier\u012bces aizsardz\u012bbu neatkar\u012bgi no t\u0101, vai to n\u0113s\u0101jat mugursom\u0101, rokassomi\u0146\u0101 vai kabat\u0101. <strong data-start=\"694\" data-end=\"737\">Minim\u0101listisks un ergonomisks dizains<\/strong> nodro\u0161ina, ka futr\u0101lis neaiz\u0146ems daudz vietas, bet lieliski pild\u012bs savu funkciju.<\/p>\n<h4 data-start=\"821\" data-end=\"839\"><strong data-start=\"825\" data-end=\"837\">Funkcijas:<\/strong><\/h4>\n<ul data-start=\"840\" data-end=\"1390\">\n<li data-start=\"840\" data-end=\"924\"><strong data-start=\"842\" data-end=\"858\">Kompakts<\/strong> - Korpusa pl\u0101nais, racion\u0101lais dizains aiz\u0146em minim\u0101lu vietu.<\/li>\n<li data-start=\"925\" data-end=\"1016\"><strong data-start=\"927\" data-end=\"939\">Iztur\u012bgs<\/strong> - iztur\u012bgi un iztur\u012bgi materi\u0101li nodro\u0161ina aizsardz\u012bbu pret triecieniem un skr\u0101p\u0113jumiem.<\/li>\n<li data-start=\"1017\" data-end=\"1104\"><strong data-start=\"1019\" data-end=\"1051\">Aizsarg\u0101jo\u0161a iek\u0161\u0113j\u0101 odere<\/strong> - m\u012bksts materi\u0101ls aizsarg\u0101 ier\u012bci no skr\u0101p\u0113jumiem.<\/li>\n<li data-start=\"1105\" data-end=\"1191\"><strong data-start=\"1107\" data-end=\"1130\">Dro\u0161s zip<\/strong> - iztur\u012bga aizdares sist\u0113ma nov\u0113r\u0161 ier\u012bces izkri\u0161anu.<\/li>\n<li data-start=\"1192\" data-end=\"1283\"><strong data-start=\"1194\" data-end=\"1219\">Viegls un p\u0101rn\u0113s\u0101jams<\/strong> - \u0113rts ikdienas lieto\u0161anai m\u0101j\u0101s un ce\u013c\u0101.<\/li>\n<li data-start=\"1284\" data-end=\"1390\"><strong data-start=\"1286\" data-end=\"1299\">Stil\u012bgs<\/strong> - modernais dizains pie\u0161\u0137ir elegantu izskatu un lieliski sader ar Pulsetto ier\u012bci.<\/li>\n<\/ul>","protected":false},"featured_media":32578,"comment_status":"open","ping_status":"closed","template":"","meta":{"_acf_changed":false},"product_brand":[448],"product_cat":[282,285,61,283],"product_tag":[],"class_list":{"0":"post-32574","1":"product","2":"type-product","3":"status-publish","4":"has-post-thumbnail","6":"product_brand-pulsetto","7":"product_cat-longevity-prietaisai","8":"product_cat-nervu-stimuliacija","9":"product_cat-ramybei","10":"product_cat-sveikatingumo-prietaisai","12":"first","13":"instock","14":"shipping-taxable","15":"purchasable","16":"product-type-simple"},"acf":[],"tiered_pricing_type":"fixed","tiered_pricing_fixed_rules":[],"tiered_pricing_product_settings":{"layout":"default","base_unit_name":{"singular":null,"plural":null},"default_variation":null},"tiered_pricing_minimum_quantity":null,"tiered_pricing_roles_data":[],"tiered_pricing_percentage_rules":[],"_links":{"self":[{"href":"https:\/\/purama.lt\/lv\/wp-json\/wp\/v2\/product\/32574","targetHints":{"allow":["GET"]}}],"collection":[{"href":"https:\/\/purama.lt\/lv\/wp-json\/wp\/v2\/product"}],"about":[{"href":"https:\/\/purama.lt\/lv\/wp-json\/wp\/v2\/types\/product"}],"replies":[{"embeddable":true,"href":"https:\/\/purama.lt\/lv\/wp-json\/wp\/v2\/comments?post=32574"}],"wp:featuredmedia":[{"embeddable":true,"href":"https:\/\/purama.lt\/lv\/wp-json\/wp\/v2\/media\/32578"}],"wp:attachment":[{"href":"https:\/\/purama.lt\/lv\/wp-json\/wp\/v2\/media?parent=32574"}],"wp:term":[{"taxonomy":"product_brand","embeddable":true,"href":"https:\/\/purama.lt\/lv\/wp-json\/wp\/v2\/product_brand?post=32574"},{"taxonomy":"product_cat","embeddable":true,"href":"https:\/\/purama.lt\/lv\/wp-json\/wp\/v2\/product_cat?post=32574"},{"taxonomy":"product_tag","embeddable":true,"href":"https:\/\/purama.lt\/lv\/wp-json\/wp\/v2\/product_tag?post=32574"}],"curies":[{"name":"wp","href":"https:\/\/api.w.org\/{rel}","templated":true}]}}