{"id":32517,"date":"2025-02-18T08:03:27","date_gmt":"2025-02-18T08:03:27","guid":{"rendered":"https:\/\/purama.lt\/produktas\/hayejin-ricefila-dvigubai-drekinantis-kremas\/"},"modified":"2026-04-10T13:03:26","modified_gmt":"2026-04-10T11:03:26","slug":"hayejin-ricefila-dubultais-mitrinosais-krems","status":"publish","type":"product","link":"https:\/\/purama.lt\/lv\/produktas\/hayejin-ricefila-dvigubai-drekinantis-kremas\/","title":{"rendered":"HAYEJIN RiceFila dubultais mitrino\u0161ais kr\u0113ms"},"content":{"rendered":"<h4 class=\"wp-block-heading\"><strong>K\u0101 darbojas HAYEJIN RiceFila Cream?<\/strong><\/h4>\n\n\n\n<ul class=\"wp-block-list\">\n<li><strong>Dzi\u013ci mitrina \u0101du<\/strong>, nodro\u0161ina ilgsto\u0161u mitruma saj\u016btu<\/li>\n\n\n\n<li><strong>Nostiprina \u0101das barjeru<\/strong>, nov\u0113r\u0161ot mitruma zudumu<\/li>\n\n\n\n<li><strong>Samazina stiep\u0161anos un sausumu<\/strong>, sniedz \u0101dai komforta saj\u016btu<\/li>\n\n\n\n<li><strong>Uztur \u0101das elast\u012bbu<\/strong>, pie\u0161\u0137ir vesel\u012bgu mirdzumu<\/li>\n<\/ul>\n\n\n\n<h4 class=\"wp-block-heading\"><strong>K\u0101 lietot?<\/strong><\/h4>\n\n\n\n<ol class=\"wp-block-list\">\n<li><strong>Uzkl\u0101jiet kr\u0113mu no r\u012bta un vakar\u0101<\/strong> uz t\u012bras \u0101das.<\/li>\n\n\n\n<li>Viegli iemas\u0113jiet, l\u012bdz piln\u012bb\u0101 ies\u016bcas.<\/li>\n\n\n\n<li><strong>Lai sasniegtu vislab\u0101ko rezult\u0101tu<\/strong> izmanto\u0161ana kombin\u0101cij\u0101 ar citiem <strong>HAYEJIN RicePhila l\u012bnija<\/strong>.<\/li>\n<\/ol>\n\n\n\n<p><strong>Sast\u0101vda\u013cas:<\/strong> R\u012bsu ekstrakts, hialuronsk\u0101be, keram\u012bdi, augu e\u013c\u013cas, dab\u012bgi mitrino\u0161i komponenti.<\/p>\n\n\n\n<p><strong>HAYEJIN RiceFila dubultais mitrino\u0161ais kr\u0113ms<\/strong> - dzi\u013ca mitrin\u0101\u0161ana un z\u012bdaini gluda \u0101da katru dienu!<\/p>\n\n\n\n<p><\/p>\n\n\n\n<p><\/p>","protected":false},"excerpt":{"rendered":"<p data-start=\"102\" data-end=\"471\"><strong data-start=\"102\" data-end=\"150\">HAYEJIN RiceFila dubultais mitrino\u0161ais kr\u0113ms<\/strong> - \u0161is <strong data-start=\"157\" data-end=\"206\">dzi\u013ci mitrino\u0161s sejas kr\u0113ms<\/strong>, bag\u0101tin\u0101ts <strong data-start=\"221\" data-end=\"272\">r\u012bsu ekstrakts, keram\u012bds un hialuronsk\u0101be<\/strong>kas pal\u012bdz <strong data-start=\"287\" data-end=\"368\">atjauno \u0101das mitruma l\u012bdzsvaru, stiprina aizsargbarjeru un m\u012bkstina \u0101du.<\/strong>. Kr\u0113ma formula viegli ies\u016bcas, neatst\u0101j taukainu saj\u016btu un nodro\u0161ina, ka <strong data-start=\"441\" data-end=\"468\">ilgsto\u0161s \u0101das komforts<\/strong>.<\/p>\n<h4 data-start=\"473\" data-end=\"526\"><strong data-start=\"477\" data-end=\"524\">K\u0101p\u0113c izv\u0113l\u0113ties HAYEJIN RiceFila kr\u0113mu?<\/strong><\/h4>\n<p data-start=\"527\" data-end=\"1001\">\u2714 <strong data-start=\"529\" data-end=\"562\">Dubult\u0101 mitrino\u0161\u0101 iedarb\u012bba<\/strong> - hialuronsk\u0101be un r\u012bsu ekstrakts dzi\u013cai \u0101das mitrin\u0101\u0161anai<br data-start=\"636\" data-end=\"639\" \/>\u2714 <strong data-start=\"641\" data-end=\"671\">Stiprina aizsargbarjeru<\/strong> - keram\u012bdi pal\u012bdz uztur\u0113t \u0101das mitrumu un aizsardz\u012bbu pret \u0101r\u0113jiem agresoriem.<br data-start=\"745\" data-end=\"748\" \/>\u2714 <strong data-start=\"750\" data-end=\"769\">Viegla tekst\u016bra<\/strong> - \u0101tri ies\u016bcas, neatst\u0101jot taukainu saj\u016btu<br data-start=\"817\" data-end=\"820\" \/>\u2714 <strong data-start=\"822\" data-end=\"846\">Piem\u0113rots visiem \u0101das tipiem<\/strong> - ide\u0101la izv\u0113le sausai, jut\u012bgai vai dehidr\u0113tai \u0101dai.<br data-start=\"907\" data-end=\"910\" \/>\u2714 <strong data-start=\"912\" data-end=\"953\">Padara \u0101du maigu un elast\u012bgu<\/strong> - pal\u012bdz saglab\u0101t vesel\u012bgu un skaistu izskatu.<\/p>","protected":false},"featured_media":32521,"comment_status":"open","ping_status":"closed","template":"","meta":{"_acf_changed":false},"product_brand":[427],"product_cat":[59,92,55],"product_tag":[],"class_list":{"0":"post-32517","1":"product","2":"type-product","3":"status-publish","4":"has-post-thumbnail","6":"product_brand-hayejin","7":"product_cat-veidui","8":"product_cat-groziui","9":"product_cat-veido-kremai","11":"first","12":"outofstock","13":"shipping-taxable","14":"purchasable","15":"product-type-simple"},"acf":[],"tiered_pricing_type":"fixed","tiered_pricing_fixed_rules":[],"tiered_pricing_product_settings":{"layout":"default","base_unit_name":{"singular":null,"plural":null},"default_variation":null},"tiered_pricing_minimum_quantity":null,"tiered_pricing_roles_data":[],"tiered_pricing_percentage_rules":[],"_links":{"self":[{"href":"https:\/\/purama.lt\/lv\/wp-json\/wp\/v2\/product\/32517","targetHints":{"allow":["GET"]}}],"collection":[{"href":"https:\/\/purama.lt\/lv\/wp-json\/wp\/v2\/product"}],"about":[{"href":"https:\/\/purama.lt\/lv\/wp-json\/wp\/v2\/types\/product"}],"replies":[{"embeddable":true,"href":"https:\/\/purama.lt\/lv\/wp-json\/wp\/v2\/comments?post=32517"}],"wp:featuredmedia":[{"embeddable":true,"href":"https:\/\/purama.lt\/lv\/wp-json\/wp\/v2\/media\/32521"}],"wp:attachment":[{"href":"https:\/\/purama.lt\/lv\/wp-json\/wp\/v2\/media?parent=32517"}],"wp:term":[{"taxonomy":"product_brand","embeddable":true,"href":"https:\/\/purama.lt\/lv\/wp-json\/wp\/v2\/product_brand?post=32517"},{"taxonomy":"product_cat","embeddable":true,"href":"https:\/\/purama.lt\/lv\/wp-json\/wp\/v2\/product_cat?post=32517"},{"taxonomy":"product_tag","embeddable":true,"href":"https:\/\/purama.lt\/lv\/wp-json\/wp\/v2\/product_tag?post=32517"}],"curies":[{"name":"wp","href":"https:\/\/api.w.org\/{rel}","templated":true}]}}