{"id":32516,"date":"2025-02-18T08:03:27","date_gmt":"2025-02-18T08:03:27","guid":{"rendered":"https:\/\/purama.lt\/produktas\/hayejin-ricefila-valomasis-aliejus\/"},"modified":"2026-04-10T13:03:26","modified_gmt":"2026-04-10T11:03:26","slug":"hayejin-ricefila-attirosa-ella","status":"publish","type":"product","link":"https:\/\/purama.lt\/lv\/produktas\/hayejin-ricefila-valomasis-aliejus\/","title":{"rendered":"HAYEJEJIN RiceFila att\u012bro\u0161\u0101 e\u013c\u013ca"},"content":{"rendered":"<h4 class=\"wp-block-heading\"><strong>K\u0101 darbojas HAYEJIN RiceFila att\u012bro\u0161\u0101 e\u013c\u013ca?<\/strong><\/h4>\n\n\n\n<ul class=\"wp-block-list\">\n<li><strong>Efekt\u012bvi iz\u0161\u0137\u012bdina kosm\u0113tiku<\/strong>, no\u0146em pat \u016bdensnotur\u012bgus kosm\u0113tikas l\u012bdzek\u013cus.<\/li>\n\n\n\n<li><strong>No\u0146em no \u0101das net\u012brumus un lieko e\u013c\u013cu.<\/strong>neizjaucot dabisko mitruma l\u012bdzsvaru.<\/li>\n\n\n\n<li><strong>Padara \u0101du mitrin\u0101tu, m\u012bkstu un elast\u012bgu.<\/strong><\/li>\n\n\n\n<li><strong>Neizraisa poru aizs\u0113r\u0113\u0161anu<\/strong>piem\u0113rots visiem \u0101das tipiem<\/li>\n<\/ul>\n\n\n\n<h4 class=\"wp-block-heading\"><strong>K\u0101 lietot?<\/strong><\/h4>\n\n\n\n<ol class=\"wp-block-list\">\n<li><strong>Sausas rokas<\/strong> uzkl\u0101jiet e\u013c\u013cu uz sausas \u0101das.<\/li>\n\n\n\n<li>Mas\u0113jiet ar ap\u013cveida kust\u012bb\u0101m, l\u012bdz iz\u0161\u0137\u012bst grims un net\u012brumi.<\/li>\n\n\n\n<li>Samitriniet rokas ar siltu \u016bdeni un turpiniet mas\u0101\u017eu - e\u013c\u013ca p\u0101rv\u0113rt\u012bsies viegl\u0101 losjon\u0101.<\/li>\n\n\n\n<li>Labi noskalojiet ar siltu \u016bdeni.<\/li>\n\n\n\n<li><strong>Lai sasniegtu vislab\u0101ko rezult\u0101tu<\/strong> lieto\u0161ana kop\u0101 ar <strong><a href=\"https:\/\/purama.lt\/lv\/products\/hayejin-ricefila-attirosas-putas\/\">HAYEJIN RiceFila t\u012br\u012b\u0161anas putas<\/a><\/strong> dubultai t\u012br\u012b\u0161anai.<\/li>\n<\/ol>\n\n\n\n<p><strong>Sast\u0101vda\u013cas:<\/strong> R\u012bsu ekstrakts, augu e\u013c\u013cas (piem\u0113ram, saulespu\u0137u, jojobas), dab\u012bgi mitrino\u0161i komponenti.<\/p>\n\n\n\n<p><strong>HAYEJEJIN RiceFila att\u012bro\u0161\u0101 e\u013c\u013ca<\/strong> - dzi\u013ci att\u012bra, mitrina un padara \u0101du mirdzo\u0161u!<\/p>","protected":false},"excerpt":{"rendered":"<p data-start=\"93\" data-end=\"548\"><strong data-start=\"93\" data-end=\"131\">HAYEJEJIN RiceFila att\u012bro\u0161\u0101 e\u013c\u013ca<\/strong> - \u0161is <strong data-start=\"138\" data-end=\"201\">maigs, bet \u013coti efekt\u012bvs l\u012bdzeklis kosm\u0113tikas un net\u012brumu no\u0146em\u0161anai.<\/strong>, bag\u0101tin\u0101ts <strong data-start=\"216\" data-end=\"259\">r\u012bsu ekstrakts un augu e\u013c\u013cas<\/strong>kas <strong data-start=\"267\" data-end=\"349\">efekt\u012bvi iz\u0161\u0137\u012bdina kosm\u0113tiku, lieko e\u013c\u013cu un saules aizsardz\u012bbu<\/strong>neboj\u0101jot \u0101das dabisko mitruma l\u012bdzsvaru. \u0160\u012b e\u013c\u013ca ne tikai <strong data-start=\"416\" data-end=\"466\">Lieliski no\u0146em pat \u016bdensiztur\u012bgu kosm\u0113tiku<\/strong>, bet ar\u012b <strong data-start=\"475\" data-end=\"504\">m\u012bkstina un baro \u0101du<\/strong>pie\u0161\u0137ir tai maigumu un elast\u012bbu.<\/p>\n<h4 data-start=\"550\" data-end=\"613\"><strong data-start=\"554\" data-end=\"611\">K\u0101p\u0113c izv\u0113l\u0113ties HAYEJIN RiceFila att\u012bro\u0161o e\u013c\u013cu?<\/strong><\/h4>\n<p data-start=\"614\" data-end=\"981\">\u2714 <strong data-start=\"616\" data-end=\"635\">Dzi\u013ci att\u012bra \u0101du<\/strong>, efekt\u012bvi no\u0146em kosm\u0113tiku, SPF un net\u012brumus.<br data-start=\"683\" data-end=\"686\" \/>\u2714 <strong data-start=\"688\" data-end=\"720\">Bag\u0101tin\u0101ts ar r\u012bsu ekstraktu<\/strong> - mitrina un baro \u0101du t\u0101s att\u012br\u012b\u0161anas laik\u0101.<br data-start=\"757\" data-end=\"760\" \/>\u2714 <strong data-start=\"762\" data-end=\"801\">Neboj\u0101 \u0101das aizsargbarjeru.<\/strong> - neatst\u0101j stiep\u0161an\u0101s vai sausuma saj\u016btu<br data-start=\"840\" data-end=\"843\" \/>\u2714 <strong data-start=\"845\" data-end=\"873\">Viegla, z\u012bdaina tekst\u016bra<\/strong> - nerada taukainu saj\u016btu un viegli nomazg\u0101jas.<br data-start=\"922\" data-end=\"925\" \/>\u2714 <strong data-start=\"927\" data-end=\"951\">Piem\u0113rots visiem \u0101das tipiem<\/strong>, tostarp jut\u012bgu un sausu<\/p>","protected":false},"featured_media":32523,"comment_status":"open","ping_status":"closed","template":"","meta":{"_acf_changed":false},"product_brand":[427],"product_cat":[92,500,150,59],"product_tag":[],"class_list":{"0":"post-32516","1":"product","2":"type-product","3":"status-publish","4":"has-post-thumbnail","6":"product_brand-hayejin","7":"product_cat-groziui","8":"product_cat-outlet","9":"product_cat-veido-prausikliai","10":"product_cat-veidui","12":"first","13":"instock","14":"sale","15":"shipping-taxable","16":"purchasable","17":"product-type-simple"},"acf":[],"tiered_pricing_type":"fixed","tiered_pricing_fixed_rules":[],"tiered_pricing_product_settings":{"layout":"default","base_unit_name":{"singular":null,"plural":null},"default_variation":null},"tiered_pricing_minimum_quantity":null,"tiered_pricing_roles_data":[],"tiered_pricing_percentage_rules":[],"_links":{"self":[{"href":"https:\/\/purama.lt\/lv\/wp-json\/wp\/v2\/product\/32516","targetHints":{"allow":["GET"]}}],"collection":[{"href":"https:\/\/purama.lt\/lv\/wp-json\/wp\/v2\/product"}],"about":[{"href":"https:\/\/purama.lt\/lv\/wp-json\/wp\/v2\/types\/product"}],"replies":[{"embeddable":true,"href":"https:\/\/purama.lt\/lv\/wp-json\/wp\/v2\/comments?post=32516"}],"wp:featuredmedia":[{"embeddable":true,"href":"https:\/\/purama.lt\/lv\/wp-json\/wp\/v2\/media\/32523"}],"wp:attachment":[{"href":"https:\/\/purama.lt\/lv\/wp-json\/wp\/v2\/media?parent=32516"}],"wp:term":[{"taxonomy":"product_brand","embeddable":true,"href":"https:\/\/purama.lt\/lv\/wp-json\/wp\/v2\/product_brand?post=32516"},{"taxonomy":"product_cat","embeddable":true,"href":"https:\/\/purama.lt\/lv\/wp-json\/wp\/v2\/product_cat?post=32516"},{"taxonomy":"product_tag","embeddable":true,"href":"https:\/\/purama.lt\/lv\/wp-json\/wp\/v2\/product_tag?post=32516"}],"curies":[{"name":"wp","href":"https:\/\/api.w.org\/{rel}","templated":true}]}}