{"id":32492,"date":"2025-02-17T09:34:25","date_gmt":"2025-02-17T09:34:25","guid":{"rendered":"https:\/\/purama.lt\/produktas\/norsan-omega-3-fisk-jelly-braskiu-citrinu-skonio-guminukai-2\/"},"modified":"2026-04-15T13:45:14","modified_gmt":"2026-04-15T11:45:14","slug":"norsan-omega-3-fisk-zelejas-citronu-garsas-gumijas-2","status":"publish","type":"product","link":"https:\/\/purama.lt\/lv\/produktas\/norsan-omega-3-fisk-jelly-braskiu-citrinu-skonio-guminukai-2\/","title":{"rendered":"NORSAN, OMEGA-3 FISK JELLY, BRACHIAN CITRINE SKIN gum 120 gab."},"content":{"rendered":"<h4 class=\"wp-block-heading\"><strong>K\u0101 darbojas NORSAN Omega-3 Fisk Jelly?<\/strong><\/h4>\n\n\n\n<ul class=\"wp-block-list\">\n<li><strong>Veicina kognit\u012bv\u0101s funkcijas<\/strong>, pal\u012bdz saglab\u0101t skaidru dom\u0101\u0161anu.<\/li>\n\n\n\n<li><strong>Uzlabo sirds un asinsvadu vesel\u012bbu<\/strong>, regul\u0113 holester\u012bna l\u012bmeni asin\u012bs<\/li>\n\n\n\n<li><strong>Atbalsta acu vesel\u012bbu<\/strong>, DHA ir svar\u012bga redzes saglab\u0101\u0161anai<\/li>\n\n\n\n<li><strong>Nodro\u0161ina omega-3 dienas devu.<\/strong>bez sare\u017e\u0123\u012bta pat\u0113ri\u0146a - vienk\u0101r\u0161i izbaudiet gar\u0161\u012bgu gumiju!<\/li>\n<\/ul>\n\n\n\n<h4 class=\"wp-block-heading\"><strong>K\u0101 lietot?<\/strong><\/h4>\n\n\n\n<ol class=\"wp-block-list\">\n<li><strong>Ieteicam\u0101 dienas deva - 2 gumijas<\/strong>.<\/li>\n\n\n\n<li>Izmantojiet <strong>jebkur\u0101 diennakts laik\u0101<\/strong>.<\/li>\n\n\n\n<li><strong>Piem\u0113rots b\u0113rniem un pieaugu\u0161ajiem<\/strong> - labs veids, k\u0101 papildin\u0101t omega-3 kr\u0101jumus.<\/li>\n<\/ol>\n\n\n\n<p><strong>Sast\u0101vda\u013cas:<\/strong> Savva\u013cas zivju e\u013c\u013ca (omega-3 avots), dabisk\u0101s aug\u013cu gar\u0161as (zeme\u0146u, citronu), pekt\u012bns, augu \u017eelat\u012bns, dab\u012bgie antioksidanti.<\/p>\n\n\n\n<p><strong>NORSAN Omega-3 Fisk Jelly (120 gab.)<\/strong> - v\u0113l gard\u0101kas omega-3 gumijas j\u016bsu un j\u016bsu \u0123imenes vesel\u012bbai!<\/p>","protected":false},"excerpt":{"rendered":"<p data-start=\"107\" data-end=\"418\"><strong data-start=\"107\" data-end=\"136\">NORSAN Omega-3 Fisk Jelly<\/strong> - \u0161is <strong data-start=\"143\" data-end=\"182\">dab\u012bgas, gar\u0161\u012bgas omega-3 gumijas<\/strong>, kas bag\u0101tin\u0101ts ar augstas kvalit\u0101tes <strong data-start=\"212\" data-end=\"240\">savva\u013cas zivju e\u013c\u013ca<\/strong>, kas ir bag\u0101ts ar <strong data-start=\"256\" data-end=\"286\">EPA un DHA tauksk\u0101bes<\/strong>. \u0160\u012bs uzturvielas <strong data-start=\"317\" data-end=\"373\">atbalsta smadze\u0146u darb\u012bbu, redzi un sirds vesel\u012bbu.<\/strong>nodro\u0161ina ikdienas \u0137erme\u0146a aizsardz\u012bbu. \u0160is <strong data-start=\"426\" data-end=\"462\">liel\u0101k\u0101 iepakojum\u0101 ar 120 gumij\u0101m<\/strong> Omega-3 kr\u0101jumi saglab\u0101sies ilg\u0101k, t\u0101p\u0113c t\u0101 ir lieliska izv\u0113le visai \u0123imenei! <strong data-start=\"537\" data-end=\"566\">Zeme\u0146u un citrona gar\u0161a<\/strong> nodro\u0161ina pat\u012bkamu baud\u012bjumu bez zivju p\u0113cgar\u0161as, t\u0101p\u0113c \u0161\u012bs gumijas ir piem\u0113rotas gan b\u0113rniem, gan pieaugu\u0161ajiem.<\/p>\n<p data-start=\"679\" data-end=\"756\"><strong data-start=\"683\" data-end=\"754\">K\u0101p\u0113c izv\u0113l\u0113ties NORSAN Omega-3 Fisk Jelly gumijas?<br \/><\/strong>\u2714 Dabisks omega-3 avots no savva\u013cas zivju e\u013c\u013cas<br data-start=\"817\" data-end=\"820\" \/>\u2714 Gar\u0161\u012bga zeme\u0146u un citronu gar\u0161a - bez nepat\u012bkamas p\u0113cgar\u0161as<br data-start=\"883\" data-end=\"886\" \/>\u2714 Liel\u0101ks iepakojums ilg\u0101kai lieto\u0161anai!<br data-start=\"931\" data-end=\"934\" \/>\u2714 Atbalsta smadze\u0146u darb\u012bbu, atmi\u0146u un koncentr\u0113\u0161anos<br data-start=\"988\" data-end=\"991\" \/>\u2714 Veicina sirds un asinsvadu vesel\u012bbu<br data-start=\"1045\" data-end=\"1048\" \/>\u2714 Uzlabo redzi - DHA ir svar\u012bga t\u012bklenes funkcijai<br data-start=\"1103\" data-end=\"1106\" \/>\u2714 Bez m\u0101ksl\u012bg\u0101m piedev\u0101m un konservantiem<\/p>\n<p data-start=\"679\" data-end=\"756\">\u00a0<\/p>\n<p data-start=\"679\" data-end=\"756\">\u00a0<\/p>","protected":false},"featured_media":32499,"comment_status":"open","ping_status":"closed","template":"","meta":{"_acf_changed":false},"product_brand":[445],"product_cat":[123,253,252,279,280,255,256,254],"product_tag":[],"class_list":{"0":"post-32492","1":"product","2":"type-product","3":"status-publish","4":"has-post-thumbnail","6":"product_brand-norsan","7":"product_cat-papildai-ilgaamziskumui","8":"product_cat-imuniteto-palaikymas","9":"product_cat-imunitetui","10":"product_cat-kaulams-ir-sanariams","11":"product_cat-kaulu-stiprinimas","12":"product_cat-oksidacinio-streso-mazinimas","13":"product_cat-smegenims-ir-atminciai","14":"product_cat-uzdegimo-mazinimas","16":"first","17":"outofstock","18":"shipping-taxable","19":"purchasable","20":"product-type-simple"},"acf":[],"tiered_pricing_type":"fixed","tiered_pricing_fixed_rules":[],"tiered_pricing_product_settings":{"layout":"default","base_unit_name":{"singular":null,"plural":null},"default_variation":null},"tiered_pricing_minimum_quantity":null,"tiered_pricing_roles_data":[],"tiered_pricing_percentage_rules":[],"_links":{"self":[{"href":"https:\/\/purama.lt\/lv\/wp-json\/wp\/v2\/product\/32492","targetHints":{"allow":["GET"]}}],"collection":[{"href":"https:\/\/purama.lt\/lv\/wp-json\/wp\/v2\/product"}],"about":[{"href":"https:\/\/purama.lt\/lv\/wp-json\/wp\/v2\/types\/product"}],"replies":[{"embeddable":true,"href":"https:\/\/purama.lt\/lv\/wp-json\/wp\/v2\/comments?post=32492"}],"wp:featuredmedia":[{"embeddable":true,"href":"https:\/\/purama.lt\/lv\/wp-json\/wp\/v2\/media\/32499"}],"wp:attachment":[{"href":"https:\/\/purama.lt\/lv\/wp-json\/wp\/v2\/media?parent=32492"}],"wp:term":[{"taxonomy":"product_brand","embeddable":true,"href":"https:\/\/purama.lt\/lv\/wp-json\/wp\/v2\/product_brand?post=32492"},{"taxonomy":"product_cat","embeddable":true,"href":"https:\/\/purama.lt\/lv\/wp-json\/wp\/v2\/product_cat?post=32492"},{"taxonomy":"product_tag","embeddable":true,"href":"https:\/\/purama.lt\/lv\/wp-json\/wp\/v2\/product_tag?post=32492"}],"curies":[{"name":"wp","href":"https:\/\/api.w.org\/{rel}","templated":true}]}}