{"id":32485,"date":"2025-02-17T09:34:23","date_gmt":"2025-02-17T09:34:23","guid":{"rendered":"https:\/\/purama.lt\/produktas\/norsan-omega-3-arktis-su-vitaminu-d-citrinu-skonio-aliejus\/"},"modified":"2026-03-18T14:38:20","modified_gmt":"2026-03-18T12:38:20","slug":"althoughan-omega-3-ar-d-vitaminu-citronu-garsas-ella","status":"publish","type":"product","link":"https:\/\/purama.lt\/lv\/produktas\/norsan-omega-3-arktis-su-vitaminu-d-citrinu-skonio-aliejus\/","title":{"rendered":"NORSAN, OMEGA-3 E\u013b\u013bA AR D VITAM\u012aNU, CITR\u012aNA \u0100DAS E\u013b\u013bA"},"content":{"rendered":"<h4 class=\"wp-block-heading\"><strong>K\u0101 darbojas NORSAN Omega-3 Arktis ar D vitam\u012bnu?<\/strong><\/h4>\n\n\n\n<ul class=\"wp-block-list\">\n<li><strong>Nostiprina im\u016bnsist\u0113mu<\/strong>, atbalsta organisma pretest\u012bbu<\/li>\n\n\n\n<li><strong>Sirds un asinsvadu sist\u0113mas darb\u012bbas atbalsts<\/strong>, pal\u012bdz regul\u0113t holester\u012bna l\u012bmeni<\/li>\n\n\n\n<li><strong>Uzlabo kognit\u012bv\u0101s funkcijas<\/strong>, veicina koncentr\u0113\u0161an\u0101s sp\u0113jas un nervu sist\u0113mas darb\u012bbu<\/li>\n\n\n\n<li><strong>Veicina vesel\u012bgus kaulus<\/strong>D3 vitam\u012bns palielina kalcija uzs\u016bk\u0161anos.<\/li>\n\n\n\n<li><strong>Veicina acu vesel\u012bbu<\/strong>, atbalsta vizu\u0101l\u0101s funkcijas<\/li>\n<\/ul>\n\n\n\n<h4 class=\"wp-block-heading\"><strong>K\u0101 lietot?<\/strong><\/h4>\n\n\n\n<ol class=\"wp-block-list\">\n<li><strong>Ieteicam\u0101 deva ir 1 \u0113damkarote (10 ml) dien\u0101.<\/strong><\/li>\n\n\n\n<li>Var izmantot <strong>t\u012brs vai sajaukts ar p\u0101rtiku.<\/strong><\/li>\n<\/ol>\n\n\n\n<p><strong>Sast\u0101vda\u013cas:<\/strong> Savva\u013cas mencu aknu e\u013c\u013ca, dab\u012bga citronu e\u013c\u013ca, D3 vitam\u012bns (holekalciferols), dab\u012bgi antioksidanti (tokoferoli).<\/p>\n\n\n\n<p><strong>NORSAN Omega-3 Arctic ar D vitam\u012bnu<\/strong> - Sp\u0113c\u012bga omega-3 un D vitam\u012bna kombin\u0101cija j\u016bsu vesel\u012bbai!<\/p>","protected":false},"excerpt":{"rendered":"<p data-start=\"111\" data-end=\"456\"><strong data-start=\"111\" data-end=\"150\">NORSAN Omega-3 Arctic ar D vitam\u012bnu<\/strong> - \u0161is <strong data-start=\"157\" data-end=\"213\">augst\u0101k\u0101s kvalit\u0101tes omega-3 tauksk\u0101bju e\u013c\u013ca<\/strong>, kas ieg\u016bti no <strong data-start=\"227\" data-end=\"281\">mencu aknas no savva\u013cas menc\u0101m, kas nozvejotas Arktikas \u016bde\u0146os.<\/strong>. \u0160\u012b e\u013c\u013ca ir ne tikai <strong data-start=\"306\" data-end=\"339\">dab\u012bgs EPA un DHA avots<\/strong>, bet to papildina ar\u012b <strong data-start=\"359\" data-end=\"373\">D vitam\u012bns<\/strong>kas atbalsta <strong data-start=\"389\" data-end=\"453\">im\u016bnsist\u0113mu, kaulu iztur\u012bbu un visp\u0101r\u0113jo vesel\u012bbu.<\/strong>. Maigs <strong data-start=\"466\" data-end=\"494\">dabiska citrona gar\u0161a<\/strong> nodro\u0161ina pat\u012bkamu pat\u0113ri\u0146u bez zivju p\u0113cgar\u0161as.<\/p>\n<h4 data-start=\"545\" data-end=\"611\"><strong data-start=\"549\" data-end=\"609\">K\u0101p\u0113c izv\u0113l\u0113ties NORSAN Omega-3 Arktis ar D vitam\u012bnu?<\/strong><\/h4>\n<p data-start=\"612\" data-end=\"1191\">\u2714 <strong data-start=\"614\" data-end=\"658\">Dab\u012bga savva\u013cas mencu aknu e\u013c\u013ca<\/strong> - bag\u0101ts ar omega-3 EPA un DHA<br data-start=\"689\" data-end=\"692\" \/>\u2714 <strong data-start=\"694\" data-end=\"720\">Bag\u0101tin\u0101ts ar D3 vitam\u012bnu<\/strong> - atbalsta kaulu, im\u016bnsist\u0113mas un musku\u013cu vesel\u012bbu<br data-start=\"775\" data-end=\"778\" \/>\u2714 <strong data-start=\"780\" data-end=\"806\">Atbalsta sirds darb\u012bbu<\/strong> - mazina iekaisumu un regul\u0113 holester\u012bna l\u012bmeni<br data-start=\"870\" data-end=\"873\" \/>\u2714 <strong data-start=\"875\" data-end=\"903\">Uzlabo smadze\u0146u darb\u012bbu<\/strong> - pal\u012bdz uztur\u0113t atmi\u0146u, koncentr\u0113\u0161an\u0101s sp\u0113jas un emocion\u0101lo l\u012bdzsvaru.<br data-start=\"968\" data-end=\"971\" \/>\u2714 <strong data-start=\"973\" data-end=\"1010\">Veicina redzes saglab\u0101\u0161anu<\/strong> - DHA ir b\u016btiska t\u012bklenes sast\u0101vda\u013ca<br data-start=\"1044\" data-end=\"1047\" \/>\u2714 <strong data-start=\"1049\" data-end=\"1075\">Maiga citrona gar\u0161a<\/strong> - bez zivju p\u0113cgar\u0161as, viegli lietojams katru dienu<br data-start=\"1120\" data-end=\"1123\" \/>\u2714 <strong data-start=\"1125\" data-end=\"1163\">Bez m\u0101ksl\u012bg\u0101m piedev\u0101m un konservantiem<\/strong> - t\u012brs, dab\u012bgs sast\u0101vs<\/p>","protected":false},"featured_media":32498,"comment_status":"open","ping_status":"closed","template":"","meta":{"_acf_changed":false},"product_brand":[445],"product_cat":[123,253,252,279,280,255,500,256,254],"product_tag":[],"class_list":{"0":"post-32485","1":"product","2":"type-product","3":"status-publish","4":"has-post-thumbnail","6":"product_brand-norsan","7":"product_cat-papildai-ilgaamziskumui","8":"product_cat-imuniteto-palaikymas","9":"product_cat-imunitetui","10":"product_cat-kaulams-ir-sanariams","11":"product_cat-kaulu-stiprinimas","12":"product_cat-oksidacinio-streso-mazinimas","13":"product_cat-outlet","14":"product_cat-smegenims-ir-atminciai","15":"product_cat-uzdegimo-mazinimas","17":"first","18":"instock","19":"sale","20":"shipping-taxable","21":"purchasable","22":"product-type-simple"},"acf":[],"tiered_pricing_type":"fixed","tiered_pricing_fixed_rules":[],"tiered_pricing_product_settings":{"layout":"default","base_unit_name":{"singular":null,"plural":null},"default_variation":null},"tiered_pricing_minimum_quantity":null,"tiered_pricing_roles_data":[],"tiered_pricing_percentage_rules":[],"_links":{"self":[{"href":"https:\/\/purama.lt\/lv\/wp-json\/wp\/v2\/product\/32485","targetHints":{"allow":["GET"]}}],"collection":[{"href":"https:\/\/purama.lt\/lv\/wp-json\/wp\/v2\/product"}],"about":[{"href":"https:\/\/purama.lt\/lv\/wp-json\/wp\/v2\/types\/product"}],"replies":[{"embeddable":true,"href":"https:\/\/purama.lt\/lv\/wp-json\/wp\/v2\/comments?post=32485"}],"wp:featuredmedia":[{"embeddable":true,"href":"https:\/\/purama.lt\/lv\/wp-json\/wp\/v2\/media\/32498"}],"wp:attachment":[{"href":"https:\/\/purama.lt\/lv\/wp-json\/wp\/v2\/media?parent=32485"}],"wp:term":[{"taxonomy":"product_brand","embeddable":true,"href":"https:\/\/purama.lt\/lv\/wp-json\/wp\/v2\/product_brand?post=32485"},{"taxonomy":"product_cat","embeddable":true,"href":"https:\/\/purama.lt\/lv\/wp-json\/wp\/v2\/product_cat?post=32485"},{"taxonomy":"product_tag","embeddable":true,"href":"https:\/\/purama.lt\/lv\/wp-json\/wp\/v2\/product_tag?post=32485"}],"curies":[{"name":"wp","href":"https:\/\/api.w.org\/{rel}","templated":true}]}}