{"id":32391,"date":"2025-02-10T15:39:04","date_gmt":"2025-02-10T15:39:04","guid":{"rendered":"https:\/\/purama.lt\/produktas\/hempo-transderminis-cbd-pleistras\/"},"modified":"2026-03-09T17:37:29","modified_gmt":"2026-03-09T15:37:29","slug":"hempo-transdermalais-cbd-plaksteris","status":"publish","type":"product","link":"https:\/\/purama.lt\/lv\/produktas\/hempo-transderminis-cbd-pleistras\/","title":{"rendered":"HEMPO Transderm\u0101lais CBD pl\u0101ksteris"},"content":{"rendered":"<h4 class=\"wp-block-heading\"><strong>K\u0101 Hempo transderm\u0101lais CBD pl\u0101ksteris darbojas?<\/strong><\/h4>\n\n\n\n<ul class=\"wp-block-list\">\n<li><strong>L\u0113na un vienm\u0113r\u012bga CBD izdal\u012b\u0161an\u0101s<\/strong>ilgsto\u0161ai iedarb\u012bbai visas dienas garum\u0101<\/li>\n\n\n\n<li><strong>Uztur organisma dabisko l\u012bdzsvaru<\/strong>, kas pal\u012bdz mazin\u0101t spriedzi un diskomfortu.<\/li>\n\n\n\n<li><strong>Pal\u012bdz atsl\u0101bin\u0101ties un mazin\u0101t musku\u013cu nogurumu<\/strong> p\u0113c intens\u012bvas fiziskas slodzes<\/li>\n\n\n\n<li><strong>Samazina loc\u012btavu st\u012bvumu<\/strong>, veicina elast\u012bbu un uzlabo pa\u0161saj\u016btu.<\/li>\n<\/ul>\n\n\n\n<h4 class=\"wp-block-heading\"><strong>K\u0101 lietot?<\/strong><\/h4>\n\n\n\n<ol class=\"wp-block-list\">\n<li>Pirms pl\u0101kstera uzlik\u0161anas, <strong>p\u0101rliecinieties, ka j\u016bsu \u0101da ir t\u012bra un sausa.<\/strong>.<\/li>\n\n\n\n<li>No\u0146emiet aizsargpl\u0113vi un <strong>uzl\u012bm\u0113jiet pl\u0101ksteri uz v\u0113lam\u0101s \u0137erme\u0146a vietas.<\/strong> (mugura, pleci, ce\u013cgali, rokas vai citas vietas).<\/li>\n\n\n\n<li><strong>Main\u012bt ik p\u0113c 24 stund\u0101m<\/strong>P\u0113c pl\u0101kstera no\u0146em\u0161anas nomazg\u0101jiet atlikumus ar siltu \u016bdeni.<\/li>\n\n\n\n<li>Nelietot uz boj\u0101tas \u0101das vai uz sejas.<\/li>\n<\/ol>\n\n\n\n<p><strong>Sast\u0101vda\u013cas:<\/strong> Pla\u0161a spektra kanabidiols (600 mg CBD), \u016bdens, akril\u0101ta kopolim\u0113rs, kaprilic\/kapric triglicer\u012bdi.<\/p>\n\n\n\n<h4 class=\"wp-block-heading\"><strong>Izcila kvalit\u0101te un ilgtsp\u0113ja<\/strong><\/h4>\n\n\n\n<p>Hempo CBD pl\u0101ksteru lieto\u0161ana <strong>m\u016bsdien\u012bga superkritisk\u0101 CO\u2082 ekstrakcijas metode<\/strong>kas \u013cauj <strong>ieg\u016bt visas ka\u0146epju labv\u0113l\u012bg\u0101s \u012bpa\u0161\u012bbas, neboj\u0101jot to strukt\u016bru.<\/strong>. Neapstr\u0101d\u0101tas ka\u0146epes audz\u0113 <strong>biolo\u0123iski, bez \u0137\u012bmisk\u0101 m\u0113slojuma un sint\u0113tiskajiem pestic\u012bdiem.<\/strong>nodro\u0161inot, ka <strong>visaugst\u0101k\u0101 produktu t\u012br\u012bba un kvalit\u0101te<\/strong>.<\/p>\n\n\n\n<p><strong>Hempo transderm\u0101lais CBD pl\u0101ksteris<\/strong> - \u0113rts, efekt\u012bvs un dabisks veids <strong>samazin\u0101t musku\u013cu un loc\u012btavu sasprindzin\u0101jumu un saglab\u0101t akt\u012bvu dz\u012bvesveidu bez diskomforta.<\/strong>!<\/p>","protected":false},"excerpt":{"rendered":"<p><strong>Hempo transderm\u0101lie CBD pl\u0101ksteri<\/strong> - inovat\u012bvs, \u0113rts un efekt\u012bvs veids. <strong>lok\u0101li mazin\u0101t musku\u013cu un loc\u012btavu diskomfortu un veicin\u0101t relaks\u0101ciju.<\/strong>. Katrs iel\u0101ps pak\u0101peniski izdod <strong>pla\u0161a spektra kanabidiols (CBD)<\/strong> tie\u0161i caur \u0101du, nodro\u0161inot, ka <strong>ilgsto\u0161a iedarb\u012bba l\u012bdz pat 24 stund\u0101m<\/strong>. Izstr\u0101d\u0101ti akt\u012bvam dz\u012bvesveidam, \u0161ie pl\u0101ksteri pal\u012bdz p\u0113c <strong>intens\u012bvas m\u0101c\u012bbas, fiziska slodze, sastiepumi vai traumas.<\/strong>. Par <strong>unik\u0101la transderm\u0101la iedarb\u012bba<\/strong>, akt\u012bv\u0101s sast\u0101vda\u013cas iek\u013c\u016bst tie\u0161i dzi\u013c\u0101k audos, apejot gremo\u0161anas sist\u0113mu, t\u0101d\u0113j\u0101di nodro\u0161inot, ka. <strong>maksim\u0101la efektivit\u0101te un \u0101tr\u0101ks efekts<\/strong>.<\/p>\n<h4><strong>K\u0101p\u0113c izv\u0113l\u0113ties Hempo transderm\u0101los CBD pl\u0101ksterus?<\/strong><\/h4>\n<p>\u2714 <strong>Ilgtermi\u0146a sniegums<\/strong> - kontrol\u0113ta akt\u012bvo vielu izdal\u012b\u0161an\u0101s l\u012bdz 24 stund\u0101m.<br \/>\u2714 <strong>M\u0113r\u0137tiec\u012bga ietekme<\/strong> - iedarbojas tie\u0161i tur, kur tas ir nepiecie\u0161ams, mazinot musku\u013cu un loc\u012btavu sasprindzin\u0101jumu.<br \/>\u2714 <strong>Piem\u0113rots sportam un akt\u012bvam dz\u012bvesveidam<\/strong> - pal\u012bdz atg\u016bties p\u0113c treni\u0146a<br \/>\u2714 <strong>Pla\u0161a spektra CBD<\/strong> - saglab\u0101 visas ka\u0146epju labv\u0113l\u012bg\u0101s \u012bpa\u0161\u012bbas bez THC ietekmes.<br \/>\u2714 <strong>Biolo\u0123isk\u0101 izcelsme<\/strong> - ieg\u016bts no dabiski audz\u0113t\u0101m ka\u0146ep\u0113m, ko audz\u0113 \u0161\u0137iedras ieg\u016b\u0161anai.<br \/>\u2714 <strong>\u0112rts un diskr\u0113ts<\/strong> - viegli piegu\u013c pie \u0101das, nav paman\u0101ms ikdienas aktivit\u0101\u0161u laik\u0101. \u00a0<\/p>","protected":false},"featured_media":32400,"comment_status":"open","ping_status":"closed","template":"","meta":{"_acf_changed":false},"product_brand":[429],"product_cat":[98],"product_tag":[],"class_list":{"0":"post-32391","1":"product","2":"type-product","3":"status-publish","4":"has-post-thumbnail","6":"product_brand-hempo","7":"product_cat-sportui","9":"first","10":"instock","11":"shipping-taxable","12":"purchasable","13":"product-type-simple"},"acf":[],"tiered_pricing_type":"fixed","tiered_pricing_fixed_rules":[],"tiered_pricing_product_settings":{"layout":"default","base_unit_name":{"singular":null,"plural":null},"default_variation":null},"tiered_pricing_minimum_quantity":null,"tiered_pricing_roles_data":[],"tiered_pricing_percentage_rules":[],"_links":{"self":[{"href":"https:\/\/purama.lt\/lv\/wp-json\/wp\/v2\/product\/32391","targetHints":{"allow":["GET"]}}],"collection":[{"href":"https:\/\/purama.lt\/lv\/wp-json\/wp\/v2\/product"}],"about":[{"href":"https:\/\/purama.lt\/lv\/wp-json\/wp\/v2\/types\/product"}],"replies":[{"embeddable":true,"href":"https:\/\/purama.lt\/lv\/wp-json\/wp\/v2\/comments?post=32391"}],"wp:featuredmedia":[{"embeddable":true,"href":"https:\/\/purama.lt\/lv\/wp-json\/wp\/v2\/media\/32400"}],"wp:attachment":[{"href":"https:\/\/purama.lt\/lv\/wp-json\/wp\/v2\/media?parent=32391"}],"wp:term":[{"taxonomy":"product_brand","embeddable":true,"href":"https:\/\/purama.lt\/lv\/wp-json\/wp\/v2\/product_brand?post=32391"},{"taxonomy":"product_cat","embeddable":true,"href":"https:\/\/purama.lt\/lv\/wp-json\/wp\/v2\/product_cat?post=32391"},{"taxonomy":"product_tag","embeddable":true,"href":"https:\/\/purama.lt\/lv\/wp-json\/wp\/v2\/product_tag?post=32391"}],"curies":[{"name":"wp","href":"https:\/\/api.w.org\/{rel}","templated":true}]}}