{"id":32382,"date":"2025-02-10T15:39:01","date_gmt":"2025-02-10T15:39:01","guid":{"rendered":"https:\/\/purama.lt\/produktas\/hempo-plataus-spektro-cbd-kanapiu-aliejus-20\/"},"modified":"2026-04-10T12:17:46","modified_gmt":"2026-04-10T10:17:46","slug":"hempo-plasa-spektra-cbd-kanepju-ella-20","status":"publish","type":"product","link":"https:\/\/purama.lt\/lv\/produktas\/hempo-plataus-spektro-cbd-kanapiu-aliejus-20\/","title":{"rendered":"HEMPO Pla\u0161a spektra CBD ka\u0146epju e\u013c\u013ca 20%"},"content":{"rendered":"<h4 class=\"wp-block-heading\"><strong>K\u0101 darbojas HEMPO pla\u0161a spektra CBD e\u013c\u013ca?<\/strong><\/h4>\n\n\n\n<ul class=\"wp-block-list\">\n<li><strong>mazina stresu un emocion\u0101lo spriedzi<\/strong>, pal\u012bdz saglab\u0101t iek\u0161\u0113jo mieru<\/li>\n\n\n\n<li><strong>Atbalsta organisma dabisko reakciju uz iekaisuma procesiem.<\/strong><\/li>\n\n\n\n<li><strong>Uzlabo miega kvalit\u0101ti<\/strong>, samazinot nakts pamo\u0161an\u0101s bie\u017eumu<\/li>\n\n\n\n<li><strong>Pal\u012bdz uztur\u0113t visp\u0101r\u0113jo \u0137erme\u0146a l\u012bdzsvaru<\/strong> un dabisk\u0101 aizsardz\u012bba<\/li>\n\n\n\n<li><strong>Piem\u0113rots gan akt\u012bvam, gan mier\u012bgam dz\u012bvesveidam<\/strong>, pal\u012bdz uztur\u0113t ener\u0123iju un koncentr\u0113\u0161an\u0101s sp\u0113jas.<\/li>\n<\/ul>\n\n\n\n<p>HEMPO Pla\u0161a spektra CBD e\u013c\u013ca tiek ieg\u016bta <strong>ar superkritisko CO\u2082 ekstrakciju<\/strong>kas \u013cauj <strong>lai saglab\u0101tu visas auga dabisk\u0101s \u012bpa\u0161\u012bbas.<\/strong>. Ka\u0146epju audz\u0113\u0161ana <strong>biolo\u0123iski, bez pestic\u012bdiem un sint\u0113tisk\u0101 m\u0113slojuma.<\/strong>lai nodro\u0161in\u0101tu, ka <strong>visaugst\u0101k\u0101 produktu t\u012br\u012bba un efektivit\u0101te<\/strong>. <strong>HEMPO Pla\u0161a spektra CBD ka\u0146epju e\u013c\u013ca 20%<\/strong> - <strong>sp\u0113c\u012bgs dabisks risin\u0101jums emocion\u0101lam l\u012bdzsvaram, fiziskai labsaj\u016btai un relaks\u0101cijai!<\/strong><\/p>\n\n\n\n<p><strong>Sast\u0101vda\u013cas:<\/strong> Pla\u0161a spektra ka\u0146epju ekstrakts, dab\u012bga ka\u0146epju s\u0113klu e\u013c\u013ca, dab\u012bgi kanabino\u012bdi (CBD, CBG, CBC, CBN), terp\u0113ni, flavono\u012bdi.<\/p>\n\n\n\n<p><\/p>","protected":false},"excerpt":{"rendered":"<p><strong>HEMPO Pla\u0161a spektra 20% CBD e\u013c\u013ca<\/strong> - \u0161is <strong>Augsti koncentr\u0113ts ka\u0146epju ekstrakts<\/strong>paredz\u0113ti tiem, kas mekl\u0113 <strong>maksim\u0101la ietekme uz emocion\u0101lo un fizisko labsaj\u016btu.<\/strong>. \u0160\u012b e\u013c\u013ca pal\u012bdz <strong>mazin\u0101t stresu, uztur\u0113t l\u012bdzsvaru, uzlabot miega kvalit\u0101ti un veicin\u0101t dabiskos organisma atjauno\u0161an\u0101s procesus.<\/strong>.\u00a0<strong>Pla\u0161a spektra formula<\/strong> noz\u012bm\u0113, ka e\u013c\u013c\u0101 ir saglab\u0101ti visi dab\u012bgie kanabino\u012bdi (iz\u0146emot THC), terp\u0113ni un flavono\u012bdi, kas siner\u0123iski darbojas, lai sniegtu <strong>sp\u0113c\u012bgs \u201eapk\u0101rtnes efekts\u201d.\u201d<\/strong> - Tas noz\u012bm\u0113, ka da\u017e\u0101das augu akt\u012bv\u0101s sast\u0101vda\u013cas pastiprina viena otras iedarb\u012bbu.<\/p>\n<h4><strong>K\u0101p\u0113c izv\u0113l\u0113ties HEMPO pla\u0161a spektra CBD Oil 20%?<\/strong><\/h4>\n<p>\u2714 <strong>Pla\u0161a spektra CBD<\/strong> - visaptvero\u0161a iedarb\u012bba bez THC<br \/>\u2714 <strong>20% koncentr\u0101cija<\/strong> - sp\u0113c\u012bga un efekt\u012bva iedarb\u012bba uz organismu<br \/>\u2714 <strong>mazina stresu un spriedzi<\/strong> - pal\u012bdz atsl\u0101bin\u0101ties un saglab\u0101t emocion\u0101lo l\u012bdzsvaru.<br \/>\u2714 <strong>Uzlabo miega kvalit\u0101ti<\/strong> - pal\u012bdz dabiski aizmigt un iemigt dzi\u013c\u0101k.<br \/>\u2714 <strong>Dabiska pretiekaisuma aizsardz\u012bba<\/strong> - veicina organisma elast\u012bbu un visp\u0101r\u0113jo labsaj\u016btu.<br \/>\u2714 <strong>Augst\u0101k\u0101s kvalit\u0101tes ieguve<\/strong> - ieg\u016bts <strong>CO\u2082 metode<\/strong>, nodro\u0161ina maksim\u0101lu dab\u012bgo akt\u012bvo sast\u0101vda\u013cu saglab\u0101\u0161anu<\/p>","protected":false},"featured_media":47899,"comment_status":"open","ping_status":"closed","template":"","meta":{"_acf_changed":false},"product_brand":[429],"product_cat":[61,77],"product_tag":[],"class_list":{"0":"post-32382","1":"product","2":"type-product","3":"status-publish","4":"has-post-thumbnail","6":"product_brand-hempo","7":"product_cat-ramybei","8":"product_cat-cbd-aliejai","10":"first","11":"instock","12":"shipping-taxable","13":"purchasable","14":"product-type-simple"},"acf":[],"tiered_pricing_type":"fixed","tiered_pricing_fixed_rules":[],"tiered_pricing_product_settings":{"layout":"default","base_unit_name":{"singular":null,"plural":null},"default_variation":null},"tiered_pricing_minimum_quantity":null,"tiered_pricing_roles_data":[],"tiered_pricing_percentage_rules":[],"_links":{"self":[{"href":"https:\/\/purama.lt\/lv\/wp-json\/wp\/v2\/product\/32382","targetHints":{"allow":["GET"]}}],"collection":[{"href":"https:\/\/purama.lt\/lv\/wp-json\/wp\/v2\/product"}],"about":[{"href":"https:\/\/purama.lt\/lv\/wp-json\/wp\/v2\/types\/product"}],"replies":[{"embeddable":true,"href":"https:\/\/purama.lt\/lv\/wp-json\/wp\/v2\/comments?post=32382"}],"wp:featuredmedia":[{"embeddable":true,"href":"https:\/\/purama.lt\/lv\/wp-json\/wp\/v2\/media\/47899"}],"wp:attachment":[{"href":"https:\/\/purama.lt\/lv\/wp-json\/wp\/v2\/media?parent=32382"}],"wp:term":[{"taxonomy":"product_brand","embeddable":true,"href":"https:\/\/purama.lt\/lv\/wp-json\/wp\/v2\/product_brand?post=32382"},{"taxonomy":"product_cat","embeddable":true,"href":"https:\/\/purama.lt\/lv\/wp-json\/wp\/v2\/product_cat?post=32382"},{"taxonomy":"product_tag","embeddable":true,"href":"https:\/\/purama.lt\/lv\/wp-json\/wp\/v2\/product_tag?post=32382"}],"curies":[{"name":"wp","href":"https:\/\/api.w.org\/{rel}","templated":true}]}}