{"id":32329,"date":"2025-02-10T11:26:45","date_gmt":"2025-02-10T11:26:45","guid":{"rendered":"https:\/\/purama.lt\/produktas\/brite-lemon-lime-nootropinis-gerimas\/"},"modified":"2026-03-30T11:55:47","modified_gmt":"2026-03-30T09:55:47","slug":"brite-citronu-laima-nootropais-dzeriens","status":"publish","type":"product","link":"https:\/\/purama.lt\/lv\/produktas\/brite-lemon-lime-nootropinis-gerimas\/","title":{"rendered":"BRITE Lemon Lime nootropais dz\u0113riens"},"content":{"rendered":"<h4 class=\"wp-block-heading\"><strong>K\u0101 darbojas BRITE Lemon Lime Nootropic Drink?<\/strong><\/h4>\n\n\n\n<ul class=\"wp-block-list\">\n<li>Veicina <strong>pr\u0101ta skaidr\u012bba<\/strong>, saglab\u0101 ilgtermi\u0146a koncentr\u0101ciju<\/li>\n\n\n\n<li>Sniedz <strong>dabisk\u0101 ener\u0123ija<\/strong>, pal\u012bdz saglab\u0101t modr\u012bbu bez p\u0113k\u0161\u0146a noguruma.<\/li>\n\n\n\n<li><strong>Pal\u012bdz mazin\u0101t gan fizisko, gan gar\u012bgo nogurumu.<\/strong>, atbalsta produktivit\u0101ti<\/li>\n\n\n\n<li><strong>Ide\u0101la izv\u0113le pirms treni\u0146a<\/strong>, saglab\u0101t iztur\u012bbu un koncentr\u0113\u0161an\u0101s sp\u0113jas.<\/li>\n\n\n\n<li>Piem\u0113rots gan <strong>t\u012bmek\u013ca vietne<\/strong>, k\u0101 ar\u012b dienas laik\u0101, kad nepiecie\u0161ama papildu ener\u0123ija un motiv\u0101cija.<\/li>\n<\/ul>\n\n\n\n<p><strong>Sast\u0101vda\u013cas:<\/strong> \u016bdens, dab\u012bga citrona un laima sula, L-tean\u012bns, kofe\u012bns no za\u013c\u0101s t\u0113jas ekstrakta, B grupas vitam\u012bni, dab\u012bgi antioksidanti.<\/p>\n\n\n\n<p><strong>BRITE Lemon Lime nootropais dz\u0113riens <\/strong>- t\u0101 ir lieliska izv\u0113le tiem, kas mekl\u0113 dabisku ener\u0123iju, svaigumu un pr\u0101ta skaidr\u012bbu vien\u0101 malk\u0101!<\/p>","protected":false},"excerpt":{"rendered":"<p><strong>BRITE Lemon Lime nootropais dz\u0113riens<\/strong> - \u0161is <strong>dabisks nootrops<\/strong>vietn\u0113 <strong>koncentr\u0113\u0161an\u0101s, gar\u012bg\u0101s veiktsp\u0113jas un notur\u012bgas ener\u0123ijas uzlabo\u0161anai.<\/strong>. Atsvaidzino\u0161s <strong>citroni un laimi<\/strong> gar\u0161a sniedz dabisku uzmundrin\u0101juma saj\u016btu, un sabalans\u0113tais sast\u0101vs <strong>uzlabo produktivit\u0101ti, mazina nogurumu un uztur gar\u012bgo un fizisko veiktsp\u0113ju.<\/strong>. \u0160is dz\u0113riens <strong>Ide\u0101li piem\u0113rots akt\u012bvam dz\u012bvesveidam un sportam<\/strong>, jo tas pal\u012bdz uztur\u0113t iztur\u012bbu un \u0101tr\u0101k atg\u016bties p\u0113c treni\u0146a.<\/p>\n<h4><strong>K\u0101p\u0113c izv\u0113l\u0113ties BRITE Lemon Lime?<\/strong><\/h4>\n<p>\u2714 <strong>Dabiskie nootropi<\/strong> - veicina koncentr\u0113\u0161an\u0101s sp\u0113jas un atmi\u0146u<br \/>\u2714 <strong>Lieliski piem\u0113rots sportam<\/strong> - pal\u012bdz nov\u0113rst nogurumu un uztur\u0113t iztur\u012bbu<br \/>\u2714 <strong>\u0100rk\u0101rt\u012bgi atsvaidzino\u0161a gar\u0161a<\/strong> - citrona un laima kombin\u0101cija sniedz dabisku uzmundrino\u0161u efektu.<br \/>\u2714 <strong>Bez sint\u0113tisk\u0101m piedev\u0101m<\/strong> - nesatur m\u0101ksl\u012bg\u0101s kr\u0101svielas un konservantus<br \/>\u2714 <strong>L\u012bdzsvarota ener\u0123ija<\/strong> - ilgsto\u0161i saglab\u0101 modr\u012bbu bez p\u0113k\u0161\u0146iem cukura l\u012bme\u0146a k\u0101pumiem.<\/p>","protected":false},"featured_media":32338,"comment_status":"open","ping_status":"closed","template":"","meta":{"_acf_changed":false},"product_brand":[413],"product_cat":[98,165,60],"product_tag":[],"class_list":{"0":"post-32329","1":"product","2":"type-product","3":"status-publish","4":"has-post-thumbnail","6":"product_brand-brite","7":"product_cat-sportui","8":"product_cat-gerimai","9":"product_cat-mitybai","11":"first","12":"instock","13":"shipping-taxable","14":"purchasable","15":"product-type-simple"},"acf":[],"tiered_pricing_type":"fixed","tiered_pricing_fixed_rules":[],"tiered_pricing_product_settings":{"layout":"default","base_unit_name":{"singular":null,"plural":null},"default_variation":null},"tiered_pricing_minimum_quantity":null,"tiered_pricing_roles_data":[],"tiered_pricing_percentage_rules":[],"_links":{"self":[{"href":"https:\/\/purama.lt\/lv\/wp-json\/wp\/v2\/product\/32329","targetHints":{"allow":["GET"]}}],"collection":[{"href":"https:\/\/purama.lt\/lv\/wp-json\/wp\/v2\/product"}],"about":[{"href":"https:\/\/purama.lt\/lv\/wp-json\/wp\/v2\/types\/product"}],"replies":[{"embeddable":true,"href":"https:\/\/purama.lt\/lv\/wp-json\/wp\/v2\/comments?post=32329"}],"wp:featuredmedia":[{"embeddable":true,"href":"https:\/\/purama.lt\/lv\/wp-json\/wp\/v2\/media\/32338"}],"wp:attachment":[{"href":"https:\/\/purama.lt\/lv\/wp-json\/wp\/v2\/media?parent=32329"}],"wp:term":[{"taxonomy":"product_brand","embeddable":true,"href":"https:\/\/purama.lt\/lv\/wp-json\/wp\/v2\/product_brand?post=32329"},{"taxonomy":"product_cat","embeddable":true,"href":"https:\/\/purama.lt\/lv\/wp-json\/wp\/v2\/product_cat?post=32329"},{"taxonomy":"product_tag","embeddable":true,"href":"https:\/\/purama.lt\/lv\/wp-json\/wp\/v2\/product_tag?post=32329"}],"curies":[{"name":"wp","href":"https:\/\/api.w.org\/{rel}","templated":true}]}}