{"id":32328,"date":"2025-02-10T11:26:45","date_gmt":"2025-02-10T11:26:45","guid":{"rendered":"https:\/\/purama.lt\/produktas\/brite-raspberry-mint-nootropinis-gerimas\/"},"modified":"2026-04-02T08:16:46","modified_gmt":"2026-04-02T06:16:46","slug":"brite-avenu-piparmetru-nootropais-dzeriens","status":"publish","type":"product","link":"https:\/\/purama.lt\/lv\/produktas\/brite-raspberry-mint-nootropinis-gerimas\/","title":{"rendered":"BRITE ave\u0146u piparm\u0113tru nootropais dz\u0113riens"},"content":{"rendered":"<h4 class=\"wp-block-heading\"><strong>K\u0101 darbojas BRITE Raspberry Mint Nootropic Drink?<\/strong><\/h4>\n\n\n\n<ul class=\"wp-block-list\">\n<li>Veicina <strong>skaidra dom\u0101\u0161ana<\/strong>, uzlabo koncentr\u0113\u0161an\u0101s sp\u0113jas un ilgtermi\u0146a atmi\u0146u<\/li>\n\n\n\n<li>Sniedz <strong>dabisk\u0101 ener\u0123ija<\/strong>, neradot p\u0113k\u0161\u0146as cukura l\u012bme\u0146a paaugstin\u0101\u0161an\u0101s<\/li>\n\n\n\n<li>Pal\u012bdz samazin\u0101t <strong>gar\u012bgais un fiziskais nogurums.<\/strong>, uzlabo produktivit\u0101ti un reakcijas laiku.<\/li>\n\n\n\n<li><strong>Ide\u0101li piem\u0113rots pirms sporta<\/strong>, jo tas var pal\u012bdz\u0113t uztur\u0113t iztur\u012bbu un uzlabot treni\u0146u veiktsp\u0113ju.<\/li>\n\n\n\n<li>Piem\u0113rots gan <strong>t\u012bmek\u013ca vietne<\/strong>, gan dienas laik\u0101, kad nepiecie\u0161ama papildu koncentr\u0113\u0161an\u0101s un ener\u0123ija.<\/li>\n<\/ul>\n\n\n\n<p><strong>Sast\u0101vda\u013cas:<\/strong> \u016bdens, dab\u012bgas ave\u0146u un piparm\u0113tru sulas, L-tean\u012bns, kofe\u012bns no za\u013c\u0101s t\u0113jas ekstrakta, B grupas vitam\u012bni, dab\u012bgi antioksidanti.<\/p>\n\n\n\n<p><strong>BRITE ave\u0146u piparm\u0113tru nootropais dz\u0113riens<\/strong> - T\u0101 ir ne tikai atsvaidzino\u0161a gar\u0161a, bet ar\u012b lielisks sabiedrotais gar\u012bg\u0101m aktivit\u0101t\u0113m un sportam!<\/p>","protected":false},"excerpt":{"rendered":"<p><strong>BRITE ave\u0146u piparm\u0113tru nootropais dz\u0113riens<\/strong> - Tas ir atsvaidzino\u0161s un efekt\u012bvs <strong>dabisks nootrops<\/strong>, ko izveidoja <strong>koncentr\u0113\u0161an\u0101s, pr\u0101ta veiktsp\u0113ja un ener\u0123ija.<\/strong>. Par <strong>avenes saldums un atsvaidzino\u0161a piparm\u0113tru p\u0113cgar\u0161a.<\/strong> \u0160is dz\u0113riens ne tikai nodro\u0161ina smadzen\u0113m nepiecie\u0161am\u0101s uzturvielas, bet ar\u012b lieliski papildina ikdienas re\u017e\u012bmu. Tas ir ar\u012b <strong>ide\u0101li piem\u0113rots akt\u012bvam dz\u012bvesveidam un sportam<\/strong>, pal\u012bdzot uztur\u0113t <strong>fizisk\u0101 iztur\u012bba, uzlabo reakcijas laiku un mazina nogurumu.<\/strong>.<\/p>\n<h4><strong>K\u0101p\u0113c izv\u0113l\u0113ties BRITE ave\u0146u piparm\u0113tru?<\/strong><\/h4>\n<p>\u2714 <strong>Dabiskie nootropi<\/strong> - atbalsta smadze\u0146u darb\u012bbu, uzlabo koncentr\u0113\u0161an\u0101s sp\u0113jas un atmi\u0146u \u2714 <strong>Piem\u0113rots sportam<\/strong> - pal\u012bdz uztur\u0113t fizisko iztur\u012bbu, mazina musku\u013cu nogurumu un veicina \u0101tr\u0101ku atjauno\u0161anos \u2714 <strong>Atsvaidzino\u0161a gar\u0161a<\/strong> - avenes saldums un piparm\u0113tru svaigums rada pat\u012bkamu saj\u016btu \u2714 <strong>Bez sint\u0113tisk\u0101m piedev\u0101m<\/strong> - nesatur m\u0101ksl\u012bg\u0101s kr\u0101svielas un konservantus \u2714 <strong>Atbalsta koncentr\u0113\u0161anos un produktivit\u0101ti<\/strong> - pal\u012bdz saglab\u0101t ener\u0123iju gan gar\u012bg\u0101s, gan fizisk\u0101s aktivit\u0101t\u0113s.<\/p>","protected":false},"featured_media":32335,"comment_status":"open","ping_status":"closed","template":"","meta":{"_acf_changed":false},"product_brand":[413],"product_cat":[60,165],"product_tag":[],"class_list":{"0":"post-32328","1":"product","2":"type-product","3":"status-publish","4":"has-post-thumbnail","6":"product_brand-brite","7":"product_cat-mitybai","8":"product_cat-gerimai","10":"first","11":"instock","12":"shipping-taxable","13":"purchasable","14":"product-type-simple"},"acf":[],"tiered_pricing_type":"fixed","tiered_pricing_fixed_rules":[],"tiered_pricing_product_settings":{"layout":"default","base_unit_name":{"singular":null,"plural":null},"default_variation":null},"tiered_pricing_minimum_quantity":null,"tiered_pricing_roles_data":[],"tiered_pricing_percentage_rules":[],"_links":{"self":[{"href":"https:\/\/purama.lt\/lv\/wp-json\/wp\/v2\/product\/32328","targetHints":{"allow":["GET"]}}],"collection":[{"href":"https:\/\/purama.lt\/lv\/wp-json\/wp\/v2\/product"}],"about":[{"href":"https:\/\/purama.lt\/lv\/wp-json\/wp\/v2\/types\/product"}],"replies":[{"embeddable":true,"href":"https:\/\/purama.lt\/lv\/wp-json\/wp\/v2\/comments?post=32328"}],"wp:featuredmedia":[{"embeddable":true,"href":"https:\/\/purama.lt\/lv\/wp-json\/wp\/v2\/media\/32335"}],"wp:attachment":[{"href":"https:\/\/purama.lt\/lv\/wp-json\/wp\/v2\/media?parent=32328"}],"wp:term":[{"taxonomy":"product_brand","embeddable":true,"href":"https:\/\/purama.lt\/lv\/wp-json\/wp\/v2\/product_brand?post=32328"},{"taxonomy":"product_cat","embeddable":true,"href":"https:\/\/purama.lt\/lv\/wp-json\/wp\/v2\/product_cat?post=32328"},{"taxonomy":"product_tag","embeddable":true,"href":"https:\/\/purama.lt\/lv\/wp-json\/wp\/v2\/product_tag?post=32328"}],"curies":[{"name":"wp","href":"https:\/\/api.w.org\/{rel}","templated":true}]}}