{"id":32327,"date":"2025-02-10T11:26:44","date_gmt":"2025-02-10T11:26:44","guid":{"rendered":"https:\/\/purama.lt\/produktas\/brite-pineapple-mango-nootropinis-gerimas\/"},"modified":"2026-03-30T11:55:47","modified_gmt":"2026-03-30T09:55:47","slug":"brite-ananasu-mango-nootropais-dzeriens","status":"publish","type":"product","link":"https:\/\/purama.lt\/lv\/produktas\/brite-pineapple-mango-nootropinis-gerimas\/","title":{"rendered":"BRITE Pineapple Mango nootropais dz\u0113riens"},"content":{"rendered":"<h4 class=\"wp-block-heading\"><strong>K\u0101 darbojas BRITE Pineapple Mango Nootropic Drink?<\/strong><\/h4>\n\n\n\n<ul class=\"wp-block-list\">\n<li>Veicina <strong>pr\u0101ta skaidr\u012bba<\/strong>, uzlabo koncentr\u0113\u0161an\u0101s sp\u0113jas un produktivit\u0101ti.<\/li>\n\n\n\n<li><strong>Sniedz dabisku ener\u0123iju<\/strong>, neradot m\u0101ksl\u012bgas stimul\u0101cijas efektus<\/li>\n\n\n\n<li>Pal\u012bdz samazin\u0101t <strong>gar\u012bgais un fiziskais nogurums.<\/strong>, atbalsta iztur\u012bbu<\/li>\n\n\n\n<li><strong>Ide\u0101la izv\u0113le pirms treni\u0146a<\/strong>, pal\u012bdz uztur\u0113t ener\u0123iju un koncentr\u0113\u0161an\u0101s sp\u0113jas.<\/li>\n\n\n\n<li>Piem\u0113rots gan <strong>t\u012bmek\u013ca vietne<\/strong>, un dienas laik\u0101, kad nepiecie\u0161ama papildu motiv\u0101cija.<\/li>\n<\/ul>\n\n\n\n<p><strong>Sast\u0101vda\u013cas:<\/strong> \u016adens, dab\u012bga anan\u0101su un mango sula, L-tean\u012bns, kofe\u012bns no za\u013c\u0101s t\u0113jas ekstrakta, B grupas vitam\u012bni, dab\u012bgie antioksidanti.<\/p>\n\n\n\n<p><strong>BRITE Pineapple Mango nootropais dz\u0113riens<\/strong> - T\u0101 ir lieliska izv\u0113le tiem, kas v\u0113las dabisku ener\u0123iju gan gar\u012bg\u0101m, gan fizisk\u0101m aktivit\u0101t\u0113m!<\/p>\n\n\n\n<p><\/p>","protected":false},"excerpt":{"rendered":"<p><strong>BRITE Pineapple Mango nootropais dz\u0113riens<\/strong> - t\u0101 ir tropu gar\u0161as <strong>dabisks nootrops<\/strong>vietn\u0113 <strong>koncentr\u0113\u0161an\u0101s, gar\u012bg\u0101s veiktsp\u0113jas un ener\u0123ijas atbalstam<\/strong>. Par <strong>sul\u012bga anan\u0101sa un salda mango kombin\u0101cija.<\/strong>, \u0160is dz\u0113riens ne tikai nodro\u0161ina pat\u012bkamu gar\u0161u, bet ar\u012b dabiski veicina smadze\u0146u darb\u012bbu un fizisko iztur\u012bbu. Tas ir ide\u0101li piem\u0113rots <strong>akt\u012bvai dienai, sportam un uzlabotai produktivit\u0101tei<\/strong>, jo formulas sast\u0101v\u0101 eso\u0161\u0101s dab\u012bg\u0101s sast\u0101vda\u013cas mazina nogurumu un ilgsto\u0161i uztur ener\u0123iju bez p\u0113k\u0161\u0146\u0101m cukura kr\u012bz\u0113m.<\/p>\n<h4><strong>K\u0101p\u0113c izv\u0113l\u0113ties BRITE Pineapple Mango?<\/strong><\/h4>\n<p>\u2714 <strong>Dabiskie nootropi<\/strong> - veicina koncentr\u0113\u0161anos, atmi\u0146u un gar\u012bgo veiktsp\u0113ju \u2714 <strong>Piem\u0113rots sportam<\/strong> - palielina iztur\u012bbu, uzlabo reakcijas laiku un pal\u012bdz c\u012bn\u012bties ar nogurumu \u2714 <strong>Atsvaidzino\u0161a tropu gar\u0161a<\/strong> - anan\u0101su un mango kombin\u0101cija pie\u0161\u0137ir dabisku saldumu \u2714 <strong>Bez sint\u0113tisk\u0101m piedev\u0101m<\/strong> - bez m\u0101ksl\u012bg\u0101m kr\u0101sviel\u0101m un konservantiem \u2714 <strong>Atbalsta ilgtermi\u0146a ener\u0123ijas<\/strong> - bez p\u0113k\u0161\u0146iem cukura l\u012bme\u0146a k\u0101pumiem un ener\u0123ijas kritumiem.<\/p>","protected":false},"featured_media":32333,"comment_status":"open","ping_status":"closed","template":"","meta":{"_acf_changed":false},"product_brand":[413],"product_cat":[165,60,98],"product_tag":[],"class_list":{"0":"post-32327","1":"product","2":"type-product","3":"status-publish","4":"has-post-thumbnail","6":"product_brand-brite","7":"product_cat-gerimai","8":"product_cat-mitybai","9":"product_cat-sportui","11":"first","12":"instock","13":"shipping-taxable","14":"purchasable","15":"product-type-simple"},"acf":[],"tiered_pricing_type":"fixed","tiered_pricing_fixed_rules":[],"tiered_pricing_product_settings":{"layout":"default","base_unit_name":{"singular":null,"plural":null},"default_variation":null},"tiered_pricing_minimum_quantity":null,"tiered_pricing_roles_data":[],"tiered_pricing_percentage_rules":[],"_links":{"self":[{"href":"https:\/\/purama.lt\/lv\/wp-json\/wp\/v2\/product\/32327","targetHints":{"allow":["GET"]}}],"collection":[{"href":"https:\/\/purama.lt\/lv\/wp-json\/wp\/v2\/product"}],"about":[{"href":"https:\/\/purama.lt\/lv\/wp-json\/wp\/v2\/types\/product"}],"replies":[{"embeddable":true,"href":"https:\/\/purama.lt\/lv\/wp-json\/wp\/v2\/comments?post=32327"}],"wp:featuredmedia":[{"embeddable":true,"href":"https:\/\/purama.lt\/lv\/wp-json\/wp\/v2\/media\/32333"}],"wp:attachment":[{"href":"https:\/\/purama.lt\/lv\/wp-json\/wp\/v2\/media?parent=32327"}],"wp:term":[{"taxonomy":"product_brand","embeddable":true,"href":"https:\/\/purama.lt\/lv\/wp-json\/wp\/v2\/product_brand?post=32327"},{"taxonomy":"product_cat","embeddable":true,"href":"https:\/\/purama.lt\/lv\/wp-json\/wp\/v2\/product_cat?post=32327"},{"taxonomy":"product_tag","embeddable":true,"href":"https:\/\/purama.lt\/lv\/wp-json\/wp\/v2\/product_tag?post=32327"}],"curies":[{"name":"wp","href":"https:\/\/api.w.org\/{rel}","templated":true}]}}