{"id":32131,"date":"2025-02-04T13:13:45","date_gmt":"2025-02-04T13:13:45","guid":{"rendered":"https:\/\/purama.lt\/produktas\/dr-ohhira-magoroku-kremas-su-probiotikais\/"},"modified":"2026-03-20T12:50:53","modified_gmt":"2026-03-20T10:50:53","slug":"dr-ohhira-magoroku-krems-ar-probiotikam","status":"publish","type":"product","link":"https:\/\/purama.lt\/lv\/produktas\/dr-ohhira-magoroku-kremas-su-probiotikais\/","title":{"rendered":"Dr.OHHIRA\u00ae MAGOROKU kr\u0113ms ar probiotik\u0101m"},"content":{"rendered":"<h4 class=\"wp-block-heading\"><strong>K\u0101 lietot<\/strong>t.i:<\/h4>\n\n\n\n<ol class=\"wp-block-list\">\n<li>Nelielu kr\u0113ma daudzumu uzkl\u0101jiet uz t\u012bras, sausas \u0101das.<\/li>\n\n\n\n<li>Viegli iemas\u0113jiet, l\u012bdz piln\u012bb\u0101 ies\u016bcas.<\/li>\n\n\n\n<li>Lietojiet no r\u012bta un vakar\u0101 vai p\u0113c vajadz\u012bbas uz saus\u0101m vai jut\u012bg\u0101m viet\u0101m.<\/li>\n\n\n\n<li>Piem\u0113rots sejai un \u0137ermenim, to var lietot k\u0101 intens\u012bvi barojo\u0161u kr\u0113mu sausai \u0101dai.<\/li>\n<\/ol>\n\n\n\n<p><strong>Sast\u0101vda\u013cas:<\/strong> dab\u012bgie probioti\u0137i, ferment\u0113ti augu ekstrakti, zirgu tauki, augu e\u013c\u013cas, mitrin\u0101t\u0101ji, antioksidanti.<\/p>\n\n\n\n<p><strong>Dr.OHHIRA\u00ae MAGOROKU kr\u0113ms ar probiotik\u0101m<\/strong> - dabiska aizsardz\u012bba un dzi\u013ci barojo\u0161a \u0101das kop\u0161ana katru dienu.<\/p>","protected":false},"excerpt":{"rendered":"<p><strong>Dr.OHHIRA\u00ae MAGOROKU kr\u0113ms ar probiotik\u0101m<\/strong> - Unik\u0101li izstr\u0101d\u0101ts kr\u0113ms, kas bag\u0101tin\u0101ts ar dab\u012bg\u0101m probiotik\u0101m un \u0101du barojo\u0161\u0101m e\u013c\u013c\u0101m. \u0160\u012b formula pal\u012bdz uztur\u0113t \u0101das mikrofloras l\u012bdzsvaru, mitrina, nomierina un stiprina aizsargbarjeru. Viegl\u0101 tekst\u016bra \u0101tri ies\u016bcas, neatst\u0101j taukainu saj\u016btu un nodro\u0161ina ilgsto\u0161u komfortu. Piem\u0113rots visiem \u0101das tipiem, \u012bpa\u0161i sausai, jut\u012bgai un ar noslieci uz kairin\u0101jumu. <strong>Ide\u0101li piem\u0113rots cilv\u0113kiem, kuri v\u0113las:<\/strong><\/p>\n<ul>\n<li>Uztur vesel\u012bgu \u0101das mikrofloru un aizsarg\u0101 pret \u0101r\u0113jiem faktoriem.<\/li>\n<li>Intens\u012bvi mitrina un baro \u0101du<\/li>\n<li>Nomierina kairin\u0101jumus un sausumu<\/li>\n<li>Dabiska, sabalans\u0113ta \u0101das kop\u0161ana<\/li>\n<\/ul>","protected":false},"featured_media":32150,"comment_status":"open","ping_status":"closed","template":"","meta":{"_acf_changed":false},"product_brand":[421],"product_cat":[123,57,273,274,275],"product_tag":[],"class_list":{"0":"post-32131","1":"product","2":"type-product","3":"status-publish","4":"has-post-thumbnail","6":"product_brand-dr-ohhira","7":"product_cat-papildai-ilgaamziskumui","8":"product_cat-akcijos","9":"product_cat-odai-plaukams-nagams","10":"product_cat-odos-jaunyste","11":"product_cat-plauku-ir-nagu-prieziura","13":"first","14":"instock","15":"sale","16":"shipping-taxable","17":"purchasable","18":"product-type-simple"},"acf":[],"tiered_pricing_type":"fixed","tiered_pricing_fixed_rules":[],"tiered_pricing_product_settings":{"layout":"default","base_unit_name":{"singular":null,"plural":null},"default_variation":null},"tiered_pricing_minimum_quantity":null,"tiered_pricing_roles_data":[],"tiered_pricing_percentage_rules":[],"_links":{"self":[{"href":"https:\/\/purama.lt\/lv\/wp-json\/wp\/v2\/product\/32131","targetHints":{"allow":["GET"]}}],"collection":[{"href":"https:\/\/purama.lt\/lv\/wp-json\/wp\/v2\/product"}],"about":[{"href":"https:\/\/purama.lt\/lv\/wp-json\/wp\/v2\/types\/product"}],"replies":[{"embeddable":true,"href":"https:\/\/purama.lt\/lv\/wp-json\/wp\/v2\/comments?post=32131"}],"wp:featuredmedia":[{"embeddable":true,"href":"https:\/\/purama.lt\/lv\/wp-json\/wp\/v2\/media\/32150"}],"wp:attachment":[{"href":"https:\/\/purama.lt\/lv\/wp-json\/wp\/v2\/media?parent=32131"}],"wp:term":[{"taxonomy":"product_brand","embeddable":true,"href":"https:\/\/purama.lt\/lv\/wp-json\/wp\/v2\/product_brand?post=32131"},{"taxonomy":"product_cat","embeddable":true,"href":"https:\/\/purama.lt\/lv\/wp-json\/wp\/v2\/product_cat?post=32131"},{"taxonomy":"product_tag","embeddable":true,"href":"https:\/\/purama.lt\/lv\/wp-json\/wp\/v2\/product_tag?post=32131"}],"curies":[{"name":"wp","href":"https:\/\/api.w.org\/{rel}","templated":true}]}}