{"id":32130,"date":"2025-02-04T13:13:45","date_gmt":"2025-02-04T13:13:45","guid":{"rendered":"https:\/\/purama.lt\/produktas\/dr-ohhira-standard-3-metus-fermentuotas-12-rusiu-gyvybinguju-bakteriju-kompleksas-2\/"},"modified":"2026-04-14T15:03:28","modified_gmt":"2026-04-14T13:03:28","slug":"dr-ohhira-standarta-3-gadu-raudzets-12-rudzu-dzivotspejigo-bakteriju-komplekss-2","status":"publish","type":"product","link":"https:\/\/purama.lt\/lv\/produktas\/dr-ohhira-standard-3-metus-fermentuotas-12-rusiu-gyvybinguju-bakteriju-kompleksas-2\/","title":{"rendered":"Dr.OHHIRA\u00ae STANDARD 3 gadus ferment\u0113ts 12 dz\u012bvotsp\u0113j\u012bgo bakt\u0113riju sugu komplekss"},"content":{"rendered":"<h4 class=\"wp-block-heading\"><strong>K\u0101 Dr.OHHIRA\u00ae STANDARD darbojas organism\u0101?<\/strong><\/h4>\n\n\n\n<ul class=\"wp-block-list\">\n<li><strong>Atjauno zarnu mikrofloru<\/strong> p\u0113c antibiotiku lieto\u0161anas vai neatbilsto\u0161a uztura.<\/li>\n\n\n\n<li><strong>Atbalsta sp\u0113c\u012bgu im\u016bnsist\u0113mu<\/strong>, jo liel\u0101k\u0101 da\u013ca im\u016bnsist\u0113mas \u0161\u016bnu atrodas zarn\u0101s.<\/li>\n\n\n\n<li><strong>Uzlabo gremo\u0161anas procesus<\/strong>, kas pal\u012bdz mazin\u0101t diskomfortu un v\u0113dera uzp\u016b\u0161anos.<\/li>\n\n\n\n<li><strong>Pal\u012bdz uzlabot uzturvielu uzs\u016bk\u0161anos<\/strong> - Stiprina \u0101du, matus un nagus<\/li>\n\n\n\n<li><strong>mazina iekaisumu un aizsarg\u0101 pret br\u012bvajiem radik\u0101\u013ciem.<\/strong>, jo tam piem\u012bt antioksidantu \u012bpa\u0161\u012bbas.<\/li>\n<\/ul>\n\n\n\n<h4 class=\"wp-block-heading\"><strong>K\u0101 lietot:<\/strong><\/h4>\n\n\n\n<ul class=\"wp-block-list\">\n<li>Veikt p\u0113c <strong>1-2 kapsulas dien\u0101<\/strong>, uzdzerot gl\u0101zi \u016bdens.<\/li>\n\n\n\n<li>Lab\u0101kais pat\u0113ri\u0146am <strong>pirms \u0113\u0161anas vai starp \u0113dienreiz\u0113m.<\/strong>lai pan\u0101ktu maksim\u0101lu ietekmi.<\/li>\n\n\n\n<li>Ieteicamais lietojums <strong>ilgtermi\u0146\u0101<\/strong>, lai nodro\u0161in\u0101tu stabilu zarnu mikrofloras l\u012bdzsvaru.<\/li>\n\n\n\n<li>Var izmantot <strong>kombin\u0101cij\u0101 ar antibiotik\u0101m<\/strong>lai aizsarg\u0101tu lab\u0101s bakt\u0113rijas.<\/li>\n<\/ul>\n\n\n\n<p><strong>Sast\u0101vda\u013cas:<\/strong> Ferment\u0113ti augu ekstrakti, 12 probiotisko bakt\u0113riju sugas (Lactobacillus, Bifidobacterium u.c.), prebiotikas, dab\u012bgie antioksidanti, augu \u0161\u0137iedrvielu komponenti.<\/p>","protected":false},"excerpt":{"rendered":"<p><strong>Dr.OHHIRA\u00ae STANDARD<\/strong> - \u0161is <strong>unik\u0101ls probiotiku komplekss<\/strong>, kura formula ir balst\u012bta uz dabisk\u0101s ferment\u0101cijas tehnolo\u0123iju. Tr\u012bs gadus ilgais ferment\u0101cijas process nodro\u0161ina ne tikai augstu kvalit\u0101tes <strong>dz\u012bvotsp\u0113j\u012bgo bakt\u0113riju daudzums<\/strong>, bet ar\u012b papildu <strong>postbiotikas, enz\u012bmi, organisk\u0101s sk\u0101bes un antioksidanti.<\/strong> ra\u017eo\u0161anu, kas veicina <strong>visp\u0101r\u0113js \u0137erme\u0146a l\u012bdzsvars un labsaj\u016bta.<\/strong>.<\/p>\n<h4><strong>K\u0101p\u0113c izv\u0113l\u0113ties Dr.OHHIRA\u00ae STANDARD?<\/strong><\/h4>\n<p>\u2714 <strong>12 dz\u012bvotsp\u0113j\u012bgo bakt\u0113riju sugas<\/strong> - pal\u012bdz atjaunot dabisko zarnu mikrofloras l\u012bdzsvaru.<br \/>\u2714 <strong>3 gadus raudz\u0113ta formula<\/strong> - Uzlabota bakt\u0113riju uz\u0146em\u0161ana un iedarb\u012bba<br \/>\u2714 <strong>Prebiotikas un postbiotikas<\/strong> - papildu atbalsts labaj\u0101m bakt\u0113rij\u0101m zarn\u0101s<br \/>\u2714 <strong>Piem\u0113rots visiem<\/strong> - dro\u0161a ikdienas lieto\u0161anai, pat jut\u012bgiem cilv\u0113kiem<br \/>\u2714 <strong>Bez piena produktiem, bez glut\u0113na, bez \u0122MO un bez m\u0101ksl\u012bg\u0101m piedev\u0101m.<\/strong><\/p>","protected":false},"featured_media":32147,"comment_status":"open","ping_status":"closed","template":"","meta":{"_acf_changed":false},"product_brand":[421],"product_cat":[264,57,266,267,123,265],"product_tag":[],"class_list":{"0":"post-32130","1":"product","2":"type-product","3":"status-publish","4":"has-post-thumbnail","6":"product_brand-dr-ohhira","7":"product_cat-virskinimui-ir-detoksui","8":"product_cat-akcijos","9":"product_cat-fermentai-ir-virskinimas","10":"product_cat-kepenu-detoksas","11":"product_cat-papildai-ilgaamziskumui","12":"product_cat-zarnynas-ir-mikrobioma","14":"first","15":"instock","16":"sale","17":"shipping-taxable","18":"purchasable","19":"product-type-simple"},"acf":[],"tiered_pricing_type":"fixed","tiered_pricing_fixed_rules":[],"tiered_pricing_product_settings":{"layout":"default","base_unit_name":{"singular":null,"plural":null},"default_variation":null},"tiered_pricing_minimum_quantity":null,"tiered_pricing_roles_data":[],"tiered_pricing_percentage_rules":[],"_links":{"self":[{"href":"https:\/\/purama.lt\/lv\/wp-json\/wp\/v2\/product\/32130","targetHints":{"allow":["GET"]}}],"collection":[{"href":"https:\/\/purama.lt\/lv\/wp-json\/wp\/v2\/product"}],"about":[{"href":"https:\/\/purama.lt\/lv\/wp-json\/wp\/v2\/types\/product"}],"replies":[{"embeddable":true,"href":"https:\/\/purama.lt\/lv\/wp-json\/wp\/v2\/comments?post=32130"}],"wp:featuredmedia":[{"embeddable":true,"href":"https:\/\/purama.lt\/lv\/wp-json\/wp\/v2\/media\/32147"}],"wp:attachment":[{"href":"https:\/\/purama.lt\/lv\/wp-json\/wp\/v2\/media?parent=32130"}],"wp:term":[{"taxonomy":"product_brand","embeddable":true,"href":"https:\/\/purama.lt\/lv\/wp-json\/wp\/v2\/product_brand?post=32130"},{"taxonomy":"product_cat","embeddable":true,"href":"https:\/\/purama.lt\/lv\/wp-json\/wp\/v2\/product_cat?post=32130"},{"taxonomy":"product_tag","embeddable":true,"href":"https:\/\/purama.lt\/lv\/wp-json\/wp\/v2\/product_tag?post=32130"}],"curies":[{"name":"wp","href":"https:\/\/api.w.org\/{rel}","templated":true}]}}