{"id":32129,"date":"2025-02-04T13:13:45","date_gmt":"2025-02-04T13:13:45","guid":{"rendered":"https:\/\/purama.lt\/produktas\/dr-ohhira-standard-3-metus-fermentuotas-12-rusiu-gyvybinguju-bakteriju-kompleksas\/"},"modified":"2026-04-14T14:04:12","modified_gmt":"2026-04-14T12:04:12","slug":"dr-ohhira-standarta-3-gadus-fermentets-12-rudzu-dzivotspejigo-bakteriju-komplekss","status":"publish","type":"product","link":"https:\/\/purama.lt\/lv\/produktas\/dr-ohhira-standard-3-metus-fermentuotas-12-rusiu-gyvybinguju-bakteriju-kompleksas\/","title":{"rendered":"Dr.OHHIRA\u00ae STANDARD 3 gadus ferment\u0113ts 12 dz\u012bvotsp\u0113j\u012bgo bakt\u0113riju sugu komplekss"},"content":{"rendered":"<h4 class=\"wp-block-heading\"><strong>K\u0101 Dr.OHHIRA\u00ae STANDARD darbojas organism\u0101?<\/strong><\/h4>\n\n\n\n<ul class=\"wp-block-list\">\n<li><strong>Pal\u012bdz atjaunot dabisko zarnu mikrofloru<\/strong> p\u0113c stresa, antibiotiku lieto\u0161anas vai nesabalans\u0113ta uztura.<\/li>\n\n\n\n<li><strong>Nostiprina im\u016bnsist\u0113mu<\/strong>jo liel\u0101k\u0101 da\u013ca im\u016bnsist\u0113mas aizsardz\u012bbas atrodas zarn\u0101s.<\/li>\n\n\n\n<li><strong>Uzlabo gremo\u0161anu un mazina diskomfortu v\u0113der\u0101.<\/strong><\/li>\n\n\n\n<li><strong>Veicina uzturvielu uzs\u016bk\u0161anos<\/strong>, veicina \u0101das un visp\u0101r\u0113j\u0101 \u0137erme\u0146a st\u0101vok\u013ca uzlabo\u0161anos.<\/li>\n\n\n\n<li><strong>Nodro\u0161ina dabisku aizsardz\u012bbu pret br\u012bvajiem radik\u0101\u013ciem<\/strong>jo tam piem\u012bt antioksidantu \u012bpa\u0161\u012bbas.<\/li>\n<\/ul>\n\n\n\n<h4 class=\"wp-block-heading\"><strong>K\u0101 lietot:<\/strong><\/h4>\n\n\n\n<ol class=\"wp-block-list\">\n<li>Veikt p\u0113c <strong>1-2 kapsulas dien\u0101<\/strong>, uzdzerot gl\u0101zi \u016bdens.<\/li>\n\n\n\n<li>Lab\u0101kais pat\u0113ri\u0146am <strong>pirms \u0113\u0161anas vai starp \u0113dienreiz\u0113m.<\/strong>lai pan\u0101ktu maksim\u0101lu ietekmi.<\/li>\n\n\n\n<li>Ieteicamais lietojums <strong>ilgu laiku<\/strong>uztur\u0113t stabilu zarnu mikrofloras l\u012bdzsvaru.<\/li>\n\n\n\n<li>Piem\u0113rots lieto\u0161anai <strong>kombin\u0101cij\u0101 ar antibiotik\u0101m<\/strong>lai aizsarg\u0101tu lab\u0101s bakt\u0113rijas.<\/li>\n<\/ol>\n\n\n\n<p><strong>Sast\u0101vda\u013cas:<\/strong> Ferment\u0113ti augu ekstrakti, 12 probiotisko bakt\u0113riju sugas (Lactobacillus, Bifidobacterium u.c.), prebiotikas, dab\u012bgie antioksidanti, augu \u0161\u0137iedrvielu komponenti.<\/p>\n\n\n\n<p><strong>Dr.OHHIRA\u00ae STANDARD, 30 kapsulas<\/strong> - Dabisks risin\u0101jums sp\u0113c\u012bgai imunit\u0101tei un vesel\u012bgai gremo\u0161anai.<\/p>","protected":false},"excerpt":{"rendered":"<p><strong>Dr.OHHIRA\u00ae STANDARD<\/strong> - progres\u012bvs <strong>Ferment\u0113ts 3 gadus<\/strong> probiotiku komplekss ar <strong>12 dz\u012bvotsp\u0113j\u012bgo bakt\u0113riju sugas<\/strong>, zarnu mikrofloras l\u012bdzsvara uztur\u0113\u0161anai, im\u016bnsist\u0113mas stiprin\u0101\u0161anai un gremo\u0161anas uzlabo\u0161anai. Ferment\u0101cijas proces\u0101 rodas <strong>prebiotikas, postbiotikas, organisk\u0101s sk\u0101bes un enz\u012bmi.<\/strong> nodro\u0161ina efekt\u012bvu uzturvielu uzs\u016bk\u0161anos un vienm\u0113r\u012bgu organisma darb\u012bbu.<\/p>\n<h4><strong>K\u0101p\u0113c izv\u0113l\u0113ties Dr.OHHIRA\u00ae STANDARD?<\/strong><\/h4>\n<p>\u2714 <strong>Dabiski ferment\u0113ta formula<\/strong> - lab\u0101kai probiotiku iedarb\u012bbai un uzs\u016bk\u0161anai.\u00a0<br \/>\u2714 <strong>12 dz\u012bvotsp\u0113j\u012bgo bakt\u0113riju sugas<\/strong> - zarnu mikrofloras l\u012bdzsvaram un sp\u0113c\u012bgai imunit\u0101tei.<br \/>\u2714 <strong>Bez piena produktiem, bez glut\u0113na, bez \u0122MO un bez m\u0101ksl\u012bg\u0101m piedev\u0101m.<\/strong> - piem\u0113rots jut\u012bgiem cilv\u0113kiem<br \/>\u2714 <strong>Papildin\u0101ts ar prebiotik\u0101m un postbiotik\u0101m<\/strong> - atbalsta labo bakt\u0113riju darb\u012bbu<\/p>","protected":false},"featured_media":32153,"comment_status":"open","ping_status":"closed","template":"","meta":{"_acf_changed":false},"product_brand":[421],"product_cat":[264,57,266,253,252,267,255,123,254,265],"product_tag":[],"class_list":{"0":"post-32129","1":"product","2":"type-product","3":"status-publish","4":"has-post-thumbnail","6":"product_brand-dr-ohhira","7":"product_cat-virskinimui-ir-detoksui","8":"product_cat-akcijos","9":"product_cat-fermentai-ir-virskinimas","10":"product_cat-imuniteto-palaikymas","11":"product_cat-imunitetui","12":"product_cat-kepenu-detoksas","13":"product_cat-oksidacinio-streso-mazinimas","14":"product_cat-papildai-ilgaamziskumui","15":"product_cat-uzdegimo-mazinimas","16":"product_cat-zarnynas-ir-mikrobioma","18":"first","19":"instock","20":"sale","21":"shipping-taxable","22":"purchasable","23":"product-type-simple"},"acf":[],"tiered_pricing_type":"fixed","tiered_pricing_fixed_rules":[],"tiered_pricing_product_settings":{"layout":"default","base_unit_name":{"singular":null,"plural":null},"default_variation":null},"tiered_pricing_minimum_quantity":null,"tiered_pricing_roles_data":[],"tiered_pricing_percentage_rules":[],"_links":{"self":[{"href":"https:\/\/purama.lt\/lv\/wp-json\/wp\/v2\/product\/32129","targetHints":{"allow":["GET"]}}],"collection":[{"href":"https:\/\/purama.lt\/lv\/wp-json\/wp\/v2\/product"}],"about":[{"href":"https:\/\/purama.lt\/lv\/wp-json\/wp\/v2\/types\/product"}],"replies":[{"embeddable":true,"href":"https:\/\/purama.lt\/lv\/wp-json\/wp\/v2\/comments?post=32129"}],"wp:featuredmedia":[{"embeddable":true,"href":"https:\/\/purama.lt\/lv\/wp-json\/wp\/v2\/media\/32153"}],"wp:attachment":[{"href":"https:\/\/purama.lt\/lv\/wp-json\/wp\/v2\/media?parent=32129"}],"wp:term":[{"taxonomy":"product_brand","embeddable":true,"href":"https:\/\/purama.lt\/lv\/wp-json\/wp\/v2\/product_brand?post=32129"},{"taxonomy":"product_cat","embeddable":true,"href":"https:\/\/purama.lt\/lv\/wp-json\/wp\/v2\/product_cat?post=32129"},{"taxonomy":"product_tag","embeddable":true,"href":"https:\/\/purama.lt\/lv\/wp-json\/wp\/v2\/product_tag?post=32129"}],"curies":[{"name":"wp","href":"https:\/\/api.w.org\/{rel}","templated":true}]}}