{"id":32126,"date":"2025-02-04T13:13:44","date_gmt":"2025-02-04T13:13:44","guid":{"rendered":"https:\/\/purama.lt\/produktas\/dr-ohhira-fermentuotas-augalinis-ekstraktas\/"},"modified":"2026-04-14T14:03:35","modified_gmt":"2026-04-14T12:03:35","slug":"dr-ohhira-fermentets-augu-ekstrakts","status":"publish","type":"product","link":"https:\/\/purama.lt\/lv\/produktas\/dr-ohhira-fermentuotas-augalinis-ekstraktas\/","title":{"rendered":"Dr.OHHIRA\u00ae Ferment\u0113tu d\u0101rze\u0146u ekstrakts"},"content":{"rendered":"<h4 class=\"wp-block-heading\"><strong>K\u0101 darbojas Dr.OHHIRA\u00ae Ferment\u0113to augu ekstrakts?<\/strong><\/h4>\n\n\n\n<ul class=\"wp-block-list\">\n<li><strong>Atbalsta vesel\u012bgu gremo\u0161anu<\/strong>, mazina diskomfortu un veicina vienm\u0113r\u012bgu bar\u012bbas vielu vielmai\u0146u.<\/li>\n\n\n\n<li><strong>Nostiprina im\u016bnsist\u0113mu<\/strong>jo dab\u012bgi raudz\u0113ti augi nodro\u0161ina b\u016btiskas uzturvielas<\/li>\n\n\n\n<li><strong>veicina organisma detoksik\u0101ciju<\/strong>jo dab\u012bgie antioksidanti pal\u012bdz c\u012bn\u012bties pret oksidat\u012bvo stresu.<\/li>\n\n\n\n<li><strong>Uzlabo visp\u0101r\u0113jo pa\u0161saj\u016btu<\/strong>pal\u012bdz uztur\u0113t organisma iek\u0161\u0113jo l\u012bdzsvaru un vitalit\u0101ti.<\/li>\n<\/ul>\n\n\n\n<h4 class=\"wp-block-heading\"><strong>K\u0101 lietot:<\/strong><\/h4>\n\n\n\n<ol class=\"wp-block-list\">\n<li>Veikt p\u0113c <strong>viens maiss dien\u0101<\/strong>atkar\u012bb\u0101 no piepras\u012bjuma - <strong>3-7 reizes ned\u0113\u013c\u0101<\/strong>.<\/li>\n\n\n\n<li>Lai nodro\u0161in\u0101tu vislab\u0101ko uzs\u016bk\u0161anos, ieteicams lietot <strong>no r\u012bta, pirms \u0113\u0161anas<\/strong>.<\/li>\n\n\n\n<li>Somas saturs <strong>izspiest tie\u0161i mut\u0113 un nor\u012bt<\/strong>Ja v\u0113laties, varat dzert ar remdenu \u016bdeni.<\/li>\n\n\n\n<li>P\u0113c maisi\u0146a atv\u0113r\u0161anas, <strong>t\u016bl\u012bt pat\u0113r\u0113<\/strong>lai saglab\u0101tu visas uzturv\u0113rt\u012bbas.<\/li>\n<\/ol>\n\n\n\n<p><strong>Sast\u0101vda\u013cas:<\/strong> ferment\u0113ti augu ekstrakti, prebiotikas, postbiotikas, dab\u012bgie antioksidanti, fermenti, \u0161\u0137iedrvielu komponenti.<\/p>\n\n\n\n<p><strong>Dr.OHHIRA\u00ae Ferment\u0113tu d\u0101rze\u0146u ekstrakts<\/strong> - dab\u012bgs un efekt\u012bvs atbalsts j\u016bsu \u0137ermenim.<\/p>","protected":false},"excerpt":{"rendered":"<p><strong>Dr.OHHIRA\u00ae Ferment\u0113tu d\u0101rze\u0146u ekstrakts<\/strong> - Unik\u0101ls, ilgsto\u0161i raudz\u0113ts komplekss, kas apvieno dabiskus augu ekstraktus, prebiotikas, postbiotikas un antioksidantus. Ferment\u0101cijas proces\u0101 radu\u0161\u0101s akt\u012bv\u0101s sast\u0101vda\u013cas veicina <strong>uzlabo gremo\u0161anu, stiprina imunit\u0101ti un uztur visp\u0101r\u0113jo organisma l\u012bdzsvaru.<\/strong>. \u0160\u012b formula ir paredz\u0113ta tiem, kas mekl\u0113 dabisku un efekt\u012bvu atbalstu organismam ikdienas uztur\u0101.<\/p>\n<h4><strong>K\u0101p\u0113c izv\u0113l\u0113ties Dr.OHHIRA\u00ae ferment\u0113tu augu ekstraktu?<\/strong><\/h4>\n<p>\u2714 <strong>Ilgsto\u0161i ferment\u0113ta formula<\/strong> - lab\u0101ka absorbcija un liel\u0101ka akt\u012bvo vielu efektivit\u0101te.<br \/>\u2714 <strong>Prebiotikas, postbiotikas un ferment\u0113ti augi<\/strong> - veicina gremo\u0161anu un zarnu mikrofloru.<br \/>\u2714 <strong>Dab\u012bgie antioksidanti<\/strong> - aizsarg\u0101 organismu pret br\u012bvo radik\u0101\u013cu iedarb\u012bbu.<br \/>\u2714 <strong>Piem\u0113rots da\u017e\u0101d\u0101m di\u0113t\u0101m<\/strong> - bez laktozes, bez glut\u0113na, bez m\u0101ksl\u012bg\u0101m piedev\u0101m un \u0122MO.<br \/>\u2714 <strong>Lieto\u0161anas \u0113rtums<\/strong> - var lietot atsevi\u0161\u0137i vai kop\u0101 ar citiem uztura bag\u0101tin\u0101t\u0101jiem<\/p>","protected":false},"featured_media":32139,"comment_status":"open","ping_status":"closed","template":"","meta":{"_acf_changed":false},"product_brand":[421],"product_cat":[57,266,253,252,267,255,254,264,265],"product_tag":[],"class_list":{"0":"post-32126","1":"product","2":"type-product","3":"status-publish","4":"has-post-thumbnail","6":"product_brand-dr-ohhira","7":"product_cat-akcijos","8":"product_cat-fermentai-ir-virskinimas","9":"product_cat-imuniteto-palaikymas","10":"product_cat-imunitetui","11":"product_cat-kepenu-detoksas","12":"product_cat-oksidacinio-streso-mazinimas","13":"product_cat-uzdegimo-mazinimas","14":"product_cat-virskinimui-ir-detoksui","15":"product_cat-zarnynas-ir-mikrobioma","17":"first","18":"instock","19":"sale","20":"shipping-taxable","21":"purchasable","22":"product-type-simple"},"acf":[],"tiered_pricing_type":"fixed","tiered_pricing_fixed_rules":[],"tiered_pricing_product_settings":{"layout":"default","base_unit_name":{"singular":null,"plural":null},"default_variation":null},"tiered_pricing_minimum_quantity":null,"tiered_pricing_roles_data":[],"tiered_pricing_percentage_rules":[],"_links":{"self":[{"href":"https:\/\/purama.lt\/lv\/wp-json\/wp\/v2\/product\/32126","targetHints":{"allow":["GET"]}}],"collection":[{"href":"https:\/\/purama.lt\/lv\/wp-json\/wp\/v2\/product"}],"about":[{"href":"https:\/\/purama.lt\/lv\/wp-json\/wp\/v2\/types\/product"}],"replies":[{"embeddable":true,"href":"https:\/\/purama.lt\/lv\/wp-json\/wp\/v2\/comments?post=32126"}],"wp:featuredmedia":[{"embeddable":true,"href":"https:\/\/purama.lt\/lv\/wp-json\/wp\/v2\/media\/32139"}],"wp:attachment":[{"href":"https:\/\/purama.lt\/lv\/wp-json\/wp\/v2\/media?parent=32126"}],"wp:term":[{"taxonomy":"product_brand","embeddable":true,"href":"https:\/\/purama.lt\/lv\/wp-json\/wp\/v2\/product_brand?post=32126"},{"taxonomy":"product_cat","embeddable":true,"href":"https:\/\/purama.lt\/lv\/wp-json\/wp\/v2\/product_cat?post=32126"},{"taxonomy":"product_tag","embeddable":true,"href":"https:\/\/purama.lt\/lv\/wp-json\/wp\/v2\/product_tag?post=32126"}],"curies":[{"name":"wp","href":"https:\/\/api.w.org\/{rel}","templated":true}]}}