{"id":32125,"date":"2025-02-04T13:13:44","date_gmt":"2025-02-04T13:13:44","guid":{"rendered":"https:\/\/purama.lt\/produktas\/dr-ohhira-geriamas-skystas-kolagenas\/"},"modified":"2026-04-23T07:40:34","modified_gmt":"2026-04-23T05:40:34","slug":"dr-ohhira-mutvardu-skidrais-kolagens","status":"publish","type":"product","link":"https:\/\/purama.lt\/lv\/produktas\/dr-ohhira-geriamas-skystas-kolagenas\/","title":{"rendered":"Dr.OHHIRA\u00ae Peror\u0101lais \u0161\u0137idrais kolag\u0113ns"},"content":{"rendered":"<h4 class=\"wp-block-heading\"><strong>K\u0101 darbojas Dr.OHHIRA\u00ae Oral Liquid Collagen?<\/strong><\/h4>\n\n\n\n<ul class=\"wp-block-list\">\n<li><strong>Uzlabo \u0101das elast\u012bbu un mitrin\u0101\u0161anu<\/strong>, samazina grumbi\u0146as<\/li>\n\n\n\n<li><strong>Stiprina matus un nagus<\/strong>, pie\u0161\u0137irot tiem liel\u0101ku iztur\u012bbu un dabisku sp\u012bdumu.<\/li>\n\n\n\n<li><strong>Aizsarg\u0101 pret oksidat\u012bvo stresu<\/strong>, kas izraisa \u0101das noveco\u0161anos<\/li>\n\n\n\n<li><strong>Stimul\u0113 dabisk\u0101 kolag\u0113na ra\u017eo\u0161anu<\/strong>, kas samazin\u0101s l\u012bdz ar vecumu<\/li>\n\n\n\n<li><strong>Atbalsta loc\u012btavu un saistaudu vesel\u012bbu<\/strong>, kas veicina to elast\u012bgumu.<\/li>\n<\/ul>\n\n\n\n<h4 class=\"wp-block-heading\"><strong>K\u0101 lietot:<\/strong><\/h4>\n\n\n\n<ol class=\"wp-block-list\">\n<li>Pat\u0113ri\u0146a likmi veido <strong>10 pudeles<\/strong>, ko ieteicams lietot <strong>3 ned\u0113\u013cas<\/strong>.<\/li>\n\n\n\n<li>Pirmais <strong>5 dienas<\/strong> dzert p\u0113c <strong>viens flakons (20 ml) dien\u0101<\/strong>, lab\u0101kais <strong>Vakar\u0101<\/strong>, optim\u0101lai uz\u0146em\u0161anai.<\/li>\n\n\n\n<li>P\u0113c <strong>2 dienu p\u0101rtraukumi<\/strong> turpin\u0101t kursu ar otro iepakojumu.<\/li>\n\n\n\n<li>Turpiniet dzert p\u0113c <strong>viens flakons ik p\u0113c trim dien\u0101m<\/strong>, lai saglab\u0101tu ilgsto\u0161u iedarb\u012bbu uz organismu.<\/li>\n\n\n\n<li>Vajadz\u012bbas gad\u012bjum\u0101 var pievienot nelielu daudzumu \u016bdens.<\/li>\n\n\n\n<li><strong>Ieteicams apg\u016bt 3-4 kursus gad\u0101.<\/strong>, saglab\u0101t \u0101das, matu un nagu skaistumu un vesel\u012bbu.<\/li>\n\n\n\n<li>P\u0113c pudeles atv\u0113r\u0161anas, <strong>t\u016bl\u012bt pat\u0113r\u0113<\/strong>, lai saglab\u0101tu visas akt\u012bv\u0101s sast\u0101vda\u013cas.<\/li>\n<\/ol>\n\n\n\n<p><strong>Sast\u0101vda\u013cas:<\/strong> Hidroliz\u0113ts kolag\u0113ns, hialuronsk\u0101be, elast\u012bns, koenz\u012bms Q10, C vitam\u012bns, dab\u012bgie antioksidanti, \u0161\u0137iedrvielu komponenti.<\/p>\n\n\n\n<p><strong>Dr.OHHIRA\u00ae Peror\u0101lais \u0161\u0137idrais kolag\u0113ns<\/strong> - Dabiska skaistumkop\u0161anas formula, kas pal\u012bdz saglab\u0101t jaun\u012bbu \u0101d\u0101, stiprus matus un vesel\u012bgus, skaistus nagus.<\/p>\n\n\n\n<p>Vair\u0101k par kolag\u0113nu lasiet m\u016bsu <a href=\"\/lv\/kolagena-celvedis\/\">kolag\u0113na gids<\/a>.<\/p>","protected":false},"excerpt":{"rendered":"<p><strong>Dr.OHHIRA\u00ae Peror\u0101lais \u0161\u0137idrais kolag\u0113ns - jaun\u012bbai \u0101dai, matiem un nagiem<\/strong> - ir augstas kvalit\u0101tes hidroliz\u0113ts kolag\u0113ns, bag\u0101tin\u0101ts ar hialuronsk\u0101bi, koenz\u012bmu Q10, elast\u012bnu un C vitam\u012bnu, kas pal\u012bdz uztur\u0113t \u0101das elast\u012bbu, stiprina matus un nagus, k\u0101 ar\u012b stimul\u0113 dabisko kolag\u0113na ra\u017eo\u0161anas procesu organism\u0101. \u0160\u012b inovat\u012bv\u0101 \u0161\u0137idr\u0101 formula nodro\u0161ina \u0101tru un efekt\u012bvu uzs\u016bk\u0161anos, t\u0101p\u0113c t\u0101 ir ide\u0101li piem\u0113rota tiem, kas v\u0113las saglab\u0101t jaunekl\u012bgu \u0101das izskatu, vesel\u012bgus matus un stiprus nagus.<\/p>\n<h4><strong>K\u0101p\u0113c izv\u0113l\u0113ties Dr.OHHIRA\u00ae Oral Liquid Collagen?<\/strong><\/h4>\n<p>\u2714 <strong>Hidroliz\u0113ts kolag\u0113ns<\/strong> - nodro\u0161ina lab\u0101ku apg\u016b\u0161anu un efekt\u012bv\u0101ku ietekmi.<br \/>\u2714 <strong>Hialuronsk\u0101be un elast\u012bns<\/strong> - pal\u012bdz uztur\u0113t \u0101das mitrumu un elast\u012bbu.<br \/>\u2714 <strong>Koenz\u012bms Q10 un antioksidanti<\/strong> - aizsarg\u0101 \u0101du pret priek\u0161laic\u012bgu noveco\u0161anos.<br \/>\u2714 <strong>C vitam\u012bns<\/strong> - stimul\u0113 dabisko kolag\u0113na sint\u0113zi organism\u0101.<br \/>\u2714 <strong>\u0160\u0137idr\u0101 formula<\/strong> - viegla lieto\u0161ana un \u0101tra akt\u012bvo vielu uzs\u016bk\u0161an\u0101s.<\/p>","protected":false},"featured_media":32154,"comment_status":"open","ping_status":"closed","template":"","meta":{"_acf_changed":false},"product_brand":[421],"product_cat":[273,57,393,274,123,275],"product_tag":[],"class_list":{"0":"post-32125","1":"product","2":"type-product","3":"status-publish","4":"has-post-thumbnail","6":"product_brand-dr-ohhira","7":"product_cat-odai-plaukams-nagams","8":"product_cat-akcijos","9":"product_cat-dovanu-idejos","10":"product_cat-odos-jaunyste","11":"product_cat-papildai-ilgaamziskumui","12":"product_cat-plauku-ir-nagu-prieziura","14":"first","15":"instock","16":"sale","17":"shipping-taxable","18":"purchasable","19":"product-type-simple"},"acf":[],"tiered_pricing_type":"fixed","tiered_pricing_fixed_rules":[],"tiered_pricing_product_settings":{"layout":"default","base_unit_name":{"singular":null,"plural":null},"default_variation":null},"tiered_pricing_minimum_quantity":null,"tiered_pricing_roles_data":[],"tiered_pricing_percentage_rules":[],"_links":{"self":[{"href":"https:\/\/purama.lt\/lv\/wp-json\/wp\/v2\/product\/32125","targetHints":{"allow":["GET"]}}],"collection":[{"href":"https:\/\/purama.lt\/lv\/wp-json\/wp\/v2\/product"}],"about":[{"href":"https:\/\/purama.lt\/lv\/wp-json\/wp\/v2\/types\/product"}],"replies":[{"embeddable":true,"href":"https:\/\/purama.lt\/lv\/wp-json\/wp\/v2\/comments?post=32125"}],"wp:featuredmedia":[{"embeddable":true,"href":"https:\/\/purama.lt\/lv\/wp-json\/wp\/v2\/media\/32154"}],"wp:attachment":[{"href":"https:\/\/purama.lt\/lv\/wp-json\/wp\/v2\/media?parent=32125"}],"wp:term":[{"taxonomy":"product_brand","embeddable":true,"href":"https:\/\/purama.lt\/lv\/wp-json\/wp\/v2\/product_brand?post=32125"},{"taxonomy":"product_cat","embeddable":true,"href":"https:\/\/purama.lt\/lv\/wp-json\/wp\/v2\/product_cat?post=32125"},{"taxonomy":"product_tag","embeddable":true,"href":"https:\/\/purama.lt\/lv\/wp-json\/wp\/v2\/product_tag?post=32125"}],"curies":[{"name":"wp","href":"https:\/\/api.w.org\/{rel}","templated":true}]}}