{"id":32120,"date":"2025-02-04T13:13:42","date_gmt":"2025-02-04T13:13:42","guid":{"rendered":"https:\/\/purama.lt\/produktas\/nacific-origin-peptide-reviving-lakstine-veido-kauke-su-peptidu-kompleksu\/"},"modified":"2026-04-10T13:03:25","modified_gmt":"2026-04-10T11:03:25","slug":"nacific-origin-peptidu-atjaunojosa-sejas-maska-ar-peptidu-kompleksu","status":"publish","type":"product","link":"https:\/\/purama.lt\/lv\/produktas\/nacific-origin-peptide-reviving-lakstine-veido-kauke-su-peptidu-kompleksu\/","title":{"rendered":"NACIFIC Origin Peptide Atjaunojo\u0161a sejas maska ar pept\u012bdu kompleksu"},"content":{"rendered":"<h4 class=\"wp-block-heading\"><strong>K\u0101 darbojas NACIFIC Origin Peptide Reviving?<\/strong><\/h4>\n\n\n\n<ul class=\"wp-block-list\">\n<li><strong>Atjaunojo\u0161a un mitrino\u0161a formula<\/strong> pal\u012bdz mazin\u0101t noguruma paz\u012bmes un nodro\u0161ina ilgsto\u0161u komfortu.<\/li>\n\n\n\n<li><strong>Uzlabo \u0101das elast\u012bbu<\/strong>, stiprina \u0101das barjeru un sniedz gludu saj\u016btu.<\/li>\n\n\n\n<li><strong>Dzi\u013ci mitrina<\/strong>, uztur \u0101das dabisko mitruma l\u012bdzsvaru un mazina sausumu.<\/li>\n\n\n\n<li><strong>Veicina \u0101das atjauno\u0161anos<\/strong>, pal\u012bdz c\u012bn\u012bties pret pirmaj\u0101m grumbi\u0146\u0101m un saglab\u0101 jaun\u012bbas izskatu.<\/li>\n<\/ul>\n\n\n\n<h4 class=\"wp-block-heading\"><strong>K\u0101 lietot:<\/strong><\/h4>\n\n\n\n<ol class=\"wp-block-list\">\n<li>Not\u012briet seju un nosusiniet \u0101du.<\/li>\n\n\n\n<li>Iz\u0146emiet masku no iepakojuma un uzkl\u0101jiet to uz sejas, cie\u0161i piegu\u013cot \u0101das kont\u016br\u0101m.<\/li>\n\n\n\n<li>Atva\u013cin\u0101jums palaist <strong>15-20 min\u016btes<\/strong>, lai akt\u012bv\u0101s sast\u0101vda\u013cas dzi\u013ci ies\u016bktos.<\/li>\n\n\n\n<li>No\u0146emiet masku un maigi iemas\u0113jiet atliku\u0161o serumu \u0101d\u0101 - nav nepiecie\u0161ams noskalot.<\/li>\n<\/ol>\n\n\n\n<p><strong>Sast\u0101vda\u013cas:<\/strong> pept\u012bdu komplekss, mitrino\u0161as sast\u0101vda\u013cas, antioksidanti, \u0101du stiprino\u0161as vielas.<\/p>\n\n\n\n<p><strong>NACIFIC Izcelsmes pept\u012bdu atjauno\u0161ana<\/strong> - Intens\u012bva \u0101das kop\u0161anas maska, kas nodro\u0161ina \u0101das mitrin\u0101\u0161anu, tvirtumu un ilgsto\u0161u vitalit\u0101ti.<\/p>","protected":false},"excerpt":{"rendered":"<p><strong>NACIFIC Izcelsmes pept\u012bdu atjauno\u0161ana<\/strong> - intens\u012bvi atjaunojo\u0161a un nostiprino\u0161a lok\u0161\u0146u maska, kas bag\u0101tin\u0101ta ar <strong>pept\u012bdu komplekss<\/strong>kas pal\u012bdz <strong>stiprina \u0101das strukt\u016bru, veicina \u0101das re\u0123ener\u0101ciju un saglab\u0101 elast\u012bbu.<\/strong>. Viegl\u0101 lok\u0161\u0146u maskas tekst\u016bra nodro\u0161ina, ka akt\u012bv\u0101s sast\u0101vda\u013cas dzi\u013ci ies\u016bcas \u0101d\u0101, nodro\u0161inot intens\u012bvu mitrin\u0101\u0161anu, gludu saj\u016btu un vesel\u012bgu mirdzumu.<\/p>\n<h4><strong>K\u0101p\u0113c izv\u0113l\u0113ties NACIFIC Origin Peptide Reviving?<\/strong><\/h4>\n<p>\u2714 <strong>Pept\u012bdu komplekss<\/strong> - stiprina \u0101das aizsargbarjeru, veicina re\u0123ener\u0101ciju un palielina elast\u012bbu.<br \/>\u2714 <strong>Mitrino\u0161\u0101s sast\u0101vda\u013cas<\/strong> - ilgsto\u0161a mitrin\u0101\u0161ana, kas pal\u012bdz saglab\u0101t \u0101das maigumu.<br \/>\u2714 <strong>Nostiprino\u0161a formula<\/strong> - Samazina smalk\u0101s l\u012bnijas un grumbas un padara \u0101du gludu.<br \/>\u2714 <strong>Loksnes tekst\u016bra<\/strong> - nodro\u0161ina optim\u0101lu akt\u012bvo vielu uzs\u016bk\u0161anos<br \/>\u2714 <strong>Piem\u0113rots visiem \u0101das tipiem<\/strong>, jo \u012bpa\u0161i nobriedu\u0161iem, noguru\u0161iem un noguru\u0161iem iedz\u012bvot\u0101jiem.<\/p>","protected":false},"featured_media":32136,"comment_status":"open","ping_status":"closed","template":"","meta":{"_acf_changed":false},"product_brand":[440],"product_cat":[92,142,59],"product_tag":[],"class_list":{"0":"post-32120","1":"product","2":"type-product","3":"status-publish","4":"has-post-thumbnail","6":"product_brand-nacific","7":"product_cat-groziui","8":"product_cat-veido-kaukes","9":"product_cat-veidui","11":"first","12":"instock","13":"shipping-taxable","14":"purchasable","15":"product-type-simple"},"acf":[],"tiered_pricing_type":"fixed","tiered_pricing_fixed_rules":[],"tiered_pricing_product_settings":{"layout":"default","base_unit_name":{"singular":null,"plural":null},"default_variation":null},"tiered_pricing_minimum_quantity":null,"tiered_pricing_roles_data":[],"tiered_pricing_percentage_rules":[],"_links":{"self":[{"href":"https:\/\/purama.lt\/lv\/wp-json\/wp\/v2\/product\/32120","targetHints":{"allow":["GET"]}}],"collection":[{"href":"https:\/\/purama.lt\/lv\/wp-json\/wp\/v2\/product"}],"about":[{"href":"https:\/\/purama.lt\/lv\/wp-json\/wp\/v2\/types\/product"}],"replies":[{"embeddable":true,"href":"https:\/\/purama.lt\/lv\/wp-json\/wp\/v2\/comments?post=32120"}],"wp:featuredmedia":[{"embeddable":true,"href":"https:\/\/purama.lt\/lv\/wp-json\/wp\/v2\/media\/32136"}],"wp:attachment":[{"href":"https:\/\/purama.lt\/lv\/wp-json\/wp\/v2\/media?parent=32120"}],"wp:term":[{"taxonomy":"product_brand","embeddable":true,"href":"https:\/\/purama.lt\/lv\/wp-json\/wp\/v2\/product_brand?post=32120"},{"taxonomy":"product_cat","embeddable":true,"href":"https:\/\/purama.lt\/lv\/wp-json\/wp\/v2\/product_cat?post=32120"},{"taxonomy":"product_tag","embeddable":true,"href":"https:\/\/purama.lt\/lv\/wp-json\/wp\/v2\/product_tag?post=32120"}],"curies":[{"name":"wp","href":"https:\/\/api.w.org\/{rel}","templated":true}]}}