{"id":32118,"date":"2025-02-04T13:13:42","date_gmt":"2025-02-04T13:13:42","guid":{"rendered":"https:\/\/purama.lt\/produktas\/nacific-aha-bha-balancing-mask-balansuojanti-lakstine-veido-kauke\/"},"modified":"2026-04-10T13:03:25","modified_gmt":"2026-04-10T11:03:25","slug":"nacific-aha-bha-balansesanas-maska-balansesanas-loksnu-sejas-maska","status":"publish","type":"product","link":"https:\/\/purama.lt\/lv\/produktas\/nacific-aha-bha-balancing-mask-balansuojanti-lakstine-veido-kauke\/","title":{"rendered":"NACIFIC AHA\/BHA balans\u0113jo\u0161\u0101 maska Balans\u0113jo\u0161\u0101 lok\u0161\u0146u maska"},"content":{"rendered":"<h4 class=\"wp-block-heading\">K\u0101 darbojas NACIFIC AHA\/BHA l\u012bdzsvarojo\u0161\u0101 maska?<\/h4>\n\n\n\n<ul class=\"wp-block-list\">\n<li>Maigi p\u012blings, izl\u012bdzina \u0101das strukt\u016bru un no\u0146em atmiru\u0161\u0101s \u0101das \u0161\u016bnas.<\/li>\n\n\n\n<li>Dzi\u013ci att\u012bra poras, pal\u012bdz mazin\u0101t pinnes un nov\u0113rst pinnes.<\/li>\n\n\n\n<li>L\u012bdzsvaro sebuma veido\u0161anos mat\u0113tam fini\u0161am<\/li>\n\n\n\n<li>Nomierina kairin\u0101tu \u0101du, mazina aps\u0101rtumu un uztur \u0101das aizsargbarjeru.<\/li>\n<\/ul>\n\n\n\n<h4 class=\"wp-block-heading\">K\u0101 lietot?<\/h4>\n\n\n\n<ol class=\"wp-block-list\">\n<li>Not\u012briet seju un nosusiniet \u0101du.<\/li>\n\n\n\n<li>Iz\u0146emiet masku no iepakojuma un uzkl\u0101jiet to uz sejas, cie\u0161i piegu\u013cot \u0101das kont\u016br\u0101m.<\/li>\n\n\n\n<li>Atst\u0101jiet uzkl\u0101t uz \u0101das uz 15-20 min\u016bt\u0113m, lai akt\u012bv\u0101s sast\u0101vda\u013cas dzi\u013ci ies\u016bcas.<\/li>\n\n\n\n<li>No\u0146emiet masku un maigi iemas\u0113jiet atliku\u0161o serumu \u0101d\u0101 - nav nepiecie\u0161ams noskalot.<\/li>\n<\/ol>\n\n\n\n<p><strong>Sast\u0101vda\u013cas:<\/strong> AHA sk\u0101bes, BHA sk\u0101bes, mitrino\u0161as sast\u0101vda\u013cas, \u0101du nomierino\u0161i augu ekstrakti.<\/p>\n\n\n\n<p><strong>NACIFIC AHA\/BHA l\u012bdzsvarojo\u0161a maska<\/strong> - \u0100das l\u012bdzsvaru atjaunojo\u0161a maska, kas nodro\u0161ina ilgsto\u0161u t\u012bras, svaigas un vienm\u0113r\u012bgas \u0101das efektu.<\/p>","protected":false},"excerpt":{"rendered":"<p><strong>NACIFIC AHA\/BHA l\u012bdzsvarojo\u0161a maska<\/strong> - lok\u0161\u0146u sejas maska, kas atjauno \u0101das l\u012bdzsvaru, bag\u0101tin\u0101ta ar <strong>AHA un BHA sk\u0101bes<\/strong>kas pal\u012bdz <strong>maigi noloba \u0101du, no\u0146em atmiru\u0161\u0101s \u0161\u016bnas un l\u012bdzsvaro sebuma veido\u0161anos.<\/strong>. \u0160\u012b formula dzi\u013ci att\u012bra, atsvaidzina un izl\u012bdzina \u0101du, bet mitrino\u0161\u0101s sast\u0101vda\u013cas nov\u0113r\u0161 \u0101das sausumu un uztur vesel\u012bgu \u0101das l\u012bdzsvaru.<\/p>\n<p><strong>K\u0101p\u0113c izv\u0113l\u0113ties NACIFIC AHA\/BHA l\u012bdzsvarojo\u0161o masku?<\/strong><\/p>\n<p>\u2714 AHA sk\u0101bes - maigi no\u0146em atmiru\u0161\u0101s \u0101das \u0161\u016bnas, veicinot \u0101das atjauno\u0161anos<br \/>\u2714 BHA sk\u0101bes - dzi\u013ci att\u012bra poras, samazina melnos punktus un regul\u0113 sebuma sekr\u0113ciju.<br \/>\u2714 Mitrino\u0161as sast\u0101vda\u013cas - uztur \u0101das mitruma l\u012bdzsvaru un nov\u0113r\u0161 sausumu.<br \/>\u2714 Loksnes tekst\u016bra - nodro\u0161ina optim\u0101lu akt\u012bvo sast\u0101vda\u013cu uzs\u016bk\u0161anos<br \/>\u2714 Piem\u0113rots taukainai, jauktai un problem\u0101tiskai \u0101dai ar noslieci uz nepiln\u012bb\u0101m<\/p>","protected":false},"featured_media":32169,"comment_status":"open","ping_status":"closed","template":"","meta":{"_acf_changed":false},"product_brand":[440],"product_cat":[92,500,142,59],"product_tag":[],"class_list":{"0":"post-32118","1":"product","2":"type-product","3":"status-publish","4":"has-post-thumbnail","6":"product_brand-nacific","7":"product_cat-groziui","8":"product_cat-outlet","9":"product_cat-veido-kaukes","10":"product_cat-veidui","12":"first","13":"instock","14":"sale","15":"shipping-taxable","16":"purchasable","17":"product-type-simple"},"acf":[],"tiered_pricing_type":"fixed","tiered_pricing_fixed_rules":[],"tiered_pricing_product_settings":{"layout":"default","base_unit_name":{"singular":null,"plural":null},"default_variation":null},"tiered_pricing_minimum_quantity":null,"tiered_pricing_roles_data":[],"tiered_pricing_percentage_rules":[],"_links":{"self":[{"href":"https:\/\/purama.lt\/lv\/wp-json\/wp\/v2\/product\/32118","targetHints":{"allow":["GET"]}}],"collection":[{"href":"https:\/\/purama.lt\/lv\/wp-json\/wp\/v2\/product"}],"about":[{"href":"https:\/\/purama.lt\/lv\/wp-json\/wp\/v2\/types\/product"}],"replies":[{"embeddable":true,"href":"https:\/\/purama.lt\/lv\/wp-json\/wp\/v2\/comments?post=32118"}],"wp:featuredmedia":[{"embeddable":true,"href":"https:\/\/purama.lt\/lv\/wp-json\/wp\/v2\/media\/32169"}],"wp:attachment":[{"href":"https:\/\/purama.lt\/lv\/wp-json\/wp\/v2\/media?parent=32118"}],"wp:term":[{"taxonomy":"product_brand","embeddable":true,"href":"https:\/\/purama.lt\/lv\/wp-json\/wp\/v2\/product_brand?post=32118"},{"taxonomy":"product_cat","embeddable":true,"href":"https:\/\/purama.lt\/lv\/wp-json\/wp\/v2\/product_cat?post=32118"},{"taxonomy":"product_tag","embeddable":true,"href":"https:\/\/purama.lt\/lv\/wp-json\/wp\/v2\/product_tag?post=32118"}],"curies":[{"name":"wp","href":"https:\/\/api.w.org\/{rel}","templated":true}]}}