{"id":32116,"date":"2025-02-04T13:13:41","date_gmt":"2025-02-04T13:13:41","guid":{"rendered":"https:\/\/purama.lt\/produktas\/nacific-cica-tea-tree-relaxing-mask-atpalaiduojanti-lakstine-veido-kauke\/"},"modified":"2026-04-10T13:03:25","modified_gmt":"2026-04-10T11:03:25","slug":"nacific-cica-tejas-koka-relaksejosa-maska-relaksejosa-sejas-maska","status":"publish","type":"product","link":"https:\/\/purama.lt\/lv\/produktas\/nacific-cica-tea-tree-relaxing-mask-atpalaiduojanti-lakstine-veido-kauke\/","title":{"rendered":"NACIFIC Cica Tea Tree Relaxing Mask Relaks\u0113jo\u0161a lok\u0161\u0146u sejas maska"},"content":{"rendered":"<h4 class=\"wp-block-heading\">K\u0101 darbojas NACIFIC Cica Tea Tree Relaxing Mask?<\/h4>\n\n\n\n<ul class=\"wp-block-list\">\n<li>Nomierina kairin\u0101tu un jut\u012bgu \u0101du, mazina aps\u0101rtumu.<\/li>\n\n\n\n<li>Dzi\u013ci mitrina un stiprina \u0101das aizsargbarjeru.<\/li>\n\n\n\n<li>L\u012bdzsvaro sebuma veido\u0161anos un pie\u0161\u0137ir mat\u0113tu efektu.<\/li>\n\n\n\n<li>Atsvaidzina un atjauno \u0101das l\u012bdzsvaru, lai pie\u0161\u0137irtu tai vesel\u012bgu izskatu.<\/li>\n<\/ul>\n\n\n\n<h4 class=\"wp-block-heading\">K\u0101 lietot?<\/h4>\n\n\n\n<ol class=\"wp-block-list\">\n<li>Not\u012briet seju un nosusiniet \u0101du.<\/li>\n\n\n\n<li>Iz\u0146emiet masku no iepakojuma un uzkl\u0101jiet to uz sejas, cie\u0161i piegu\u013cot \u0101das kont\u016br\u0101m.<\/li>\n\n\n\n<li>Atst\u0101jiet uzkl\u0101t uz \u0101das uz 15-20 min\u016bt\u0113m, lai akt\u012bv\u0101s sast\u0101vda\u013cas dzi\u013ci ies\u016bcas.<\/li>\n\n\n\n<li>No\u0146emiet masku un maigi iemas\u0113jiet atliku\u0161o serumu \u0101d\u0101 - nav nepiecie\u0161ams noskalot.<\/li>\n<\/ol>\n\n\n\n<p><strong>Sast\u0101vda\u013cas:<\/strong> \u0100zijas Centella ekstrakts (Cica), t\u0113jas koka ekstrakts, mitrino\u0161as sast\u0101vda\u013cas, \u0101das aizsargvielas.<\/p>\n\n\n\n<p><strong>NACIFIC Cica t\u0113jas koka relaks\u0113jo\u0161a maska<\/strong> - Intens\u012bvi nomierino\u0161a maska, kas sniedz svaigu un ilgsto\u0161u komforta saj\u016btu.<\/p>","protected":false},"excerpt":{"rendered":"<p><strong>NACIFIC Cica t\u0113jas koka relaks\u0113jo\u0161a maska<\/strong> - intens\u012bvi nomierino\u0161a un \u0101du l\u012bdzsvarojo\u0161a lok\u0161\u0146u sejas maska, kas bag\u0101tin\u0101ta ar <strong>\u0100zijas Centella (Cica) un t\u0113jas koka ekstrakti.<\/strong>kas pal\u012bdz <strong>mazina aps\u0101rtumu, nomierina kairin\u0101tu \u0101du un stiprina aizsargbarjeru.<\/strong>. Maig\u0101 formula nodro\u0161ina dzi\u013cu mitrin\u0101\u0161anu un komforta saj\u016btu, savuk\u0101rt viegl\u0101 lok\u0161\u0146u tekst\u016bra \u013cauj akt\u012bvaj\u0101m sast\u0101vda\u013c\u0101m \u0101tri uzs\u016bkties.<\/p>\n<p><strong>K\u0101p\u0113c izv\u0113l\u0113ties NACIFIC Cica t\u0113jas koka atsl\u0101bino\u0161o masku?<\/strong><\/p>\n<p>\u2714 \u0100zijas centellas ekstrakts (Cica) - nomierina kairin\u0101tu \u0101du un stiprina aizsargbarjeru.<br \/>\u2714 T\u0113jas koka ekstrakts - mazina aps\u0101rtumu, l\u012bdzsvaro sebuma sekr\u0113ciju<br \/>\u2714 Mitrino\u0161ie komponenti - nodro\u0161ina ilgsto\u0161u mitrin\u0101\u0161anu un svaiguma saj\u016btu<br \/>\u2714 Lok\u0161\u0146u tekst\u016bra - \u013cauj akt\u012bvaj\u0101m sast\u0101vda\u013c\u0101m iek\u013c\u016bt dzi\u013ci \u0101d\u0101<br \/>\u2714 Piem\u0113rots visiem \u0101das tipiem, \u012bpa\u0161i jut\u012bgai un kairin\u0101tai \u0101dai<\/p>","protected":false},"featured_media":32134,"comment_status":"open","ping_status":"closed","template":"","meta":{"_acf_changed":false},"product_brand":[440],"product_cat":[92,500,142,59],"product_tag":[],"class_list":{"0":"post-32116","1":"product","2":"type-product","3":"status-publish","4":"has-post-thumbnail","6":"product_brand-nacific","7":"product_cat-groziui","8":"product_cat-outlet","9":"product_cat-veido-kaukes","10":"product_cat-veidui","12":"first","13":"instock","14":"sale","15":"shipping-taxable","16":"purchasable","17":"product-type-simple"},"acf":[],"tiered_pricing_type":"fixed","tiered_pricing_fixed_rules":[],"tiered_pricing_product_settings":{"layout":"default","base_unit_name":{"singular":null,"plural":null},"default_variation":null},"tiered_pricing_minimum_quantity":null,"tiered_pricing_roles_data":[],"tiered_pricing_percentage_rules":[],"_links":{"self":[{"href":"https:\/\/purama.lt\/lv\/wp-json\/wp\/v2\/product\/32116","targetHints":{"allow":["GET"]}}],"collection":[{"href":"https:\/\/purama.lt\/lv\/wp-json\/wp\/v2\/product"}],"about":[{"href":"https:\/\/purama.lt\/lv\/wp-json\/wp\/v2\/types\/product"}],"replies":[{"embeddable":true,"href":"https:\/\/purama.lt\/lv\/wp-json\/wp\/v2\/comments?post=32116"}],"wp:featuredmedia":[{"embeddable":true,"href":"https:\/\/purama.lt\/lv\/wp-json\/wp\/v2\/media\/32134"}],"wp:attachment":[{"href":"https:\/\/purama.lt\/lv\/wp-json\/wp\/v2\/media?parent=32116"}],"wp:term":[{"taxonomy":"product_brand","embeddable":true,"href":"https:\/\/purama.lt\/lv\/wp-json\/wp\/v2\/product_brand?post=32116"},{"taxonomy":"product_cat","embeddable":true,"href":"https:\/\/purama.lt\/lv\/wp-json\/wp\/v2\/product_cat?post=32116"},{"taxonomy":"product_tag","embeddable":true,"href":"https:\/\/purama.lt\/lv\/wp-json\/wp\/v2\/product_tag?post=32116"}],"curies":[{"name":"wp","href":"https:\/\/api.w.org\/{rel}","templated":true}]}}