{"id":32113,"date":"2025-02-04T13:13:40","date_gmt":"2025-02-04T13:13:40","guid":{"rendered":"https:\/\/purama.lt\/produktas\/cosrx-the-retinol-0-3-veido-kremas-su-retinoliu\/"},"modified":"2026-04-10T13:03:25","modified_gmt":"2026-04-10T11:03:25","slug":"cosrx-the-retinol-0-3-sejas-krems-ar-retinolu","status":"publish","type":"product","link":"https:\/\/purama.lt\/lv\/produktas\/cosrx-the-retinol-0-3-veido-kremas-su-retinoliu\/","title":{"rendered":"COSRX The Retinol 0,3 sejas kr\u0113ms ar retinolu"},"content":{"rendered":"<h4 class=\"wp-block-heading\">K\u0101 darbojas COSRX The Retinol 0.3?<\/h4>\n\n\n\n<ul class=\"wp-block-list\">\n<li>Stimul\u0113 \u0101das atjauno\u0161anos un izl\u012bdzina \u0101das virsmu.<\/li>\n\n\n\n<li>Samazina s\u012bk\u0101s grumbi\u0146as un uzlabo \u0101das elast\u012bbu.<\/li>\n\n\n\n<li>Izgaismo un pie\u0161\u0137ir \u0101dai dabisku mirdzumu.<\/li>\n\n\n\n<li>Aizsarg\u0101 pret oksidat\u012bvo stresu un \u0101r\u0113jiem kairin\u0101t\u0101jiem.<\/li>\n<\/ul>\n\n\n\n<h4 class=\"wp-block-heading\">K\u0101 lietot?<\/h4>\n\n\n\n<ol class=\"wp-block-list\">\n<li><strong>Pirm\u0101s 2 ned\u0113\u013cas<\/strong> Lietojiet 2-3 reizes ned\u0113\u013c\u0101 vakar\u0101, lai \u0101da pierastu pie retinola.<\/li>\n\n\n\n<li>Var izmantot v\u0113l\u0101k <strong>katru otro dienu vai katru dienu<\/strong>atkar\u012bb\u0101 no \u0101das jut\u012bbas.<\/li>\n\n\n\n<li>Uzkl\u0101jiet pl\u0101nu k\u0101rti\u0146u uz t\u012bras, sausas \u0101das, izvairoties no acu zonas.<\/li>\n\n\n\n<li>P\u0113c lieto\u0161anas ieteicams lietot mitrino\u0161u l\u012bdzekli, lai saglab\u0101tu \u0101das aizsardz\u012bbu.<\/li>\n\n\n\n<li><strong>No r\u012bta lietojiet kr\u0113mu ar SPF<\/strong>jo retinols var palielin\u0101t \u0101das jut\u012bbu pret saules gaismu.<\/li>\n<\/ol>\n\n\n\n<p><strong>Sast\u0101vda\u013cas:<\/strong> 0,3% t\u012brs retinols, mitrino\u0161as sast\u0101vda\u013cas, antioksidanti, antioksidanti, antioksidanti, \u0101das aizsargvielas.<\/p>\n\n\n\n<p><strong>COSRX Retinols 0,3<\/strong> - Efekt\u012bva \u0101das atjauno\u0161ana un jaunekl\u012bgs izskats.<\/p>\n\n\n\n<p>Vai mekl\u0113jat vair\u0101k? Apskatiet visu <a href=\"\/lv\/produktu-etiketes\/cosrx\/\">COSRX sortiments<\/a>.<\/p>","protected":false},"excerpt":{"rendered":"<p><strong>COSRX Retinols 0,3<\/strong> - koncentr\u0113ts sejas kr\u0113ms ar <strong>0,3% t\u012brs retinols<\/strong>, ko izveidoja <strong>stimul\u0113 \u0101das atjauno\u0161anos, samazina s\u012bk\u0101s grumbi\u0146as un palielina elast\u012bbu.<\/strong>. Maiga, bet efekt\u012bva formula pal\u012bdz <strong>izgaismo \u0101du, mazina noveco\u0161an\u0101s paz\u012bmes un izl\u012bdzina t\u0101s tekst\u016bru.<\/strong>vienlaikus nodro\u0161inot optim\u0101lu mitrin\u0101\u0161anu un aizsardz\u012bbu pret kairin\u0101jumu.<\/p>\n<p><strong>K\u0101p\u0113c izv\u0113l\u0113ties COSRX The Retinol 0,3?<\/strong><br \/>\u2714 0,3% t\u012brs retinols - efekt\u012bvi stimul\u0113 \u0101das re\u0123ener\u0101ciju un samazina grumbas<br \/>\u2714 Mitrino\u0161as sast\u0101vda\u013cas - \u0101das komfortam un aizsardz\u012bbai pret sausumu<br \/>\u2714 Antioksidanti - stiprina \u0101das aizsardz\u012bbu pret vides stresu<br \/>\u2714 Viegla, \u0101tri uzs\u016bco\u0161a tekst\u016bra - neapgr\u016btina \u0101du un ir piem\u0113rota ikdienas lieto\u0161anai.<br \/>\u2714 Piem\u0113rots nobriedu\u0161ai, kuplai un nov\u0101jin\u0101tai \u0101dai<\/p>","protected":false},"featured_media":32167,"comment_status":"open","ping_status":"closed","template":"","meta":{"_acf_changed":false},"product_brand":[418],"product_cat":[92,55,59],"product_tag":[],"class_list":{"0":"post-32113","1":"product","2":"type-product","3":"status-publish","4":"has-post-thumbnail","6":"product_brand-cosrx","7":"product_cat-groziui","8":"product_cat-veido-kremai","9":"product_cat-veidui","11":"first","12":"instock","13":"shipping-taxable","14":"purchasable","15":"product-type-simple"},"acf":[],"tiered_pricing_type":"fixed","tiered_pricing_fixed_rules":[],"tiered_pricing_product_settings":{"layout":"default","base_unit_name":{"singular":null,"plural":null},"default_variation":null},"tiered_pricing_minimum_quantity":null,"tiered_pricing_roles_data":[],"tiered_pricing_percentage_rules":[],"_links":{"self":[{"href":"https:\/\/purama.lt\/lv\/wp-json\/wp\/v2\/product\/32113","targetHints":{"allow":["GET"]}}],"collection":[{"href":"https:\/\/purama.lt\/lv\/wp-json\/wp\/v2\/product"}],"about":[{"href":"https:\/\/purama.lt\/lv\/wp-json\/wp\/v2\/types\/product"}],"replies":[{"embeddable":true,"href":"https:\/\/purama.lt\/lv\/wp-json\/wp\/v2\/comments?post=32113"}],"wp:featuredmedia":[{"embeddable":true,"href":"https:\/\/purama.lt\/lv\/wp-json\/wp\/v2\/media\/32167"}],"wp:attachment":[{"href":"https:\/\/purama.lt\/lv\/wp-json\/wp\/v2\/media?parent=32113"}],"wp:term":[{"taxonomy":"product_brand","embeddable":true,"href":"https:\/\/purama.lt\/lv\/wp-json\/wp\/v2\/product_brand?post=32113"},{"taxonomy":"product_cat","embeddable":true,"href":"https:\/\/purama.lt\/lv\/wp-json\/wp\/v2\/product_cat?post=32113"},{"taxonomy":"product_tag","embeddable":true,"href":"https:\/\/purama.lt\/lv\/wp-json\/wp\/v2\/product_tag?post=32113"}],"curies":[{"name":"wp","href":"https:\/\/api.w.org\/{rel}","templated":true}]}}