{"id":32110,"date":"2025-02-04T13:13:40","date_gmt":"2025-02-04T13:13:40","guid":{"rendered":"https:\/\/purama.lt\/produktas\/cosrx-master-patch-originall-fit-pleistrai-nuo-spuogu\/"},"modified":"2026-04-10T13:03:25","modified_gmt":"2026-04-10T11:03:25","slug":"cosrx-master-plaksteris-originall-fit-plaksteri-pret-pinnem","status":"publish","type":"product","link":"https:\/\/purama.lt\/lv\/produktas\/cosrx-master-patch-originall-fit-pleistrai-nuo-spuogu\/","title":{"rendered":"COSRX Master Patch Originall FIT pl\u0101ksteri pret pinn\u0113m"},"content":{"rendered":"<h4 class=\"wp-block-heading\"><strong>K\u0101 darbojas COSRX Master Patch Original Fit?<\/strong><\/h4>\n\n\n\n<ul class=\"wp-block-list\">\n<li>Absorb\u0113jo\u0161s hidrokollo\u012bds pal\u012bdz no\u0146emt net\u012brumus un lieko sebumu<\/li>\n\n\n\n<li>Samazina pinnes redzam\u012bbu un pal\u012bdz \u0101dai \u0101tr\u0101k sadz\u012bt.<\/li>\n\n\n\n<li>Uztur optim\u0101lu mitrumu \u0101tr\u0101kai \u0101das dzied\u0113\u0161anai<\/li>\n\n\n\n<li>Aizsarg\u0101 skarto vietu no \u0101r\u0113jiem kairin\u0101t\u0101jiem un bakt\u0113rij\u0101m.<\/li>\n<\/ul>\n\n\n\n<h4 class=\"wp-block-heading\"><strong>K\u0101 lietot?<\/strong><\/h4>\n\n\n\n<ol class=\"wp-block-list\">\n<li>Not\u012briet un nosusiniet \u0101du.<\/li>\n\n\n\n<li>Izv\u0113lieties atbilsto\u0161a izm\u0113ra pl\u0101ksteri un uzkl\u0101jiet to uz p\u016bt\u012b\u0161a vai skart\u0101s vietas.<\/li>\n\n\n\n<li>Atva\u013cin\u0101jums palaist <strong>6-8 stundas vai pa nakti<\/strong>.<\/li>\n\n\n\n<li>No\u0146emiet pl\u0101ksteri un, ja nepiecie\u0161ams, nomainiet to ar jaunu.<\/li>\n<\/ol>\n\n\n\n<p><strong>Sast\u0101vda\u013cas:<\/strong> hidrokolo\u012bdi, aizsarg\u0101jo\u0161as un mitrino\u0161as vielas.<\/p>\n\n\n\n<p><strong>COSRX Master Patch Original Fit<\/strong> - \u0100trs un efekt\u012bvs veids, k\u0101 c\u012bn\u012bties ar p\u016bt\u012bt\u0113m un pasarg\u0101t \u0101du no kairin\u0101juma un r\u0113tas.<\/p>\n\n\n\n<p>Vai mekl\u0113jat vair\u0101k? Apskatiet visu <a href=\"\/lv\/produktu-etiketes\/cosrx\/\">COSRX sortiments<\/a>.<\/p>","protected":false},"excerpt":{"rendered":"<p><strong>COSRX Master Patch Original Fit<\/strong> - diskr\u0113ts, efekt\u012bvs un viegli lietojams <strong>hidrokolo\u012bda pl\u0101ksteri<\/strong>, pal\u012bdzot <strong>pa\u0101trina pinnes dz\u012b\u0161anu, aizsarg\u0101 boj\u0101tu \u0101du un mazina iekaisumu.<\/strong>. Pl\u0101ni un gandr\u012bz neredzami, \u0161ie pl\u0101ksteri piel\u0101gojas \u0101dai, uzs\u016bc net\u012brumus un uztur optim\u0101lu mitruma l\u012bdzsvaru, lai pal\u012bdz\u0113tu \u0101dai \u0101tr\u0101k atjaunoties. Pinnes var b\u016bt gan s\u0101p\u012bga, gan est\u0113tiska probl\u0113ma, t\u0101p\u0113c t\u0101s var b\u016bt ar\u012b est\u0113tiska probl\u0113ma. <strong>COSRX Master Patch Original Fit<\/strong> ir \u012bpa\u0161i izstr\u0101d\u0101ts <strong>samazina pinnes redzam\u012bbu un pa\u0101trina dz\u012b\u0161anu.<\/strong>, nov\u0113r\u0161 bakt\u0113riju turpm\u0101ku \u0101das boj\u0101\u0161anu.<\/p>\n<p><strong>K\u0101p\u0113c izv\u0113l\u0113ties COSRX Master Patch Original Fit?<\/strong><\/p>\n<p>\u2714 <strong>Pa\u0101trina pinnes dz\u012b\u0161anu<\/strong> - absorb\u0113 net\u012brumus un mazina iekaisumu<br \/>\u2714 <strong>Aizsarg\u0101 \u0101du<\/strong> - nov\u0113r\u0161 bakt\u0113riju un net\u012brumu iek\u013c\u016b\u0161anu skartaj\u0101 zon\u0101.<br \/>\u2714 <strong>Neredzam\u0101 tekst\u016bra<\/strong> - pl\u0101ni, caursp\u012bd\u012bgi pl\u0101ksteri, piem\u0113roti lieto\u0161anai gan dien\u0101, gan nakt\u012b.<br \/>\u2714 <strong>Uztur mitruma l\u012bdzsvaru<\/strong> - pal\u012bdz \u0101dai \u0101tr\u0101k atjaunoties bez r\u0113t\u0101m<br \/>\u2714 <strong>Piem\u0113rots visiem \u0101das tipiem<\/strong>, \u012bpa\u0161i taukainai un uz pinn\u0113m tend\u0113tai \u0101dai.<\/p>","protected":false},"featured_media":32157,"comment_status":"open","ping_status":"closed","template":"","meta":{"_acf_changed":false},"product_brand":[418],"product_cat":[92,142,59],"product_tag":[],"class_list":{"0":"post-32110","1":"product","2":"type-product","3":"status-publish","4":"has-post-thumbnail","6":"product_brand-cosrx","7":"product_cat-groziui","8":"product_cat-veido-kaukes","9":"product_cat-veidui","11":"first","12":"outofstock","13":"shipping-taxable","14":"purchasable","15":"product-type-simple"},"acf":[],"tiered_pricing_type":"fixed","tiered_pricing_fixed_rules":[],"tiered_pricing_product_settings":{"layout":"default","base_unit_name":{"singular":null,"plural":null},"default_variation":null},"tiered_pricing_minimum_quantity":null,"tiered_pricing_roles_data":[],"tiered_pricing_percentage_rules":[],"_links":{"self":[{"href":"https:\/\/purama.lt\/lv\/wp-json\/wp\/v2\/product\/32110","targetHints":{"allow":["GET"]}}],"collection":[{"href":"https:\/\/purama.lt\/lv\/wp-json\/wp\/v2\/product"}],"about":[{"href":"https:\/\/purama.lt\/lv\/wp-json\/wp\/v2\/types\/product"}],"replies":[{"embeddable":true,"href":"https:\/\/purama.lt\/lv\/wp-json\/wp\/v2\/comments?post=32110"}],"wp:featuredmedia":[{"embeddable":true,"href":"https:\/\/purama.lt\/lv\/wp-json\/wp\/v2\/media\/32157"}],"wp:attachment":[{"href":"https:\/\/purama.lt\/lv\/wp-json\/wp\/v2\/media?parent=32110"}],"wp:term":[{"taxonomy":"product_brand","embeddable":true,"href":"https:\/\/purama.lt\/lv\/wp-json\/wp\/v2\/product_brand?post=32110"},{"taxonomy":"product_cat","embeddable":true,"href":"https:\/\/purama.lt\/lv\/wp-json\/wp\/v2\/product_cat?post=32110"},{"taxonomy":"product_tag","embeddable":true,"href":"https:\/\/purama.lt\/lv\/wp-json\/wp\/v2\/product_tag?post=32110"}],"curies":[{"name":"wp","href":"https:\/\/api.w.org\/{rel}","templated":true}]}}