{"id":32109,"date":"2025-02-04T13:13:39","date_gmt":"2025-02-04T13:13:39","guid":{"rendered":"https:\/\/purama.lt\/produktas\/cosrx-ac-calming-foam-cleanser-prausiklis-probleminei-odai\/"},"modified":"2026-04-10T13:03:25","modified_gmt":"2026-04-10T11:03:25","slug":"cosrx-ac-nomierinosas-putas-problematiskai-adai","status":"publish","type":"product","link":"https:\/\/purama.lt\/lv\/produktas\/cosrx-ac-calming-foam-cleanser-prausiklis-probleminei-odai\/","title":{"rendered":"COSRX AC nomierino\u0161\u0101s putas problem\u0101tiskai \u0101dai"},"content":{"rendered":"<h4 class=\"wp-block-heading\">K\u0101 darbojas COSRX AC nomierino\u0161\u0101s att\u012bro\u0161\u0101s putas?<\/h4>\n\n\n\n<ul class=\"wp-block-list\">\n<li>Dzi\u013ci att\u012bra poras un pal\u012bdz c\u012bn\u012bties pret pinn\u0113m.<\/li>\n\n\n\n<li>L\u012bdzsvaro sebuma veido\u0161anos, samazina sp\u012bdumu<\/li>\n\n\n\n<li>Nomierina kairin\u0101tu \u0101du, mazina aps\u0101rtumu un iekaisumu.<\/li>\n\n\n\n<li>Uztur \u0101das mitruma l\u012bdzsvaru, neradot stiep\u0161an\u0101s saj\u016btu.<\/li>\n<\/ul>\n\n\n\n<h4 class=\"wp-block-heading\">K\u0101 lietot?<\/h4>\n\n\n\n<ol class=\"wp-block-list\">\n<li>Samitriniet seju ar remdenu \u016bdeni.<\/li>\n\n\n\n<li>Izspiediet nelielu daudzumu t\u012br\u012b\u0161anas l\u012bdzek\u013ca plaukst\u0101s, lai rad\u012btu putas.<\/li>\n\n\n\n<li>Maigi iemas\u0113jiet sej\u0101, izvairoties no acu zonas.<\/li>\n\n\n\n<li>Noskalojiet ar remdenu \u016bdeni un nosusiniet.<\/li>\n\n\n\n<li>Turpiniet ierast\u0101s \u0101das kop\u0161anas proced\u016bras.<\/li>\n<\/ol>\n\n\n\n<p><strong>Sast\u0101vda\u013cas: <\/strong>att\u012bro\u0161as putas, nomierino\u0161i augu ekstrakti, mitrino\u0161as sast\u0101vda\u013cas, \u0101du aizsarg\u0101jo\u0161as vielas.<\/p>\n\n\n\n<p><strong>COSRX AC nomierino\u0161\u0101s putas t\u012br\u012b\u0161anas l\u012bdzeklis<\/strong> - maigs, bet iedarb\u012bgs l\u012bdzeklis t\u012brai un l\u012bdzsvarotai problem\u0101tiskai \u0101dai.<\/p>\n\n\n\n<p>Vai mekl\u0113jat vair\u0101k? Apskatiet visu <a href=\"\/lv\/produktu-etiketes\/cosrx\/\">COSRX sortiments<\/a>.<\/p>","protected":false},"excerpt":{"rendered":"<p><strong>COSRX AC nomierino\u0161\u0101s putas t\u012br\u012b\u0161anas l\u012bdzeklis<\/strong> - maigs, bet efekt\u012bvs putojo\u0161s t\u012br\u012b\u0161anas l\u012bdzeklis <strong>problem\u0101tiskai, uz p\u016bt\u012bt\u0113m tend\u0113tai un iekaisu\u0161ai \u0101dai.<\/strong>. T\u0101 formula ir izstr\u0101d\u0101ta, lai <strong>dzi\u013ci att\u012bra poras, l\u012bdzsvaro sebuma veido\u0161anos un mazina \u0101das kairin\u0101jumu.<\/strong>netrauc\u0113jot \u0101das dabisko mitruma l\u012bdzsvaru.<\/p>\n<p><strong>K\u0101p\u0113c izv\u0113l\u0113ties COSRX AC nomierino\u0161\u0101s putas?<\/strong><\/p>\n<p>\u2714 Att\u012bro\u0161\u0101s putas - efekt\u012bvi no\u0146em net\u012brumus, lieko e\u013c\u013cu un kosm\u0113tikas atlikumus<br \/>\u2714 Nomierino\u0161as sast\u0101vda\u013cas - mazina aps\u0101rtumu un kairin\u0101jumu, pal\u012bdz c\u012bn\u012bties ar p\u016bt\u012bt\u0113m<br \/>\u2714 Mitrino\u0161a formula - aizsarg\u0101 \u0101du no sausuma un uztur mitruma l\u012bdzsvaru.<br \/>\u2714 L\u012bdzsvarots pH - neboj\u0101 \u0101das aizsargbarjeru<br \/>\u2714 Piem\u0113rots taukainai, jauktai un jut\u012bgai problem\u0101tiskai \u0101dai<\/p>","protected":false},"featured_media":32161,"comment_status":"open","ping_status":"closed","template":"","meta":{"_acf_changed":false},"product_brand":[418],"product_cat":[92,150,59],"product_tag":[],"class_list":{"0":"post-32109","1":"product","2":"type-product","3":"status-publish","4":"has-post-thumbnail","6":"product_brand-cosrx","7":"product_cat-groziui","8":"product_cat-veido-prausikliai","9":"product_cat-veidui","11":"first","12":"instock","13":"shipping-taxable","14":"purchasable","15":"product-type-simple"},"acf":[],"tiered_pricing_type":"fixed","tiered_pricing_fixed_rules":[],"tiered_pricing_product_settings":{"layout":"default","base_unit_name":{"singular":null,"plural":null},"default_variation":null},"tiered_pricing_minimum_quantity":null,"tiered_pricing_roles_data":[],"tiered_pricing_percentage_rules":[],"_links":{"self":[{"href":"https:\/\/purama.lt\/lv\/wp-json\/wp\/v2\/product\/32109","targetHints":{"allow":["GET"]}}],"collection":[{"href":"https:\/\/purama.lt\/lv\/wp-json\/wp\/v2\/product"}],"about":[{"href":"https:\/\/purama.lt\/lv\/wp-json\/wp\/v2\/types\/product"}],"replies":[{"embeddable":true,"href":"https:\/\/purama.lt\/lv\/wp-json\/wp\/v2\/comments?post=32109"}],"wp:featuredmedia":[{"embeddable":true,"href":"https:\/\/purama.lt\/lv\/wp-json\/wp\/v2\/media\/32161"}],"wp:attachment":[{"href":"https:\/\/purama.lt\/lv\/wp-json\/wp\/v2\/media?parent=32109"}],"wp:term":[{"taxonomy":"product_brand","embeddable":true,"href":"https:\/\/purama.lt\/lv\/wp-json\/wp\/v2\/product_brand?post=32109"},{"taxonomy":"product_cat","embeddable":true,"href":"https:\/\/purama.lt\/lv\/wp-json\/wp\/v2\/product_cat?post=32109"},{"taxonomy":"product_tag","embeddable":true,"href":"https:\/\/purama.lt\/lv\/wp-json\/wp\/v2\/product_tag?post=32109"}],"curies":[{"name":"wp","href":"https:\/\/api.w.org\/{rel}","templated":true}]}}