{"id":32105,"date":"2025-02-04T13:13:38","date_gmt":"2025-02-04T13:13:38","guid":{"rendered":"https:\/\/purama.lt\/produktas\/cosrx-advanced-snail-92-all-in-one-cream-veido-kremas\/"},"modified":"2026-04-10T13:03:24","modified_gmt":"2026-04-10T11:03:24","slug":"cosrx-advanced-snail-92-viss-viena-krems-sejas-krems","status":"publish","type":"product","link":"https:\/\/purama.lt\/lv\/produktas\/cosrx-advanced-snail-92-all-in-one-cream-veido-kremas\/","title":{"rendered":"COSRX Advanced Snail 92 All in One Cream sejas kr\u0113ms"},"content":{"rendered":"<h4 class=\"wp-block-heading\">K\u0101 darbojas COSRX Advanced Snail 92 All in One Cream?<\/h4>\n\n\n\n<ul class=\"wp-block-list\">\n<li>Mitrina un nomierina sakairin\u0101tu \u0101du, sniedzot tai komforta saj\u016btu.<\/li>\n\n\n\n<li>Pal\u012bdz atjaunot \u0101das aizsargbarjeru un stiprin\u0101t t\u0101s aizsargfunkcijas.<\/li>\n\n\n\n<li>Pie\u0161\u0137ir dabisku mirdzumu un elast\u012bbu<\/li>\n\n\n\n<li>Samazina stiep\u0161an\u0101s saj\u016btu un nov\u0113r\u0161 sausumu<\/li>\n<\/ul>\n\n\n\n<h4 class=\"wp-block-heading\">K\u0101 lietot?<\/h4>\n\n\n\n<ol class=\"wp-block-list\">\n<li>Uzkl\u0101jiet kr\u0113mu <strong>no r\u012bta un vakar\u0101<\/strong> uz t\u012bras \u0101das k\u0101 p\u0113d\u0113jo \u0101das kop\u0161anas proced\u016bras da\u013cu.<\/li>\n\n\n\n<li>Viegli iemas\u0113jiet, lai uzlabotu uzs\u016bk\u0161anos.<\/li>\n\n\n\n<li>Var lietot kop\u0101 ar citiem mitrino\u0161iem vai atjaunojo\u0161iem l\u012bdzek\u013ciem.<\/li>\n<\/ol>\n\n\n\n<p><strong>Sast\u0101vda\u013cas:<\/strong> filtr\u0113ts glieme\u017eu sekr\u0113ta ekstrakts, mitrino\u0161i komponenti, \u0101du nomierino\u0161i ekstrakti, antioksidanti.<\/p>\n\n\n\n<p><strong>COSRX Advanced Snail 92 All in One Cream <\/strong>- intens\u012bva \u0101das mitrin\u0101\u0161ana un atjauno\u0161ana, nodro\u0161inot \u0101das maigumu un elast\u012bbu.<\/p>\n\n\n\n<p>Vai mekl\u0113jat vair\u0101k? Apskatiet visu <a href=\"\/lv\/produktu-etiketes\/cosrx\/\">COSRX sortiments<\/a>.<\/p>","protected":false},"excerpt":{"rendered":"<div class=\"flex-shrink-0 flex flex-col relative items-end\">\n<div>\n<div class=\"pt-0\">\n<div class=\"gizmo-bot-avatar flex h-8 w-8 items-center justify-center overflow-hidden rounded-full\">\n<div class=\"relative p-1 rounded-sm flex items-center justify-center bg-token-main-surface-primary text-token-text-primary h-8 w-8\"><strong>COSRX Advanced Snail 92 All in One Cream<\/strong> \u2013 intensyviai dr\u0117kinantis, atkuriantis ir raminantis veido kremas su <strong>92% sraigi\u0173 sekreto filtruotu ekstraktu<\/strong>, kuris padeda <strong>maitinti, apsaugoti ir atkurti od\u0105<\/strong>. \u0160velni, bet veiksminga formul\u0117 suteikia odai elastingumo, \u0161vyt\u0117jimo ir ilgalaik\u012f dr\u0117kinim\u0105, pad\u0117dama kovoti su dehidratacija, sudirgimu ir smulkiomis rauk\u0161lel\u0117mis.<\/div>\n<p><strong>Kod\u0117l verta rinktis COSRX Advanced Snail 92 All in One Cream?<\/strong><\/p>\n<div>\u2714 92% sraigi\u0173 sekreto ekstraktas \u2013 intensyviai dr\u0117kina, ramina ir padeda atkurti od\u0105<\/div>\n<\/div>\n<\/div>\n<\/div>\n<\/div>\n<div class=\"group\/conversation-turn relative flex w-full min-w-0 flex-col agent-turn px-4 @xs\/thread:px-0 @sm\/thread:px-1.5\">\n<div class=\"flex-col gap-1 md:gap-3\">\n<div class=\"flex max-w-full flex-col flex-grow\">\n<div class=\"min-h-8 text-message flex w-full flex-col items-end gap-2 whitespace-normal break-words text-start [.text-message+&amp;]:mt-5\" dir=\"auto\" data-message-author-role=\"assistant\" data-message-id=\"28319ef2-3281-4413-b51e-908a438675d1\" data-message-model-slug=\"gpt-4o\">\n<div class=\"flex w-full flex-col gap-1 empty:hidden first:pt-[3px]\">\n<div class=\"markdown prose w-full break-words dark:prose-invert light\">\u2714 Lengva, bet maitinanti formul\u0117 \u2013 greitai \u012fsigeria, neapsunkina odos<br \/>\u2714 Stiprina apsaugin\u012f odos barjer\u0105 \u2013 saugo nuo aplinkos veiksni\u0173 ir dehidratacijos<br \/>\u2714 Gerina odos elastingum\u0105 \u2013 suteikia nat\u016bral\u0173 \u0161vyt\u0117jim\u0105 ir ilgalaik\u012f komfort\u0105<br \/>\u2714 Tinka vis\u0173 tip\u0173 odai, ypa\u010d sausai, jautriai ir brand\u017eiai<\/div>\n<\/div>\n<\/div>\n<\/div>\n<\/div>\n<\/div>\n","protected":false},"featured_media":32162,"comment_status":"open","ping_status":"closed","template":"","meta":{"_acf_changed":false},"product_brand":[418],"product_cat":[92,55,59],"product_tag":[],"class_list":{"0":"post-32105","1":"product","2":"type-product","3":"status-publish","4":"has-post-thumbnail","6":"product_brand-cosrx","7":"product_cat-groziui","8":"product_cat-veido-kremai","9":"product_cat-veidui","11":"first","12":"instock","13":"shipping-taxable","14":"purchasable","15":"product-type-simple"},"acf":[],"tiered_pricing_type":"fixed","tiered_pricing_fixed_rules":[],"tiered_pricing_product_settings":{"layout":"default","base_unit_name":{"singular":null,"plural":null},"default_variation":null},"tiered_pricing_minimum_quantity":null,"tiered_pricing_roles_data":[],"tiered_pricing_percentage_rules":[],"_links":{"self":[{"href":"https:\/\/purama.lt\/lv\/wp-json\/wp\/v2\/product\/32105","targetHints":{"allow":["GET"]}}],"collection":[{"href":"https:\/\/purama.lt\/lv\/wp-json\/wp\/v2\/product"}],"about":[{"href":"https:\/\/purama.lt\/lv\/wp-json\/wp\/v2\/types\/product"}],"replies":[{"embeddable":true,"href":"https:\/\/purama.lt\/lv\/wp-json\/wp\/v2\/comments?post=32105"}],"wp:featuredmedia":[{"embeddable":true,"href":"https:\/\/purama.lt\/lv\/wp-json\/wp\/v2\/media\/32162"}],"wp:attachment":[{"href":"https:\/\/purama.lt\/lv\/wp-json\/wp\/v2\/media?parent=32105"}],"wp:term":[{"taxonomy":"product_brand","embeddable":true,"href":"https:\/\/purama.lt\/lv\/wp-json\/wp\/v2\/product_brand?post=32105"},{"taxonomy":"product_cat","embeddable":true,"href":"https:\/\/purama.lt\/lv\/wp-json\/wp\/v2\/product_cat?post=32105"},{"taxonomy":"product_tag","embeddable":true,"href":"https:\/\/purama.lt\/lv\/wp-json\/wp\/v2\/product_tag?post=32105"}],"curies":[{"name":"wp","href":"https:\/\/api.w.org\/{rel}","templated":true}]}}