{"id":32101,"date":"2025-02-04T13:13:38","date_gmt":"2025-02-04T13:13:38","guid":{"rendered":"https:\/\/purama.lt\/produktas\/nordic-nutris-guminukai-cbn-sleep-gummies\/"},"modified":"2026-04-14T07:56:06","modified_gmt":"2026-04-14T05:56:06","slug":"nordic-nutris-gumijas-cbd-miega-gumijas","status":"publish","type":"product","link":"https:\/\/purama.lt\/lv\/produktas\/nordic-nutris-guminukai-cbd-sleep-gummies\/","title":{"rendered":"NORDIC NUTRIS CBD miega gumijas"},"content":{"rendered":"<h4 class=\"wp-block-heading\"><strong>Pat\u0113ri\u0146\u0161<\/strong><\/h4>\n\n\n\n<p>Lietojiet 1-2 gumijas dien\u0101, 30-60 min\u016btes pirms gul\u0113tie\u0161anas.<br>P\u0113c \u0113\u0161anas izvairieties no spilgtas gaismas un ekr\u0101niem<br>Nep\u0101rsniedziet ieteicamo devu<\/p>\n\n\n\n<p><strong>Sast\u0101vda\u013cas<\/strong><br>cbd, melaton\u012bns, augu ekstrakti, dab\u012bgas gar\u0161as, saldin\u0101t\u0101ji<\/p>\n\n\n\n<p><\/p>","protected":false},"excerpt":{"rendered":"<p data-start=\"0\" data-end=\"584\"><strong data-start=\"16\" data-end=\"53\">Nordic Nutris - CBD miega gumijas<\/strong> dabiski, \u012bpa\u0161i izstr\u0101d\u0101ti gumijmaiz\u012btes ar CBD, kas paredz\u0113ti <strong data-start=\"109\" data-end=\"129\">atp\u016btai<\/strong> un <strong data-start=\"133\" data-end=\"150\">miega kvalit\u0101te<\/strong> atbalsts. Satur <strong data-start=\"180\" data-end=\"202\">Kanabidiols (CBD)<\/strong>, <strong data-start=\"204\" data-end=\"219\">melaton\u012bns<\/strong> un <strong data-start=\"223\" data-end=\"248\">augu ekstrakti<\/strong> pal\u012bdz organismam sagatavoties atp\u016btai, atbalsta <strong data-start=\"296\" data-end=\"325\">mier\u012bg\u0101ks un dzi\u013c\u0101ks miegs.<\/strong> un visp\u0101r\u0113jo emocion\u0101lo l\u012bdzsvaru. Melaton\u012bns ir saist\u012bts ar <strong data-start=\"381\" data-end=\"407\">dabiskie miega ritmi<\/strong> regul\u0113\u0161ana, t\u0101p\u0113c to bie\u017ei izv\u0113las vakara proced\u016br\u0101m. Sast\u0101vs ir deklar\u0113ts k\u0101 <strong data-start=\"492\" data-end=\"532\">bez m\u0101ksl\u012bg\u0101m kr\u0101sviel\u0101m un konservantiem<\/strong>, un gum\u012b\u0161u forma ir \u0113rta lieto\u0161anai ikdien\u0101.<\/p>\n<p data-start=\"586\" data-end=\"862\"><strong data-start=\"586\" data-end=\"609\">K\u0101p\u0113c izv\u0113l\u0113ties<\/strong><br data-start=\"609\" data-end=\"612\" \/><strong data-start=\"612\" data-end=\"618\">\u2714\ufe0f<\/strong> pal\u012bdz atsl\u0101bin\u0101ties un mazin\u0101t spriedzi.<br data-start=\"660\" data-end=\"663\" \/><strong data-start=\"663\" data-end=\"669\">\u2714\ufe0f<\/strong> ar melaton\u012bnu dabisk\u0101 miega ritma uztur\u0113\u0161anai.<br data-start=\"717\" data-end=\"720\" \/><strong data-start=\"720\" data-end=\"726\">\u2714\ufe0f<\/strong> ar cbd un augu ekstraktiem vakara rut\u012bnas proced\u016brai<br data-start=\"775\" data-end=\"778\" \/><strong data-start=\"778\" data-end=\"784\">\u2714\ufe0f<\/strong> bez m\u0101ksl\u012bg\u0101m kr\u0101sviel\u0101m un konservantiem<br data-start=\"821\" data-end=\"824\" \/><strong data-start=\"824\" data-end=\"830\">\u2714\ufe0f<\/strong> \u0113rts un gar\u0161\u012bgs pat\u0113ri\u0146a veids<\/p>","protected":false},"featured_media":32140,"comment_status":"open","ping_status":"closed","template":"","meta":{"_acf_changed":false},"product_brand":[444],"product_cat":[112,109,92,61],"product_tag":[],"class_list":{"0":"post-32101","1":"product","2":"type-product","3":"status-publish","4":"has-post-thumbnail","6":"product_brand-nordic-nutris","7":"product_cat-guminukai","8":"product_cat-cbd-uzkandziai","9":"product_cat-groziui","10":"product_cat-ramybei","12":"first","13":"instock","14":"shipping-taxable","15":"purchasable","16":"product-type-simple"},"acf":[],"tiered_pricing_type":"fixed","tiered_pricing_fixed_rules":[],"tiered_pricing_product_settings":{"layout":"default","base_unit_name":{"singular":null,"plural":null},"default_variation":null},"tiered_pricing_minimum_quantity":null,"tiered_pricing_roles_data":[],"tiered_pricing_percentage_rules":[],"_links":{"self":[{"href":"https:\/\/purama.lt\/lv\/wp-json\/wp\/v2\/product\/32101","targetHints":{"allow":["GET"]}}],"collection":[{"href":"https:\/\/purama.lt\/lv\/wp-json\/wp\/v2\/product"}],"about":[{"href":"https:\/\/purama.lt\/lv\/wp-json\/wp\/v2\/types\/product"}],"replies":[{"embeddable":true,"href":"https:\/\/purama.lt\/lv\/wp-json\/wp\/v2\/comments?post=32101"}],"wp:featuredmedia":[{"embeddable":true,"href":"https:\/\/purama.lt\/lv\/wp-json\/wp\/v2\/media\/32140"}],"wp:attachment":[{"href":"https:\/\/purama.lt\/lv\/wp-json\/wp\/v2\/media?parent=32101"}],"wp:term":[{"taxonomy":"product_brand","embeddable":true,"href":"https:\/\/purama.lt\/lv\/wp-json\/wp\/v2\/product_brand?post=32101"},{"taxonomy":"product_cat","embeddable":true,"href":"https:\/\/purama.lt\/lv\/wp-json\/wp\/v2\/product_cat?post=32101"},{"taxonomy":"product_tag","embeddable":true,"href":"https:\/\/purama.lt\/lv\/wp-json\/wp\/v2\/product_tag?post=32101"}],"curies":[{"name":"wp","href":"https:\/\/api.w.org\/{rel}","templated":true}]}}