{"id":32100,"date":"2025-02-04T13:13:37","date_gmt":"2025-02-04T13:13:37","guid":{"rendered":"https:\/\/purama.lt\/produktas\/nordic-nutris-kapsules-less-stress\/"},"modified":"2025-11-12T14:25:08","modified_gmt":"2025-11-12T12:25:08","slug":"soma-sap-mazak-stresa-kapsulas-stresa-un-trauksmes-kontrolei","status":"publish","type":"product","link":"https:\/\/purama.lt\/lv\/produktas\/soma-sap-less-stress-kapsules-streso-ir-nerimo-kontrolei\/","title":{"rendered":"SOMA SAP maz\u0101k stresa kapsulas stresa un trauksmes kontrolei"},"content":{"rendered":"<h4 class=\"wp-block-heading\"><strong>K\u0101 darbojas SOMA SAP Less Stress?<\/strong><\/h4>\n\n\n\n<ul class=\"wp-block-list\">\n<li>mazina stresa un trauksmes ietekmi uz organismu.<\/li>\n\n\n\n<li>Veicina emocion\u0101lo l\u012bdzsvaru un pal\u012bdz saglab\u0101t mieru<\/li>\n\n\n\n<li>Lab\u0101kas koncentr\u0113\u0161an\u0101s un psiholo\u0123isk\u0101s notur\u012bbas veicin\u0101\u0161ana<\/li>\n\n\n\n<li>stiprina nervu sist\u0113mu un mazina p\u0101rslodzes simptomus.<\/li>\n<\/ul>\n\n\n\n<h4 class=\"wp-block-heading\"><strong>K\u0101 lietot?<\/strong><\/h4>\n\n\n\n<ol class=\"wp-block-list\">\n<li>Dzert <strong>1-2 kapsulas dien\u0101<\/strong>v\u0113lams no r\u012bta vai dienas laik\u0101.<\/li>\n\n\n\n<li>P\u0101rlej ar gl\u0101zi \u016bdens.<\/li>\n\n\n\n<li>Ieteicams lietot katru dienu, lai pan\u0101ktu ilgsto\u0161u iedarb\u012bbu.<\/li>\n\n\n\n<li>Nep\u0101rsniedziet ieteicamo dienas devu.<\/li>\n<\/ol>\n\n\n\n<p><strong>Sast\u0101vda\u013cas: <\/strong>adaptog\u0113nie augu ekstrakti, magnijs, B grupas vitam\u012bni, nervu sist\u0113mas atbalsts.<\/p>\n\n\n\n<p><strong>SOMA SAP Maz\u0101k stresa<\/strong> - Dabisks veids, k\u0101 saglab\u0101t iek\u0161\u0113jo mieru, emocion\u0101lo l\u012bdzsvaru un lab\u0101ku pa\u0161saj\u016btu katru dienu.<\/p>","protected":false},"excerpt":{"rendered":"<p><strong>SOMA SAP Maz\u0101k stresa<\/strong> - dab\u012bgs uztura bag\u0101tin\u0101t\u0101js, kas pal\u012bdz <strong>p\u0101rvald\u012bt stresu, mazin\u0101t trauksmi un saglab\u0101t emocion\u0101lo l\u012bdzsvaru.<\/strong>. Unik\u0101li izstr\u0101d\u0101tas kapsulas ar <strong>adaptog\u0113nie augu ekstrakti, magnijs un B grupas vitam\u012bni.<\/strong> atbalsta nervu sist\u0113mu, uzlabo stresa toleranci un pal\u012bdz organismam tikt gal\u0101 ar emocion\u0101lo stresu. Past\u0101v\u012bgs stress un trauksme var negat\u012bvi ietekm\u0113t visp\u0101r\u0113jo pa\u0161saj\u016btu, ener\u0123ijas l\u012bmeni un koncentr\u0113\u0161an\u0101s sp\u0113jas. <strong>SOMA SAP Maz\u0101k stresa<\/strong> Sast\u0101vda\u013cas dabiski veicina organisma sp\u0113ju piel\u0101goties stresam, mazina p\u0101rslodzi un pal\u012bdz justies mier\u012bg\u0101k pat saspringt\u0101kajos dz\u012bves periodos. Regul\u0101ra lieto\u0161ana veicina lab\u0101ku garast\u0101vokli, skaidr\u0101ku dom\u0101\u0161anu un emocion\u0101lo l\u012bdzsvaru.<\/p>\n<p><strong>K\u0101p\u0113c izv\u0113l\u0113ties SOMA SAP maz\u0101k stresa?<\/strong><\/p>\n<p>\u2714 <strong>Dabiska stresa kontrole<\/strong> - pal\u012bdz mazin\u0101t trauksmi un emocion\u0101lo spriedzi.<br \/>\u2714 <strong>Adaptog\u0113nie augi<\/strong> - veicina organisma iztur\u012bbu pret stresu un nogurumu.<br \/>\u2714 <strong>Magnijs un B grupas vitam\u012bni<\/strong> - veicina norm\u0101lu nervu sist\u0113mas darb\u012bbu.<br \/>\u2714 <strong>Lab\u0101ks garast\u0101voklis<\/strong> - pal\u012bdz justies mier\u012bg\u0101k, mazina nogurumu.<br \/>\u2714 <strong>Piem\u0113rots akt\u012bviem cilv\u0113kiem<\/strong>tiem, kuri ir stresa situ\u0101cij\u0101 un mekl\u0113 emocion\u0101lo l\u012bdzsvaru.<\/p>","protected":false},"featured_media":32175,"comment_status":"open","ping_status":"closed","template":"","meta":{"_acf_changed":false},"product_brand":[456],"product_cat":[123,259,256,258],"product_tag":[],"class_list":{"0":"post-32100","1":"product","2":"type-product","3":"status-publish","4":"has-post-thumbnail","6":"product_brand-soma-sap","7":"product_cat-papildai-ilgaamziskumui","8":"product_cat-nuotaika-ir-stresas","9":"product_cat-smegenims-ir-atminciai","10":"product_cat-smegenu-apsauga","12":"first","13":"outofstock","14":"shipping-taxable","15":"purchasable","16":"product-type-variable"},"acf":[],"tiered_pricing_type":"fixed","tiered_pricing_fixed_rules":[],"tiered_pricing_product_settings":{"layout":"default","base_unit_name":{"singular":null,"plural":null},"default_variation":null},"tiered_pricing_minimum_quantity":null,"tiered_pricing_roles_data":[],"tiered_pricing_percentage_rules":[],"_links":{"self":[{"href":"https:\/\/purama.lt\/lv\/wp-json\/wp\/v2\/product\/32100","targetHints":{"allow":["GET"]}}],"collection":[{"href":"https:\/\/purama.lt\/lv\/wp-json\/wp\/v2\/product"}],"about":[{"href":"https:\/\/purama.lt\/lv\/wp-json\/wp\/v2\/types\/product"}],"replies":[{"embeddable":true,"href":"https:\/\/purama.lt\/lv\/wp-json\/wp\/v2\/comments?post=32100"}],"wp:featuredmedia":[{"embeddable":true,"href":"https:\/\/purama.lt\/lv\/wp-json\/wp\/v2\/media\/32175"}],"wp:attachment":[{"href":"https:\/\/purama.lt\/lv\/wp-json\/wp\/v2\/media?parent=32100"}],"wp:term":[{"taxonomy":"product_brand","embeddable":true,"href":"https:\/\/purama.lt\/lv\/wp-json\/wp\/v2\/product_brand?post=32100"},{"taxonomy":"product_cat","embeddable":true,"href":"https:\/\/purama.lt\/lv\/wp-json\/wp\/v2\/product_cat?post=32100"},{"taxonomy":"product_tag","embeddable":true,"href":"https:\/\/purama.lt\/lv\/wp-json\/wp\/v2\/product_tag?post=32100"}],"curies":[{"name":"wp","href":"https:\/\/api.w.org\/{rel}","templated":true}]}}