{"id":32099,"date":"2025-02-04T13:13:37","date_gmt":"2025-02-04T13:13:37","guid":{"rendered":"https:\/\/purama.lt\/produktas\/nordic-nutris-kapsules-eat-less\/"},"modified":"2026-02-11T12:35:07","modified_gmt":"2026-02-11T10:35:07","slug":"soma-sulas-kapsulas-est-mazak-estgribas-un-svara-kontrolei","status":"publish","type":"product","link":"https:\/\/purama.lt\/lv\/produktas\/soma-sap-kapsules-eat-less-apetito-ir-svorio-kontrolei\/","title":{"rendered":"Soma Sap kapsulas \u0113st maz\u0101k \u0113stgribas un svara kontrolei"},"content":{"rendered":"<p><strong>Pat\u0113ri\u0146\u0161<\/strong><br>Lietojiet 1-2 kapsulas dien\u0101, v\u0113lams 30 min\u016btes pirms \u0113\u0161anas.<br>Izdzeriet gl\u0101zi \u016bdens<br>Nep\u0101rsniedziet ieteicamo dienas devu<\/p>\n\n\n\n<p><strong>Sast\u0101vda\u013cas<\/strong><br>augu ekstrakti, \u0161\u0137iedrvielas, hroms, dabiskie mikroelementi, gremo\u0161anas atbalsta komponenti.<\/p>\n\n\n\n<p><\/p>\n\n\n\n<p><\/p>\n\n\n\n<p><\/p>","protected":false},"excerpt":{"rendered":"<p data-start=\"0\" data-end=\"559\"><strong data-start=\"16\" data-end=\"48\">SOMA SAP - \u0112d maz\u0101k kapsulu<\/strong> dab\u012bgs uztura bag\u0101tin\u0101t\u0101js <strong data-start=\"84\" data-end=\"105\">\u0113stgribas kontrolei<\/strong> un uztur\u0113t sabalans\u0113tus \u0113\u0161anas paradumus. Satur <strong data-start=\"168\" data-end=\"215\">augu ekstrakti, \u0161\u0137iedrvielas un hroms<\/strong> pal\u012bdz jums ilg\u0101k justies s\u0101t\u012bg\u0101kiem, kontrol\u0113t v\u0113lmi \u0113st un uztur\u0113t stabil\u0101ku ener\u0123ijas l\u012bdzsvaru visas dienas garum\u0101. \u0160\u0137iedrvielas veicina gremo\u0161anas komfortu un <strong data-start=\"393\" data-end=\"404\">hroms<\/strong> ir mikroelements, kas veicina <strong data-start=\"444\" data-end=\"493\">uztur\u0113t norm\u0101lu glikozes l\u012bmeni asin\u012bs.<\/strong> - Tas var b\u016bt svar\u012bgi, ja v\u0113laties, lai neb\u016btu p\u0113k\u0161\u0146u bada \u201evi\u013c\u0146u\u201c.<\/p>\n<p data-start=\"561\" data-end=\"862\"><strong data-start=\"561\" data-end=\"584\">K\u0101p\u0113c izv\u0113l\u0113ties<\/strong><br data-start=\"584\" data-end=\"587\" \/><strong data-start=\"587\" data-end=\"593\">\u2714\ufe0f<\/strong> 1-2 kapsulas dien\u0101 - vienk\u0101r\u0161a proced\u016bra<br data-start=\"634\" data-end=\"637\" \/><strong data-start=\"637\" data-end=\"643\">\u2714\ufe0f<\/strong> ar \u0161\u0137iedrviel\u0101m, kas sniedz s\u0101ta saj\u016btu.<br data-start=\"689\" data-end=\"692\" \/><strong data-start=\"692\" data-end=\"698\">\u2714\ufe0f<\/strong> ar hromu, lai uztur\u0113tu norm\u0101lu glikozes l\u012bmeni.<br data-start=\"746\" data-end=\"749\" \/><strong data-start=\"749\" data-end=\"755\">\u2714\ufe0f<\/strong> pal\u012bdz samazin\u0101t impuls\u012bvu uzkodu lieto\u0161anu.<br data-start=\"794\" data-end=\"797\" \/><strong data-start=\"797\" data-end=\"803\">\u2714\ufe0f<\/strong> piem\u0113rots tiem, kas v\u0113las sabalans\u0113tu uzturu un svara l\u012bdzsvaru.<\/p>","protected":false},"featured_media":32174,"comment_status":"open","ping_status":"closed","template":"","meta":{"_acf_changed":true},"product_brand":[456],"product_cat":[123,261,260,266,263,267,262,264,265],"product_tag":[],"class_list":{"0":"post-32099","1":"product","2":"type-product","3":"status-publish","4":"has-post-thumbnail","6":"product_brand-soma-sap","7":"product_cat-papildai-ilgaamziskumui","8":"product_cat-cukraus-balansas","9":"product_cat-energijai-ir-apykaitai","10":"product_cat-fermentai-ir-virskinimas","11":"product_cat-fizine-istverme","12":"product_cat-kepenu-detoksas","13":"product_cat-medziagu-apykaita","14":"product_cat-virskinimui-ir-detoksui","15":"product_cat-zarnynas-ir-mikrobioma","17":"first","18":"instock","19":"shipping-taxable","20":"purchasable","21":"product-type-simple"},"acf":[],"tiered_pricing_type":"fixed","tiered_pricing_fixed_rules":[],"tiered_pricing_product_settings":{"layout":"default","base_unit_name":{"singular":null,"plural":null},"default_variation":null},"tiered_pricing_minimum_quantity":null,"tiered_pricing_roles_data":[],"tiered_pricing_percentage_rules":[],"_links":{"self":[{"href":"https:\/\/purama.lt\/lv\/wp-json\/wp\/v2\/product\/32099","targetHints":{"allow":["GET"]}}],"collection":[{"href":"https:\/\/purama.lt\/lv\/wp-json\/wp\/v2\/product"}],"about":[{"href":"https:\/\/purama.lt\/lv\/wp-json\/wp\/v2\/types\/product"}],"replies":[{"embeddable":true,"href":"https:\/\/purama.lt\/lv\/wp-json\/wp\/v2\/comments?post=32099"}],"wp:featuredmedia":[{"embeddable":true,"href":"https:\/\/purama.lt\/lv\/wp-json\/wp\/v2\/media\/32174"}],"wp:attachment":[{"href":"https:\/\/purama.lt\/lv\/wp-json\/wp\/v2\/media?parent=32099"}],"wp:term":[{"taxonomy":"product_brand","embeddable":true,"href":"https:\/\/purama.lt\/lv\/wp-json\/wp\/v2\/product_brand?post=32099"},{"taxonomy":"product_cat","embeddable":true,"href":"https:\/\/purama.lt\/lv\/wp-json\/wp\/v2\/product_cat?post=32099"},{"taxonomy":"product_tag","embeddable":true,"href":"https:\/\/purama.lt\/lv\/wp-json\/wp\/v2\/product_tag?post=32099"}],"curies":[{"name":"wp","href":"https:\/\/api.w.org\/{rel}","templated":true}]}}