{"id":32095,"date":"2025-02-04T13:13:36","date_gmt":"2025-02-04T13:13:36","guid":{"rendered":"https:\/\/purama.lt\/produktas\/sooo-immune-chaga-ekstraktas\/"},"modified":"2026-04-14T15:01:45","modified_gmt":"2026-04-14T13:01:45","slug":"sooo-imuna-chaga-ekstrakts","status":"publish","type":"product","link":"https:\/\/purama.lt\/lv\/produktas\/sooo-immune-chaga-ekstraktas\/","title":{"rendered":"SOOO Im\u016bn\u0101s Chaga ekstrakts"},"content":{"rendered":"<h4 class=\"wp-block-heading\"><strong>K\u0101 darbojas SOOO Immune?<\/strong><\/h4>\n\n\n\n<ul class=\"wp-block-list\">\n<li><strong>Nostiprina organisma pretest\u012bbu<\/strong>, atbalsta im\u016bnsist\u0113mas darb\u012bbu<\/li>\n\n\n\n<li><strong>Aizsarg\u0101 pret oksidat\u012bvo stresu<\/strong>, pie\u0161\u0137ir \u0101dai dabisku mirdzumu<\/li>\n\n\n\n<li><strong>Uzlabo visp\u0101r\u0113jo pa\u0161saj\u016btu<\/strong>, pal\u012bdz nov\u0113rst nogurumu un stresu<\/li>\n\n\n\n<li><strong>Atbalsta gremo\u0161anas sist\u0113mu<\/strong>, kas veicina organisma dabisko detoksik\u0101ciju.<\/li>\n<\/ul>\n\n\n\n<h4 class=\"wp-block-heading\"><strong>K\u0101 lietot?<\/strong><\/h4>\n\n\n\n<ol class=\"wp-block-list\">\n<li><strong>1-2 kapsulas dien\u0101<\/strong>atkar\u012bb\u0101 no piepras\u012bjuma.<\/li>\n\n\n\n<li>Ieteicamais lietojums <strong>t\u012bmek\u013ca vietne<\/strong>lai atbalst\u012btu j\u016bsu ener\u0123iju un im\u016bnsist\u0113mu visas dienas garum\u0101.<\/li>\n\n\n\n<li>Uzdzeriet ar gl\u0101zi \u016bdens vai pievienojiet r\u012bta dz\u0113rienam.<\/li>\n<\/ol>\n\n\n\n<p><strong>Sast\u0101vda\u013cas: <\/strong>Koncentr\u0113ts \u010dagas (Inonotus obliquus) ekstrakts, augu kapsulas (celuloze).<\/p>\n\n\n\n<p><strong>SOOO Imunit\u0101te<\/strong> -<strong> <\/strong>dabiska imunit\u0101tes aizsardz\u012bba un mirdzo\u0161a \u0101da katru dienu!<\/p>","protected":false},"excerpt":{"rendered":"<p data-start=\"78\" data-end=\"441\"><strong data-start=\"78\" data-end=\"93\">SOOO Imunit\u0101te<\/strong> - tas ir \u013coti koncentr\u0113ts. <strong data-start=\"119\" data-end=\"147\">Chaga (Chaga) ekstrakts<\/strong>vietn\u0113 <strong data-start=\"157\" data-end=\"260\">stiprina im\u016bnsist\u0113mu, atbalsta visp\u0101r\u0113jo organisma imunit\u0101ti un veicina dabisku mirdzumu.<\/strong>. Ieg\u016bti no augst\u0101k\u0101s kvalit\u0101tes <strong data-start=\"295\" data-end=\"319\">A\u013caskas Chaga s\u0113ne<\/strong>, \u0161aj\u0101 izrakst\u0101 ir <strong data-start=\"340\" data-end=\"393\">9-11 rei\u017eu sp\u0113c\u012bg\u0101ks nek\u0101 parastais Chaga pulveris<\/strong>, kas nodro\u0161ina maksim\u0101lu labumu organismam.<\/p>\n<p data-start=\"443\" data-end=\"485\"><strong data-start=\"447\" data-end=\"483\">K\u0101p\u0113c izv\u0113l\u0113ties SOOO Immune?<\/strong><\/p>\n<p data-start=\"486\" data-end=\"1003\">\u2714 <strong data-start=\"488\" data-end=\"516\">Nostiprina im\u016bnsist\u0113mu<\/strong> - veicina organisma dabisko aizsardz\u012bbu pret v\u012brusiem un bakt\u0113rij\u0101m.<br data-start=\"578\" data-end=\"581\" \/>\u2714 <strong data-start=\"583\" data-end=\"607\">Uztur \u0101das mirdzumu<\/strong> - Darbojas k\u0101 sp\u0113c\u012bgs antioksidants, kas pal\u012bdz saglab\u0101t \u0101das jaun\u012bbu.<br data-start=\"686\" data-end=\"689\" \/>\u2714 <strong data-start=\"691\" data-end=\"715\">Augsta koncentr\u0101cija<\/strong> - l\u012bdz pat 11 rei\u017eu sp\u0113c\u012bg\u0101ks nek\u0101 parastais Chaga pulveris.<br data-start=\"774\" data-end=\"777\" \/>\u2714 <strong data-start=\"779\" data-end=\"811\">mazina iekaisuma procesus<\/strong> - pal\u012bdz organismam c\u012bn\u012bties pret oksidat\u012bvo stresu<br data-start=\"860\" data-end=\"863\" \/>\u2714 <strong data-start=\"865\" data-end=\"896\">Atbalsta gremo\u0161anas vesel\u012bbu<\/strong> - uzlabo zarnu mikrofloras l\u012bdzsvaru.<br data-start=\"933\" data-end=\"936\" \/>\u2714 <strong data-start=\"938\" data-end=\"957\">100 % dabiskais<\/strong> - bez sint\u0113tisk\u0101m piedev\u0101m, kr\u0101sviel\u0101m un pildviel\u0101m.<\/p>","protected":false},"featured_media":32431,"comment_status":"open","ping_status":"closed","template":"","meta":{"_acf_changed":false},"product_brand":[457],"product_cat":[123,253,252,500],"product_tag":[],"class_list":{"0":"post-32095","1":"product","2":"type-product","3":"status-publish","4":"has-post-thumbnail","6":"product_brand-sooo-me","7":"product_cat-papildai-ilgaamziskumui","8":"product_cat-imuniteto-palaikymas","9":"product_cat-imunitetui","10":"product_cat-outlet","12":"first","13":"instock","14":"sale","15":"shipping-taxable","16":"purchasable","17":"product-type-simple"},"acf":[],"tiered_pricing_type":"fixed","tiered_pricing_fixed_rules":[],"tiered_pricing_product_settings":{"layout":"default","base_unit_name":{"singular":null,"plural":null},"default_variation":null},"tiered_pricing_minimum_quantity":null,"tiered_pricing_roles_data":[],"tiered_pricing_percentage_rules":[],"_links":{"self":[{"href":"https:\/\/purama.lt\/lv\/wp-json\/wp\/v2\/product\/32095","targetHints":{"allow":["GET"]}}],"collection":[{"href":"https:\/\/purama.lt\/lv\/wp-json\/wp\/v2\/product"}],"about":[{"href":"https:\/\/purama.lt\/lv\/wp-json\/wp\/v2\/types\/product"}],"replies":[{"embeddable":true,"href":"https:\/\/purama.lt\/lv\/wp-json\/wp\/v2\/comments?post=32095"}],"wp:featuredmedia":[{"embeddable":true,"href":"https:\/\/purama.lt\/lv\/wp-json\/wp\/v2\/media\/32431"}],"wp:attachment":[{"href":"https:\/\/purama.lt\/lv\/wp-json\/wp\/v2\/media?parent=32095"}],"wp:term":[{"taxonomy":"product_brand","embeddable":true,"href":"https:\/\/purama.lt\/lv\/wp-json\/wp\/v2\/product_brand?post=32095"},{"taxonomy":"product_cat","embeddable":true,"href":"https:\/\/purama.lt\/lv\/wp-json\/wp\/v2\/product_cat?post=32095"},{"taxonomy":"product_tag","embeddable":true,"href":"https:\/\/purama.lt\/lv\/wp-json\/wp\/v2\/product_tag?post=32095"}],"curies":[{"name":"wp","href":"https:\/\/api.w.org\/{rel}","templated":true}]}}