{"id":32009,"date":"2025-01-24T11:36:35","date_gmt":"2025-01-24T11:36:35","guid":{"rendered":"https:\/\/purama.lt\/produktas\/magu-space-kanapiu-guminukai-su-svarainiais\/"},"modified":"2026-04-13T15:27:01","modified_gmt":"2026-04-13T13:27:01","slug":"magu-space-dzervenu-gumijas-konfektes","status":"publish","type":"product","link":"https:\/\/purama.lt\/lv\/produktas\/magu-space-kanapiu-guminukai-su-svarainiais\/","title":{"rendered":"MAGU SPACE ka\u0146epju gumijas konfektes ar cidonij\u0101m"},"content":{"rendered":"<p><strong>Sast\u0101vs:<\/strong> glikozes s\u012brups, cukurs, \u017eelat\u012bns, dab\u012bgi sausser\u017eu aromatiz\u0113t\u0101ji, ka\u0146epju ekstrakts, sk\u0101buma regul\u0113t\u0101ji, kr\u0101svielas.<\/p>","protected":false},"excerpt":{"rendered":"<p><strong>MAGU SPACE ka\u0146epju gumijas konfektes ar cidonij\u0101m<\/strong> \u2013 gar\u0161\u012bgi ir dabiska izv\u0113le tiem, kuri mekl\u0113 ne tikai saldumu, bet ar\u012b papildu labumu. \u0160\u012bs gumijas, bag\u0101tin\u0101tas ar augstas kvalit\u0101tes ka\u0146epju ekstraktu, apvieno maigo cidoniju gar\u0161u un pat\u012bkamu tekst\u016bras saj\u016btu. Lieliska izv\u0113le ikdienas uzkod\u0101m vai relaks\u0101cijas br\u012b\u017eiem.<\/p>","protected":false},"featured_media":32022,"comment_status":"open","ping_status":"closed","template":"","meta":{"_acf_changed":false},"product_brand":[],"product_cat":[109,112,60,61],"product_tag":[],"class_list":{"0":"post-32009","1":"product","2":"type-product","3":"status-publish","4":"has-post-thumbnail","6":"product_cat-cbd-uzkandziai","7":"product_cat-guminukai","8":"product_cat-mitybai","9":"product_cat-ramybei","11":"first","12":"outofstock","13":"shipping-taxable","14":"purchasable","15":"product-type-simple"},"acf":[],"tiered_pricing_type":"fixed","tiered_pricing_fixed_rules":[],"tiered_pricing_product_settings":{"layout":"default","base_unit_name":{"singular":null,"plural":null},"default_variation":null},"tiered_pricing_minimum_quantity":null,"tiered_pricing_roles_data":[],"tiered_pricing_percentage_rules":[],"_links":{"self":[{"href":"https:\/\/purama.lt\/lv\/wp-json\/wp\/v2\/product\/32009","targetHints":{"allow":["GET"]}}],"collection":[{"href":"https:\/\/purama.lt\/lv\/wp-json\/wp\/v2\/product"}],"about":[{"href":"https:\/\/purama.lt\/lv\/wp-json\/wp\/v2\/types\/product"}],"replies":[{"embeddable":true,"href":"https:\/\/purama.lt\/lv\/wp-json\/wp\/v2\/comments?post=32009"}],"wp:featuredmedia":[{"embeddable":true,"href":"https:\/\/purama.lt\/lv\/wp-json\/wp\/v2\/media\/32022"}],"wp:attachment":[{"href":"https:\/\/purama.lt\/lv\/wp-json\/wp\/v2\/media?parent=32009"}],"wp:term":[{"taxonomy":"product_brand","embeddable":true,"href":"https:\/\/purama.lt\/lv\/wp-json\/wp\/v2\/product_brand?post=32009"},{"taxonomy":"product_cat","embeddable":true,"href":"https:\/\/purama.lt\/lv\/wp-json\/wp\/v2\/product_cat?post=32009"},{"taxonomy":"product_tag","embeddable":true,"href":"https:\/\/purama.lt\/lv\/wp-json\/wp\/v2\/product_tag?post=32009"}],"curies":[{"name":"wp","href":"https:\/\/api.w.org\/{rel}","templated":true}]}}