{"id":32006,"date":"2025-01-24T11:36:34","date_gmt":"2025-01-24T11:36:34","guid":{"rendered":"https:\/\/purama.lt\/produktas\/hayejin-rice-fila-drekinamasis-kremas\/"},"modified":"2026-04-10T13:03:24","modified_gmt":"2026-04-10T11:03:24","slug":"hayejin-risu-fila-mitrinoss-krems","status":"publish","type":"product","link":"https:\/\/purama.lt\/lv\/produktas\/hayejin-rice-fila-drekinamasis-kremas\/","title":{"rendered":"HAYEJEJIN r\u012bsu fila mitrino\u0161s kr\u0113ms"},"content":{"rendered":"<p><strong>Sast\u0101vs:<\/strong> \u016bdens, r\u012bsu ekstrakts, glicer\u012bns, hialuronsk\u0101be, niacinam\u012bds, alvejas lapu sula, pantenols, kumel\u012b\u0161u ekstrakts, dab\u012bg\u0101s e\u013c\u013cas, augu ekstrakti.<\/p>","protected":false},"excerpt":{"rendered":"<p><strong>HAYEJEJIN r\u012bsu fila mitrino\u0161s kr\u0113ms<\/strong> - intens\u012bvi mitrina un baro ar r\u012bsu ekstraktu! Kr\u0113ms ir bag\u0101tin\u0101ts ar dab\u012bg\u0101m sast\u0101vda\u013c\u0101m, kas efekt\u012bvi atjauno \u0101das mitruma l\u012bdzsvaru, padarot to elast\u012bgu un gludu. R\u012bsu ekstrakts ne tikai mitrina, bet ar\u012b pal\u012bdz nomierin\u0101t \u0101du, pie\u0161\u0137irot tai vesel\u012bgu mirdzumu. Viegl\u0101, \u0101tri uzs\u016bco\u0161\u0101 tekst\u016bra ir ide\u0101li piem\u0113rota ikdienas kop\u0161anai, nodro\u0161inot \u0101das svaigumu un maigumu visas dienas garum\u0101.<\/p>","protected":false},"featured_media":32020,"comment_status":"open","ping_status":"closed","template":"","meta":{"_acf_changed":false},"product_brand":[427],"product_cat":[92,55,59],"product_tag":[],"class_list":{"0":"post-32006","1":"product","2":"type-product","3":"status-publish","4":"has-post-thumbnail","6":"product_brand-hayejin","7":"product_cat-groziui","8":"product_cat-veido-kremai","9":"product_cat-veidui","11":"first","12":"instock","13":"shipping-taxable","14":"purchasable","15":"product-type-simple"},"acf":[],"tiered_pricing_type":"fixed","tiered_pricing_fixed_rules":[],"tiered_pricing_product_settings":{"layout":"default","base_unit_name":{"singular":null,"plural":null},"default_variation":null},"tiered_pricing_minimum_quantity":null,"tiered_pricing_roles_data":[],"tiered_pricing_percentage_rules":[],"_links":{"self":[{"href":"https:\/\/purama.lt\/lv\/wp-json\/wp\/v2\/product\/32006","targetHints":{"allow":["GET"]}}],"collection":[{"href":"https:\/\/purama.lt\/lv\/wp-json\/wp\/v2\/product"}],"about":[{"href":"https:\/\/purama.lt\/lv\/wp-json\/wp\/v2\/types\/product"}],"replies":[{"embeddable":true,"href":"https:\/\/purama.lt\/lv\/wp-json\/wp\/v2\/comments?post=32006"}],"wp:featuredmedia":[{"embeddable":true,"href":"https:\/\/purama.lt\/lv\/wp-json\/wp\/v2\/media\/32020"}],"wp:attachment":[{"href":"https:\/\/purama.lt\/lv\/wp-json\/wp\/v2\/media?parent=32006"}],"wp:term":[{"taxonomy":"product_brand","embeddable":true,"href":"https:\/\/purama.lt\/lv\/wp-json\/wp\/v2\/product_brand?post=32006"},{"taxonomy":"product_cat","embeddable":true,"href":"https:\/\/purama.lt\/lv\/wp-json\/wp\/v2\/product_cat?post=32006"},{"taxonomy":"product_tag","embeddable":true,"href":"https:\/\/purama.lt\/lv\/wp-json\/wp\/v2\/product_tag?post=32006"}],"curies":[{"name":"wp","href":"https:\/\/api.w.org\/{rel}","templated":true}]}}