{"id":32004,"date":"2025-01-24T11:36:34","date_gmt":"2025-01-24T11:36:34","guid":{"rendered":"https:\/\/purama.lt\/produktas\/hayejin-cuddle-of-flowers-drekinamosios-lakstines-veido-kaukes\/"},"modified":"2026-04-10T13:03:24","modified_gmt":"2026-04-10T11:03:24","slug":"hayejin-ziedu-glastu-apskalosanas-sejas-maskas","status":"publish","type":"product","link":"https:\/\/purama.lt\/lv\/produktas\/hayejin-cuddle-of-flowers-drekinamosios-lakstines-veido-kaukes\/","title":{"rendered":"HAYEJIN Cuddle of Flowers Mitrino\u0161as lok\u0161\u0146u sejas maskas"},"content":{"rendered":"<p><strong>Sast\u0101vs:<\/strong> \u016bdens, ziedu ekstrakti (kumel\u012b\u0161u, ro\u017eu, jasm\u012bnu), hialuronsk\u0101be, glicer\u012bns, niacinam\u012bds, alvejas lapu sula, pantenols, dab\u012bgi mitrin\u0101t\u0101ji, antioksidanti.<\/p>","protected":false},"excerpt":{"rendered":"<p><strong>HAYEJIN Cuddle of Flowers Mitrino\u0161as lok\u0161\u0146u sejas maskas<\/strong> - intens\u012bva mitrin\u0101\u0161ana un maiga \u0101das kop\u0161ana ar ziedu ekstraktiem! \u0160\u012bs lok\u0161\u0146u maskas ir bag\u0101tin\u0101tas ar da\u017e\u0101diem ziedu ekstraktiem, kas intens\u012bvi mitrina \u0101du, pal\u012bdz atjaunot t\u0101s elast\u012bbu un pie\u0161\u0137ir tai dabisku mirdzumu. Loksnes m\u012bkst\u0101 un maig\u0101 tekst\u016bra lieliski piel\u0101gojas sejas kont\u016br\u0101m, nodro\u0161inot vienm\u0113r\u012bgu akt\u012bvo sast\u0101vda\u013cu sadal\u012bjumu. P\u0113c lieto\u0161anas \u0101da ir svaiga, mitrin\u0101ta un gluda, it k\u0101 tai pieskartos ziedlapi\u0146as.<\/p>","protected":false},"featured_media":32016,"comment_status":"open","ping_status":"closed","template":"","meta":{"_acf_changed":false},"product_brand":[427],"product_cat":[92,142,59],"product_tag":[],"class_list":{"0":"post-32004","1":"product","2":"type-product","3":"status-publish","4":"has-post-thumbnail","6":"product_brand-hayejin","7":"product_cat-groziui","8":"product_cat-veido-kaukes","9":"product_cat-veidui","11":"first","12":"outofstock","13":"shipping-taxable","14":"purchasable","15":"product-type-simple"},"acf":[],"tiered_pricing_type":"fixed","tiered_pricing_fixed_rules":[],"tiered_pricing_product_settings":{"layout":"default","base_unit_name":{"singular":null,"plural":null},"default_variation":null},"tiered_pricing_minimum_quantity":null,"tiered_pricing_roles_data":[],"tiered_pricing_percentage_rules":[],"_links":{"self":[{"href":"https:\/\/purama.lt\/lv\/wp-json\/wp\/v2\/product\/32004","targetHints":{"allow":["GET"]}}],"collection":[{"href":"https:\/\/purama.lt\/lv\/wp-json\/wp\/v2\/product"}],"about":[{"href":"https:\/\/purama.lt\/lv\/wp-json\/wp\/v2\/types\/product"}],"replies":[{"embeddable":true,"href":"https:\/\/purama.lt\/lv\/wp-json\/wp\/v2\/comments?post=32004"}],"wp:featuredmedia":[{"embeddable":true,"href":"https:\/\/purama.lt\/lv\/wp-json\/wp\/v2\/media\/32016"}],"wp:attachment":[{"href":"https:\/\/purama.lt\/lv\/wp-json\/wp\/v2\/media?parent=32004"}],"wp:term":[{"taxonomy":"product_brand","embeddable":true,"href":"https:\/\/purama.lt\/lv\/wp-json\/wp\/v2\/product_brand?post=32004"},{"taxonomy":"product_cat","embeddable":true,"href":"https:\/\/purama.lt\/lv\/wp-json\/wp\/v2\/product_cat?post=32004"},{"taxonomy":"product_tag","embeddable":true,"href":"https:\/\/purama.lt\/lv\/wp-json\/wp\/v2\/product_tag?post=32004"}],"curies":[{"name":"wp","href":"https:\/\/api.w.org\/{rel}","templated":true}]}}