{"id":32003,"date":"2025-01-24T11:36:34","date_gmt":"2025-01-24T11:36:34","guid":{"rendered":"https:\/\/purama.lt\/produktas\/hayejin-cuddle-of-tea-tree-raminamosios-lakstines-veido-kaukes\/"},"modified":"2026-04-10T13:03:24","modified_gmt":"2026-04-10T11:03:24","slug":"hayejin-cuddle-of-tea-tree-nomierinosas-sejas-maskas","status":"publish","type":"product","link":"https:\/\/purama.lt\/lv\/produktas\/hayejin-cuddle-of-tea-tree-raminamosios-lakstines-veido-kaukes\/","title":{"rendered":"HAYEJIN Cuddle of Tea Tree nomierino\u0161as lok\u0161\u0146u sejas maskas"},"content":{"rendered":"<p><strong>Sast\u0101vda\u013cas:<\/strong> \u016bdens, t\u0113jas koka ekstrakts, glicer\u012bns, hialuronsk\u0101be, niacinam\u012bds, pantenols, alvejas lapu sula, kumel\u012b\u0161u ekstrakts, dab\u012bgie mitrin\u0101t\u0101ji, augu ekstrakti.<\/p>","protected":false},"excerpt":{"rendered":"<p><strong>HAYEJIN Cuddle of Tea Tree nomierino\u0161as lok\u0161\u0146u sejas maskas<\/strong> - maigs l\u012bdzeklis iekaisu\u0161as \u0101das atvieglo\u0161anai! Ar t\u0113jas koka ekstraktu bag\u0101tin\u0101t\u0101s lok\u0161\u0146u maskas efekt\u012bvi nomierina, mitrina un pal\u012bdz atjaunot \u0101das dabisko l\u012bdzsvaru. T\u0113jas koka antibakteri\u0101l\u0101s \u012bpa\u0161\u012bbas mazina aps\u0101rtumu un kairin\u0101jumu, savuk\u0101rt viegla seruma tekst\u016bra sniedz svaiguma un komforta saj\u016btu. M\u012bkst\u0101 loksne lieliski piel\u0101gojas sejas kont\u016br\u0101m, nodro\u0161inot vienm\u0113r\u012bgu akt\u012bvo sast\u0101vda\u013cu izkliedi. P\u0113c lieto\u0161anas \u0101da paliek m\u012bksta, nomierin\u0101ta un vesel\u012bgi mirdzo\u0161a.<\/p>","protected":false},"featured_media":32018,"comment_status":"open","ping_status":"closed","template":"","meta":{"_acf_changed":false},"product_brand":[427],"product_cat":[92,142,59],"product_tag":[],"class_list":{"0":"post-32003","1":"product","2":"type-product","3":"status-publish","4":"has-post-thumbnail","6":"product_brand-hayejin","7":"product_cat-groziui","8":"product_cat-veido-kaukes","9":"product_cat-veidui","11":"first","12":"outofstock","13":"shipping-taxable","14":"purchasable","15":"product-type-simple"},"acf":[],"tiered_pricing_type":"fixed","tiered_pricing_fixed_rules":[],"tiered_pricing_product_settings":{"layout":"default","base_unit_name":{"singular":null,"plural":null},"default_variation":null},"tiered_pricing_minimum_quantity":null,"tiered_pricing_roles_data":[],"tiered_pricing_percentage_rules":[],"_links":{"self":[{"href":"https:\/\/purama.lt\/lv\/wp-json\/wp\/v2\/product\/32003","targetHints":{"allow":["GET"]}}],"collection":[{"href":"https:\/\/purama.lt\/lv\/wp-json\/wp\/v2\/product"}],"about":[{"href":"https:\/\/purama.lt\/lv\/wp-json\/wp\/v2\/types\/product"}],"replies":[{"embeddable":true,"href":"https:\/\/purama.lt\/lv\/wp-json\/wp\/v2\/comments?post=32003"}],"wp:featuredmedia":[{"embeddable":true,"href":"https:\/\/purama.lt\/lv\/wp-json\/wp\/v2\/media\/32018"}],"wp:attachment":[{"href":"https:\/\/purama.lt\/lv\/wp-json\/wp\/v2\/media?parent=32003"}],"wp:term":[{"taxonomy":"product_brand","embeddable":true,"href":"https:\/\/purama.lt\/lv\/wp-json\/wp\/v2\/product_brand?post=32003"},{"taxonomy":"product_cat","embeddable":true,"href":"https:\/\/purama.lt\/lv\/wp-json\/wp\/v2\/product_cat?post=32003"},{"taxonomy":"product_tag","embeddable":true,"href":"https:\/\/purama.lt\/lv\/wp-json\/wp\/v2\/product_tag?post=32003"}],"curies":[{"name":"wp","href":"https:\/\/api.w.org\/{rel}","templated":true}]}}