{"id":31860,"date":"2025-01-20T19:28:44","date_gmt":"2025-01-20T19:28:44","guid":{"rendered":"https:\/\/purama.lt\/produktas\/l-cell-urolitinas-a-350mg-kapsules-60-vnt\/"},"modified":"2026-04-07T12:30:48","modified_gmt":"2026-04-07T10:30:48","slug":"l-sunu-urolitins-a-350mg-kapsulas-60-gab","status":"publish","type":"product","link":"https:\/\/purama.lt\/lv\/produktas\/l-cell-urolitinas-a-350mg-kapsules-60-vnt\/","title":{"rendered":"L Cell Urolitin A (350 mg kapsulas, 60 gab.)"},"content":{"rendered":"<p><strong>Pat\u0113ri\u0146\u0161:<\/strong><br>2 kapsulas jebkur\u0101 diennakts laik\u0101, uzdzerot gl\u0101zi \u016bdens.<\/p>\n\n\n\n<hr class=\"wp-block-separator has-alpha-channel-opacity\"\/>\n\n\n\n<p><strong>Sast\u0101vda\u013cas:<\/strong>Urolit\u012bns A, kapsulas apvalks (hipromeluloze), cinka glikon\u0101ts, tiam\u012bna hidrohlor\u012bds, holekalciferols.<\/p>\n\n\n\n<hr class=\"wp-block-separator has-alpha-channel-opacity\"\/>\n\n\n\n<p><strong>Uzturv\u0113rt\u012bba<\/strong> (2 kapsulas):<\/p>\n\n\n\n<figure class=\"wp-block-table\"><table class=\"has-fixed-layout\"><thead><tr><th><strong>Uzturviela<\/strong><\/th><th><strong>Daudzums<\/strong><\/th><th><strong>% RMV<\/strong>*<\/th><\/tr><\/thead><tbody><tr><td>Urolit\u012bns A<\/td><td>700 mg<\/td><td><strong>-<\/strong><\/td><\/tr><tr><td>Cinks<\/td><td>1,5 mg<\/td><td>15%<\/td><\/tr><tr><td>Tiam\u012bns (B1 vitam\u012bns)<\/td><td>0,165 mg<\/td><td>15%<\/td><\/tr><tr><td>D vitam\u012bns (holekalciferols)<\/td><td>0,75 \u00b5g<\/td><td>15%<\/td><\/tr><\/tbody><\/table><\/figure>\n\n\n\n<p>*RMV - atsauces uzturv\u0113rt\u012bba<\/p>\n\n\n\n<p><a href=\"https:\/\/drive.google.com\/file\/d\/1RFVp9vWqWD-mv1psscwSspclxt5Fqigj\/view\" target=\"_blank\" rel=\"noreferrer noopener\">COA sertifik\u0101ts<\/a><\/p>\n\n\n\n<p>Vai mekl\u0113jat vair\u0101k? Apskatiet visu <a href=\"\/lv\/produktu-etiketes\/l-cell\/\">L Cell sortimentu<\/a>.<\/p>","protected":false},"excerpt":{"rendered":"<p data-start=\"154\" data-end=\"249\"><strong data-start=\"158\" data-end=\"249\">L Cell Urolitin A - uzlabots atbalsts ikdienas ener\u0123ijas, musku\u013cu un ilgm\u016b\u017e\u012bbas nodro\u0161in\u0101\u0161anai. <\/strong><strong data-start=\"251\" data-end=\"274\">L \u0161\u016bnu urolit\u012bns A\u00ae<\/strong> - ir \u012bpa\u0161i t\u012brs un sp\u0113c\u012bgs Urolit\u012bna A papildin\u0101jums tiem, kas v\u0113las akt\u012bvi atbalst\u012bt savu \u0161\u016bnu vesel\u012bbu, ener\u0123iju, musku\u013cu darb\u012bbu un kognit\u012bvo veiktsp\u0113ju. Katra kapsula satur 350 mg t\u012bra Urolit\u012bna A, kas izstr\u0101d\u0101ts farmaceitiskas kvalit\u0101tes laboratorij\u0101 maksim\u0101lai biopieejam\u012bbai un efektivit\u0101tei.<\/p>\n<p data-start=\"605\" data-end=\"633\"><strong data-start=\"609\" data-end=\"633\">K\u0101p\u0113c izv\u0113l\u0113ties:<br \/><\/strong>\u2714\ufe0f <strong data-start=\"638\" data-end=\"675\">Sp\u0113c\u012bga deva ikdienas atbalstam<\/strong> - l\u012bdz 700 mg Urolit\u012bna A dien\u0101.<br data-start=\"725\" data-end=\"728\" \/>\u2714\ufe0f <strong data-start=\"731\" data-end=\"774\">\u0160\u016bnu re\u0123ener\u0101cija un ilgm\u016b\u017e\u012bba<\/strong> - pal\u012bdz uztur\u0113t mitohondriju funkciju un autofagiju.<br data-start=\"840\" data-end=\"843\" \/>\u2714\ufe0f <strong data-start=\"846\" data-end=\"869\">Ener\u0123ijai un inteli\u0123encei<\/strong> - veicina norm\u0101lu ener\u0123ijas vielmai\u0146u un nervu sist\u0113mas darb\u012bbu.<br data-start=\"933\" data-end=\"936\" \/>\u2714\ufe0f <strong data-start=\"939\" data-end=\"965\">Musku\u013ciem un aktivit\u0101tei<\/strong> - veicina norm\u0101lu musku\u013cu darb\u012bbu<br data-start=\"1008\" data-end=\"1011\" \/>\u2714\ufe0f <strong data-start=\"1014\" data-end=\"1036\">Bez \u0122MO un alerg\u0113niem<\/strong> - t\u012bra formula bez liek\u0101m piedev\u0101m.<br data-start=\"1092\" data-end=\"1095\" \/>\u2714\ufe0f <strong data-start=\"1098\" data-end=\"1116\">Piem\u0113rots veg\u0101niem<\/strong> - HPMC kapsulas apvalks, kas nav dz\u012bvnieku izcelsmes.<br data-start=\"1167\" data-end=\"1170\" \/>\u2714\ufe0f <strong data-start=\"1173\" data-end=\"1206\">Laboratorij\u0101 p\u0101rbaud\u012bta kvalit\u0101te<\/strong> - periodiskas p\u0101rbaudes t\u012br\u012bbas, smago met\u0101lu un mikotoks\u012bnu noteik\u0161anai.<\/p>","protected":false},"featured_media":31865,"comment_status":"open","ping_status":"closed","template":"","meta":{"_acf_changed":false},"product_brand":[433],"product_cat":[122,57,251,279,280,248,123,281,249],"product_tag":[],"class_list":{"0":"post-31860","1":"product","2":"type-product","3":"status-publish","4":"has-post-thumbnail","6":"product_brand-l-cell","7":"product_cat-lasteliu-jaunystei","8":"product_cat-akcijos","9":"product_cat-antioksidantai","10":"product_cat-kaulams-ir-sanariams","11":"product_cat-kaulu-stiprinimas","12":"product_cat-nad-ir-mitochondrijos","13":"product_cat-papildai-ilgaamziskumui","14":"product_cat-raumenu-palaikymas","15":"product_cat-senolitikai","17":"first","18":"instock","19":"sale","20":"shipping-taxable","21":"purchasable","22":"product-type-simple"},"acf":[],"tiered_pricing_type":"fixed","tiered_pricing_fixed_rules":[],"tiered_pricing_product_settings":{"layout":"default","base_unit_name":{"singular":null,"plural":null},"default_variation":null},"tiered_pricing_minimum_quantity":null,"tiered_pricing_roles_data":[],"tiered_pricing_percentage_rules":[],"_links":{"self":[{"href":"https:\/\/purama.lt\/lv\/wp-json\/wp\/v2\/product\/31860","targetHints":{"allow":["GET"]}}],"collection":[{"href":"https:\/\/purama.lt\/lv\/wp-json\/wp\/v2\/product"}],"about":[{"href":"https:\/\/purama.lt\/lv\/wp-json\/wp\/v2\/types\/product"}],"replies":[{"embeddable":true,"href":"https:\/\/purama.lt\/lv\/wp-json\/wp\/v2\/comments?post=31860"}],"wp:featuredmedia":[{"embeddable":true,"href":"https:\/\/purama.lt\/lv\/wp-json\/wp\/v2\/media\/31865"}],"wp:attachment":[{"href":"https:\/\/purama.lt\/lv\/wp-json\/wp\/v2\/media?parent=31860"}],"wp:term":[{"taxonomy":"product_brand","embeddable":true,"href":"https:\/\/purama.lt\/lv\/wp-json\/wp\/v2\/product_brand?post=31860"},{"taxonomy":"product_cat","embeddable":true,"href":"https:\/\/purama.lt\/lv\/wp-json\/wp\/v2\/product_cat?post=31860"},{"taxonomy":"product_tag","embeddable":true,"href":"https:\/\/purama.lt\/lv\/wp-json\/wp\/v2\/product_tag?post=31860"}],"curies":[{"name":"wp","href":"https:\/\/api.w.org\/{rel}","templated":true}]}}