{"id":31859,"date":"2025-01-20T19:28:44","date_gmt":"2025-01-20T19:28:44","guid":{"rendered":"https:\/\/purama.lt\/produktas\/l-cell-trans-resveratrolis-milteliai-24g\/"},"modified":"2026-04-03T14:24:03","modified_gmt":"2026-04-03T12:24:03","slug":"l-sunu-trans-resveratrola-pulveris-24g","status":"publish","type":"product","link":"https:\/\/purama.lt\/lv\/produktas\/l-cell-trans-resveratrolis-milteliai-24g\/","title":{"rendered":"L Cell Trans Resveratrol (pulveris, 24g)"},"content":{"rendered":"<p><strong>Pat\u0113ri\u0146\u0161:<\/strong><br>2 kausi\u0146i pulvera (800 mg trans-resveratrola) no r\u012bta. Ieteicams sajaukt ar trekniem \u0113dieniem (piem\u0113ram, ol\u012bve\u013c\u013cu, jogurtu), lai palielin\u0101tu uzs\u016bk\u0161anos.<\/p>\n\n\n\n<hr class=\"wp-block-separator has-alpha-channel-opacity\"\/>\n\n\n\n<p><strong>Sast\u0101vda\u013cas:<\/strong>Jap\u0101nas rudzupu\u0137u ekstrakts (\u226598% trans-resveratrols), cinka glikon\u0101ts, tiam\u012bna hidrohlor\u012bds, holekalciferols.<\/p>\n\n\n\n<hr class=\"wp-block-separator has-alpha-channel-opacity\"\/>\n\n\n\n<p><strong>Uzturv\u0113rt\u012bba<\/strong> (2 kausi\u0146i):<\/p>\n\n\n\n<figure class=\"wp-block-table\"><table class=\"has-fixed-layout\"><thead><tr><th><strong>Uzturviela<\/strong><\/th><th><strong>Daudzums<\/strong><\/th><th><strong>% RMV<\/strong>*<\/th><\/tr><\/thead><tbody><tr><td>Jap\u0101nas Reinutrijas ekstrakts (98% trans-resveratrols)<\/td><td>800 mg<\/td><td><strong>-<\/strong><\/td><\/tr><tr><td>Cinks<\/td><td>1,5 mg<\/td><td>15%<\/td><\/tr><tr><td>Tiam\u012bns (B1 vitam\u012bns)<\/td><td>0,165 mg<\/td><td>15%<\/td><\/tr><tr><td>D3 vitam\u012bns<\/td><td>0,75 \u00b5g<\/td><td>15%<\/td><\/tr><\/tbody><\/table><\/figure>\n\n\n\n<p>*RMV - atsauces uzturv\u0113rt\u012bba<br>**RMV nav nor\u0101d\u012bts<\/p>\n\n\n\n<p><strong>Rokasgr\u0101mata ies\u0101c\u0113jiem:<\/strong> Racion\u0101lu s\u0101kumu un sarakstu ar 5 lab\u0101kajiem ilgm\u016b\u017e\u012bbas bag\u0101tin\u0101t\u0101jiem 2026. gadam lasiet \u0161eit: <a href=\"https:\/\/purama.lt\/lv\/ilgmuzibas-bagatinataji-iesacejiem-2026\/\">Top 5 ilgm\u016b\u017e\u012bbas bag\u0101tin\u0101t\u0101ji ies\u0101c\u0113jiem 2026. gad\u0101: ar ko s\u0101kt?<\/a><\/p>\n\n\n\n<p><a href=\"https:\/\/drive.google.com\/file\/d\/1jVWwSHJelxX165DdWy2uaN9lRuosche8\/view\" target=\"_blank\" rel=\"noreferrer noopener\">COA sertifik\u0101ts<\/a><\/p>\n\n\n\n<p>Vai mekl\u0113jat vair\u0101k? Apskatiet visu <a href=\"\/lv\/produktu-etiketes\/l-cell\/\">L Cell sortimentu<\/a>.<\/p>","protected":false},"excerpt":{"rendered":"<p data-start=\"185\" data-end=\"281\"><strong data-start=\"189\" data-end=\"281\">L Cell Trans Resveratrol - \u0161\u016bnu aizsardz\u012bba, loc\u012btavu komforts un vesel\u012bga noveco\u0161an\u0101s\u00a0<\/strong><strong data-start=\"283\" data-end=\"306\">L Cell Resveratrol\u00ae<\/strong> - ir t\u012brs, sp\u0113c\u012bgs trans-resveratrola pulvera papildin\u0101jums tiem, kas r\u016bp\u0113jas par sirds, loc\u012btavu un \u0161\u016bnu vesel\u012bbu. 800 mg augst\u0101k\u0101s kvalit\u0101tes trans-resveratrola vien\u0101 porcij\u0101 pal\u012bdz uztur\u0113t organisma iztur\u012bbu pret oksidat\u012bviem boj\u0101jumiem un iekaisuma procesiem.<\/p>\n<p data-start=\"601\" data-end=\"629\"><strong data-start=\"605\" data-end=\"629\">K\u0101p\u0113c izv\u0113l\u0113ties:<br \/><\/strong>\u2714\ufe0f <strong data-start=\"634\" data-end=\"689\">Sp\u0113c\u012bga dienas deva l\u012bdz 800 mg trans-resveratrola<\/strong><br data-start=\"689\" data-end=\"692\" \/>\u2714\ufe0f <strong data-start=\"695\" data-end=\"733\">Sirds, asinsrite un loc\u012btavas<\/strong> - veicina norm\u0101lu sirds darb\u012bbu un loc\u012btavu komfortu<br data-start=\"787\" data-end=\"790\" \/>\u2714\ufe0f <strong data-start=\"793\" data-end=\"817\">Aizsardz\u012bba pret iekaisumu<\/strong> - pal\u012bdz regul\u0113t iekaisuma un im\u016bn\u0101s reakcijas.<br data-start=\"868\" data-end=\"871\" \/>\u2714\ufe0f <strong data-start=\"874\" data-end=\"902\">Ilgm\u016b\u017e\u012bbas saglab\u0101\u0161ana<\/strong> - darbojas k\u0101 sensomorfisks un sp\u0113c\u012bgs antioksidants.<br data-start=\"956\" data-end=\"959\" \/>\u2714\ufe0f <strong data-start=\"962\" data-end=\"994\">Augst\u0101k\u0101 t\u012br\u012bba &gt;98%<\/strong><br data-start=\"994\" data-end=\"997\" \/>\u2714\ufe0f <strong data-start=\"1000\" data-end=\"1022\">Dabas avots<\/strong> - Jap\u0101nas Reinutrijas ekstrakts bez sint\u0113tiskiem piemais\u012bjumiem<br data-start=\"1079\" data-end=\"1082\" \/>\u2714\ufe0f <strong data-start=\"1085\" data-end=\"1106\">Veg\u0101nu formula<\/strong> - piem\u0113rots visiem dz\u012bvesveidiem<br data-start=\"1138\" data-end=\"1141\" \/>\u2714\ufe0f <strong data-start=\"1144\" data-end=\"1177\" data-is-only-node=\"\">Laboratorij\u0101 p\u0101rbaud\u012bta kvalit\u0101te<\/strong> - Regul\u0101ri tiek p\u0101rbaud\u012bta t\u012br\u012bba, smagie met\u0101li un mikotoks\u012bni.<br data-start=\"1244\" data-end=\"1247\" \/>\u2714\ufe0f <strong data-start=\"1250\" data-end=\"1285\">Bez \u0122MO, konservantiem un alerg\u0113niem<\/strong> - tikai tas, kas ir labs j\u016bsu \u0137ermenim.<\/p>","protected":false},"featured_media":31864,"comment_status":"open","ping_status":"closed","template":"","meta":{"_acf_changed":false},"product_brand":[433],"product_cat":[122,57,251,253,252,248,255,123,249,256,250,254],"product_tag":[],"class_list":{"0":"post-31859","1":"product","2":"type-product","3":"status-publish","4":"has-post-thumbnail","6":"product_brand-l-cell","7":"product_cat-lasteliu-jaunystei","8":"product_cat-akcijos","9":"product_cat-antioksidantai","10":"product_cat-imuniteto-palaikymas","11":"product_cat-imunitetui","12":"product_cat-nad-ir-mitochondrijos","13":"product_cat-oksidacinio-streso-mazinimas","14":"product_cat-papildai-ilgaamziskumui","15":"product_cat-senolitikai","16":"product_cat-smegenims-ir-atminciai","17":"product_cat-telomeru-ir-dnr-apsauga","18":"product_cat-uzdegimo-mazinimas","20":"first","21":"instock","22":"sale","23":"shipping-taxable","24":"purchasable","25":"product-type-simple"},"acf":[],"tiered_pricing_type":"fixed","tiered_pricing_fixed_rules":[],"tiered_pricing_product_settings":{"layout":"default","base_unit_name":{"singular":null,"plural":null},"default_variation":null},"tiered_pricing_minimum_quantity":null,"tiered_pricing_roles_data":[],"tiered_pricing_percentage_rules":[],"_links":{"self":[{"href":"https:\/\/purama.lt\/lv\/wp-json\/wp\/v2\/product\/31859","targetHints":{"allow":["GET"]}}],"collection":[{"href":"https:\/\/purama.lt\/lv\/wp-json\/wp\/v2\/product"}],"about":[{"href":"https:\/\/purama.lt\/lv\/wp-json\/wp\/v2\/types\/product"}],"replies":[{"embeddable":true,"href":"https:\/\/purama.lt\/lv\/wp-json\/wp\/v2\/comments?post=31859"}],"wp:featuredmedia":[{"embeddable":true,"href":"https:\/\/purama.lt\/lv\/wp-json\/wp\/v2\/media\/31864"}],"wp:attachment":[{"href":"https:\/\/purama.lt\/lv\/wp-json\/wp\/v2\/media?parent=31859"}],"wp:term":[{"taxonomy":"product_brand","embeddable":true,"href":"https:\/\/purama.lt\/lv\/wp-json\/wp\/v2\/product_brand?post=31859"},{"taxonomy":"product_cat","embeddable":true,"href":"https:\/\/purama.lt\/lv\/wp-json\/wp\/v2\/product_cat?post=31859"},{"taxonomy":"product_tag","embeddable":true,"href":"https:\/\/purama.lt\/lv\/wp-json\/wp\/v2\/product_tag?post=31859"}],"curies":[{"name":"wp","href":"https:\/\/api.w.org\/{rel}","templated":true}]}}